{"id":981,"date":"2019-03-13T09:44:58","date_gmt":"2019-03-13T09:44:58","guid":{"rendered":"http:\/\/wordpress.sdk.at\/index.php\/careers\/"},"modified":"2022-06-23T15:01:27","modified_gmt":"2022-06-23T13:01:27","slug":"careers-2","status":"publish","type":"page","link":"https:\/\/www.sdk.at\/index.php\/careers-2\/","title":{"rendered":"Karriere"},"content":{"rendered":"<section class=\"wpb-content-wrapper\"><p>[vc_row full_width=&#8220;stretch_row&#8220; content_placement=&#8220;middle&#8220;][vc_column width=&#8220;1\/2&#8243;][tm_spacer size=&#8220;lg:56&#8243;][tm_heading tag=&#8220;h1&#8243; custom_google_font=&#8220;&#8220;]Karriere bei <mark>SDK<\/mark>[\/tm_heading][tm_spacer size=&#8220;lg:24&#8243;][tm_heading tag=&#8220;p&#8220; custom_google_font=&#8220;&#8220; font_size=&#8220;lg:20&#8243; line_height=&#8220;1.67&#8243;]Als international t\u00e4tiges Unternehmen bietet SDK vielseitige Softwareprodukte und IT-Dienstleistungen im Bereich der Energieversorgung, bzw. der Ver- und Entsorgungsindustrie.<br \/>\nWerde ein Teil des Energiewandels und bewirb dich bei uns.[\/tm_heading][tm_spacer size=&#8220;lg:24&#8243;][tm_button size=&#8220;lg&#8220; button=&#8220;url:%23onlineapplication|title:Jetzt%20bewerben&#8220; rounded=&#8220;50px&#8220;][tm_spacer size=&#8220;lg:24&#8243;][\/vc_column][vc_column width=&#8220;1\/2&#8243;][tm_spacer size=&#8220;lg:56&#8243;][tm_image image=&#8220;4945&#8243;][tm_spacer size=&#8220;lg:24&#8243;][\/vc_column][\/vc_row][vc_row full_width=&#8220;stretch_row_content_no_spaces&#8220;][vc_column max_width=&#8220;100%&#8220;][vc_separator][\/vc_column][\/vc_row][vc_row][vc_column][tm_spacer size=&#8220;lg:56&#8243;][tm_heading custom_google_font=&#8220;&#8220; align=&#8220;center&#8220; font_size=&#8220;sm:28;md:34;lg:40&#8243; line_height=&#8220;1.4&#8243; max_width=&#8220;740px&#8220;]Arbeiten bei SDK[\/tm_heading][\/vc_column][vc_column width=&#8220;1\/2&#8243; content_position=&#8220;middle&#8220;][tm_spacer size=&#8220;lg:24&#8243;][tm_heading tag=&#8220;p&#8220; custom_google_font=&#8220;&#8220;]Wir sind in Teams organisiert, welche einzelne Schwerpunkte\/Module unserer Software entwickeln.<br \/>\nUnser B\u00fcrogeb\u00e4ude ist auf dem letzten Stand der Technik und wir haben gro\u00dfz\u00fcgige B\u00fcrofl\u00e4chen.<br \/>\nEine individuell vereinbarte Gleitzeit, HomeOffice, Bilanzgeld, etc. sind selbstverst\u00e4ndlich.<\/p>\n<p>Wir suchen Spezialisten f\u00fcr die Verantwortung und Leistung keine Fremdw\u00f6rter sind und die mit Freiheiten und einer offenen, kollegialen Zusammenarbeit umgehen k\u00f6nnen.<br \/>\nF\u00fcr uns z\u00e4hlt das aktuelle Wissen\/K\u00f6nnen und weniger, wie das Wissen erlangt wurde.<br \/>\nSelbstverst\u00e4ndlich sind auch Trainees bzw. Schulabg\u00e4nger herzlich willkommen, die bei uns mit einem 6-monatigen Traineeprogramm starten.<\/p>\n<p>Als Entwicklungsumgebung verwenden wir:<\/p>\n<ul>\n<li>MS DevOps Server zur Sourceverwaltung, Bearbeitung von WorkItems, Testing, etc.<\/li>\n<li>Visual Studio und C# als Umgebung f\u00fcr die Umsetzung von Masken, Webservices, Kernelfunktionen, etc.<\/li>\n<li>Oracle Datenbank als Basis f\u00fcr die Verwaltung der Daten. SQL und PLSQL sind ein wesentlicher Teil unserer Entwicklungsumgebung.<\/li>\n<li>List&amp;Label als Reporting-Engine<\/li>\n<li>PHP f\u00fcr die Entwicklung der Webportale<\/li>\n<li>Oracle APEX f\u00fcr die Entwicklung des Intranet und Ticketsystems<\/li>\n<li>Erweiterungen und Frameworks wie: Python, Javascript, Symfony, etc.<\/li>\n<\/ul>\n<p>[\/tm_heading][tm_spacer size=&#8220;lg:24&#8243;][\/vc_column][vc_column width=&#8220;1\/2&#8243;][tm_spacer size=&#8220;lg:57&#8243;][tm_image image=&#8220;4949&#8243;][tm_spacer size=&#8220;lg:24&#8243;][\/vc_column][\/vc_row][vc_row full_width=&#8220;stretch_row_content_no_spaces&#8220;][vc_column max_width=&#8220;100%&#8220;][vc_separator][\/vc_column][\/vc_row][vc_row full_width=&#8220;stretch_row&#8220;][vc_column][tm_spacer size=&#8220;lg:65&#8243;][tm_grid centered_items=&#8220;1&#8243; columns=&#8220;xs:1;sm:2;lg:3&#8243; column_gutter=&#8220;lg:30&#8243; row_gutter=&#8220;lg:30&#8243;][tm_box_icon align=&#8220;center&#8220; icon_type=&#8220;linea_svg&#8220; icon_linea_svg=&#8220;linea-arrows-circle-check&#8220; heading=&#8220;Flexibles Arbeitszeitmodell&#8220; text=&#8220;Pers\u00f6nlich vereinbartes Gleitzeitmodell gemischt mit HomeOffice geben dir viel Freiheit.&#8220;][tm_box_icon align=&#8220;center&#8220; icon_type=&#8220;linea_svg&#8220; icon_linea_svg=&#8220;linea-arrows-circle-check&#8220; heading=&#8220;Teamwork&#8220; text=&#8220;Wir sind ein Team und keine Einzelk\u00e4mpfer. Alle f\u00fcr Einen &#8211; Einer f\u00fcr alle.&#8220;][tm_box_icon align=&#8220;center&#8220; icon_type=&#8220;linea_svg&#8220; icon_linea_svg=&#8220;linea-arrows-circle-check&#8220; heading=&#8220;Energiewende&#8220; text=&#8220;Wir sind nicht alleine der Gamechanger &#8211; aber ein Teil davon. Werde auch du ein Teil davon.&#8220;][\/tm_grid][tm_spacer size=&#8220;lg:65&#8243;][\/vc_column][\/vc_row][vc_row full_width=&#8220;stretch_row_content_no_spaces&#8220;][vc_column max_width=&#8220;100%&#8220;][vc_separator][\/vc_column][\/vc_row][vc_row content_placement=&#8220;middle&#8220;][vc_column][tm_spacer size=&#8220;lg:24&#8243;][tm_heading custom_google_font=&#8220;&#8220; font_size=&#8220;sm:28;md:34;lg:40&#8243; line_height=&#8220;1.4&#8243; max_width=&#8220;740px&#8220;]Offene Stellen[\/tm_heading][tm_spacer size=&#8220;lg:24&#8243;][tm_spacer size=&#8220;lg:24&#8243;][\/vc_column][\/vc_row][vc_row full_width=&#8220;stretch_row_content_no_spaces&#8220;][vc_column width=&#8220;1\/6&#8243; max_width=&#8220;100%&#8220;][\/vc_column][vc_column width=&#8220;2\/3&#8243;][vc_column_text]<div class=\"aol-archive aol-wrapper\"><div class=\"aol-ad-outer-wrapper\"><div class=\"aol-ad-inner-wrapper aol_ad_5262\"><div class=\"panel panel-default open\"><div class=\"panel-heading\"><br>Support Mitarbeiter (m\/w\/d)<\/div><div class=\"panel-body\"><img loading=\"lazy\" decoding=\"async\" width=\"150\" height=\"150\" src=\"https:\/\/www.sdk.at\/wp-content\/uploads\/customerservice-150x150.jpg\" class=\"aol-thumbnail pull-md-left center-sm-block wp-post-image\" alt=\"&lt;br&gt;Support Mitarbeiter (m\/w\/d)\" title=\"&lt;br&gt;Support Mitarbeiter (m\/w\/d)\" srcset=\"https:\/\/www.sdk.at\/wp-content\/uploads\/customerservice-150x150.jpg 150w, https:\/\/www.sdk.at\/wp-content\/uploads\/customerservice-100x100.jpg 100w, https:\/\/www.sdk.at\/wp-content\/uploads\/customerservice-96x96.jpg 96w, https:\/\/www.sdk.at\/wp-content\/uploads\/customerservice-460x460.jpg 460w\" sizes=\"auto, (max-width: 150px) 100vw, 150px\" \/><p>Sie m\u00f6chten unsere Kunden bei der Energiewende unterst\u00fctzen und als Experte f\u00fcr unsere Softwarel\u00f6sung unseren Kunden entsprechenden Support bereitstellen? Dann werden Sie ein Mitglied unseres Support-Teams. Eine interessante und abwechslungsreiche Aufgabe in den Bereichen Ticketbearbeitung, Projektmanagement, Tests und Dokumentation wartet auf Sie.<\/p><div class=\"clearfix\"><\/div><a href=\"https:\/\/www.sdk.at\/index.php\/ads\/support-mitarbeiter-m-w-d\/\" ><button class=\"fusion-button button read-more btn btn-info\">Mehr Informationen<\/button><\/a><\/div><\/div><\/div><div class=\"aol-ad-inner-wrapper aol_ad_4661\"><div class=\"panel panel-default open\"><div class=\"panel-heading\"><br>Key-Accounter \/ Projektmanager (m\/w\/d)<\/div><div class=\"panel-body\"><img loading=\"lazy\" decoding=\"async\" width=\"150\" height=\"150\" src=\"https:\/\/www.sdk.at\/wp-content\/uploads\/keyaccounter-2-150x150.png\" class=\"aol-thumbnail pull-md-left center-sm-block wp-post-image\" alt=\"&lt;br&gt;Key-Accounter \/ Projektmanager (m\/w\/d)\" title=\"&lt;br&gt;Key-Accounter \/ Projektmanager (m\/w\/d)\" \/><p>Sie m\u00f6chten als Key-Accounter und Projektmanager unsere Produkte und Leistungen pr\u00e4sentieren? Dann koordinieren Sie bei uns Projekte und beraten unsere Kunden bei eine Vielzahl von energiewirtschaftlichen Themen und bei der Einf\u00fchrung und den Betrieb unserer L\u00f6sungen. Werden Sie ein Teil unseres Key-Accounter-Teams und gestalten Sie mit unseren Kunden gemeinsam die Energiewende mit.<\/p><div class=\"clearfix\"><\/div><a href=\"https:\/\/www.sdk.at\/index.php\/ads\/key-accounter-projektmanager\/\" ><button class=\"fusion-button button read-more btn btn-info\">Mehr Informationen<\/button><\/a><\/div><\/div><\/div><div class=\"aol-ad-inner-wrapper aol_ad_4659\"><div class=\"panel panel-default open\"><div class=\"panel-heading\"><br>Trainee Softwareentwicklung (m\/w\/d)<\/div><div class=\"panel-body\"><img loading=\"lazy\" decoding=\"async\" width=\"150\" height=\"150\" src=\"https:\/\/www.sdk.at\/wp-content\/uploads\/trainee-3-150x150.png\" class=\"aol-thumbnail pull-md-left center-sm-block wp-post-image\" alt=\"&lt;br&gt;Trainee Softwareentwicklung (m\/w\/d)\" title=\"&lt;br&gt;Trainee Softwareentwicklung (m\/w\/d)\" \/><p>Sie haben Ihre Ausbildung gerade abgeschlossen und wollen nun zum Experten\/Softwareentwickler werden? Dann sind Sie bei uns genau richtig. Egal ob HTL, WIFI, Umschulung, etc. - wir erweitern Ihr Wissen in einem 6-monatigen Trainee-Programm und machen Sie zum Softwareentwickler. Ein Mentor und eine Vielzahl von KollegInnen wird Sie bei Ihrer Weiterentwicklung betreuen und unterst\u00fctzen.<\/p><div class=\"clearfix\"><\/div><a href=\"https:\/\/www.sdk.at\/index.php\/ads\/trainee-softwareentwickler\/\" ><button class=\"fusion-button button read-more btn btn-info\">Mehr Informationen<\/button><\/a><\/div><\/div><\/div><div class=\"aol-ad-inner-wrapper aol_ad_4657\"><div class=\"panel panel-default open\"><div class=\"panel-heading\"><br>Software-Entwickler (m\/w\/d)<\/div><div class=\"panel-body\"><img loading=\"lazy\" decoding=\"async\" width=\"150\" height=\"150\" src=\"https:\/\/www.sdk.at\/wp-content\/uploads\/swentwickler-2-150x150.png\" class=\"aol-thumbnail pull-md-left center-sm-block wp-post-image\" alt=\"&lt;br&gt;Software-Entwickler (m\/w\/d)\" title=\"&lt;br&gt;Software-Entwickler (m\/w\/d)\" \/><p>Sie m\u00f6chten qualitativ hochwertige Software entwickeln, Terabytes an Datenmengen schnell verarbeiten und f\u00fcr zufriedene Endanwender sorgen? Als Oracle-Datenbankentwickler oder MS.net C# Entwickler bieten wir Ihnen die M\u00f6glichkeit an einer umfangreichen international eingesetzten L\u00f6sung mitzuarbeiten. Sie arbeiten im Team und verwenden DevOps Server f\u00fcr die Sourceverwaltung, Ticketsysteme f\u00fcr die Projektabwicklung, WIKIs f\u00fcr die Dokumentation, etc. um effizient Software f\u00fcr die Energiewende zu entwickeln. Dabei werden Sie von KollegInnen unterst\u00fctzt und erhalten auch von den Endanwendern direktes Feedback zu Ihren Leistungen.<\/p><div class=\"clearfix\"><\/div><a href=\"https:\/\/www.sdk.at\/index.php\/ads\/software-entwickler\/\" ><button class=\"fusion-button button read-more btn btn-info\">Mehr Informationen<\/button><\/a><\/div><\/div><\/div><\/div><\/div>[\/vc_column_text][\/vc_column][vc_column width=&#8220;1\/6&#8243;][\/vc_column][\/vc_row][vc_row full_width=&#8220;stretch_row&#8220; background_color=&#8220;custom&#8220; lg_spacing=&#8220;padding_top:64;padding_bottom:64&#8243; custom_background_color=&#8220;rgba(56,122,255,0.8)&#8220;][vc_column width=&#8220;1\/2&#8243; align=&#8220;center&#8220;][tm_heading style=&#8220;common&#8220; custom_google_font=&#8220;&#8220; align=&#8220;right&#8220; md_align=&#8220;center&#8220; sm_align=&#8220;center&#8220; xs_align=&#8220;center&#8220; text_color=&#8220;custom&#8220; custom_text_color=&#8220;#ffffff&#8220;]Initiativbewerbung[\/tm_heading][\/vc_column][vc_column width=&#8220;1\/2&#8243;][tm_button style=&#8220;solid&#8220; size=&#8220;lg&#8220; button=&#8220;url:%23onlineapplication|title:Jetzt%20bewerben&#8220; md_align=&#8220;center&#8220; sm_align=&#8220;center&#8220; xs_align=&#8220;center&#8220; color=&#8220;custom&#8220; font_color=&#8220;custom&#8220; button_border_color=&#8220;custom&#8220; button_bg_color_hover=&#8220;transparent&#8220; custom_border_color=&#8220;#ffffff&#8220; custom_font_color=&#8220;#ffffff&#8220; custom_button_border_color=&#8220;#ffffff&#8220; rounded=&#8220;50px&#8220;][\/vc_column][\/vc_row][vc_row content_placement=&#8220;middle&#8220;][vc_column width=&#8220;2\/4&#8243;][tm_spacer size=&#8220;lg:45&#8243;][tm_image image=&#8220;4952&#8243;][tm_spacer size=&#8220;lg:70&#8243;][\/vc_column][vc_column width=&#8220;2\/4&#8243;][tm_spacer size=&#8220;lg:45&#8243;][tm_heading custom_google_font=&#8220;&#8220; font_size=&#8220;sm:28;md:34;lg:40&#8243; line_height=&#8220;1.4&#8243;]Praktika und Ausbildung[\/tm_heading][tm_spacer size=&#8220;lg:40&#8243;][tm_heading tag=&#8220;p&#8220; custom_google_font=&#8220;&#8220;]Knowhow und kreative Ideen sind bei SDK immer willkommen!<br \/>\nF\u00fcr Sch\u00fclerInnen bieten wir Praktika; Studenten passender Fachrichtungen finden bei uns vielf\u00e4ltige Einsatzm\u00f6glichkeiten.[\/tm_heading][tm_spacer size=&#8220;lg:40&#8243;][tm_button style=&#8220;solid&#8220; size=&#8220;lg&#8220; button=&#8220;url:%23onlineapplication|title:Jetzt%20bewerben&#8220; rounded=&#8220;50px&#8220;][tm_spacer size=&#8220;xs:20;sm:25;md:25;lg:40&#8243;][\/vc_column][\/vc_row][vc_row full_width=&#8220;stretch_row_content_no_spaces&#8220;][vc_column max_width=&#8220;100%&#8220;][vc_separator][\/vc_column][\/vc_row][vc_row][vc_column el_id=&#8220;onlineapplication&#8220;][tm_heading tag=&#8220;p&#8220; custom_google_font=&#8220;&#8220; align=&#8220;center&#8220; font_size=&#8220;sm:28;md:34;lg:40&#8243; line_height=&#8220;1.4&#8243; max_width=&#8220;740px&#8220; id=&#8220;onlineapplication&#8220;]<\/p>\n<div id=\"onlineapplication\"><\/div>\n<p>[\/tm_heading][tm_spacer size=&#8220;lg:57&#8243;][tm_heading custom_google_font=&#8220;&#8220; align=&#8220;center&#8220; font_size=&#8220;sm:28;md:34;lg:40&#8243; line_height=&#8220;1.4&#8243; max_width=&#8220;740px&#8220; id=&#8220;onlineapplication&#8220;]Online bewerben[\/tm_heading][tm_spacer size=&#8220;lg:57&#8243;][tm_gradation items=&#8220;%5B%7B%22title%22%3A%22Pers%C3%B6nliche%20Daten%22%2C%22button%22%3A%22Button%22%7D%2C%7B%22title%22%3A%22Upload%20Bewerbung%22%2C%22button%22%3A%22Button%22%7D%2C%7B%22title%22%3A%22Absenden%22%2C%22button%22%3A%22Button%22%7D%5D&#8220; lg_spacing=&#8220;margin_left:150&#8243; md_spacing=&#8220;margin_left:50&#8243;][tm_spacer size=&#8220;lg:57&#8243;][tm_contact_form_7 id=&#8220;3022&#8243; style=&#8220;04&#8243;][tm_spacer size=&#8220;lg:60&#8243;][\/vc_column][\/vc_row]<\/p>\n<\/section>","protected":false},"excerpt":{"rendered":"<p>[vc_row full_width=&#8220;stretch_row&#8220; content_placement=&#8220;middle&#8220;][vc_column width=&#8220;1\/2&#8243;][tm_spacer size=&#8220;lg:56&#8243;][tm_heading tag=&#8220;h1&#8243; custom_google_font=&#8220;&#8220;]Karriere bei SDK[\/tm_heading][tm_spacer size=&#8220;lg:24&#8243;][tm_heading tag=&#8220;p&#8220; custom_google_font=&#8220;&#8220; font_size=&#8220;lg:20&#8243; line_height=&#8220;1.67&#8243;]Als international t\u00e4tiges Unternehmen bietet SDK vielseitige Softwareprodukte und IT-Dienstleistungen im Bereich der Energieversorgung, bzw. der Ver- und Entsorgungsindustrie. Werde ein Teil des Energiewandels und bewirb dich bei uns.[\/tm_heading][tm_spacer size=&#8220;lg:24&#8243;][tm_button size=&#8220;lg&#8220; button=&#8220;url:%23onlineapplication|title:Jetzt%20bewerben&#8220; rounded=&#8220;50px&#8220;][tm_spacer size=&#8220;lg:24&#8243;][\/vc_column][vc_column width=&#8220;1\/2&#8243;][tm_spacer size=&#8220;lg:56&#8243;][tm_image image=&#8220;4945&#8243;][tm_spacer size=&#8220;lg:24&#8243;][\/vc_column][\/vc_row][vc_row full_width=&#8220;stretch_row_content_no_spaces&#8220;][vc_column max_width=&#8220;100%&#8220;][vc_separator][\/vc_column][\/vc_row][vc_row][vc_column][tm_spacer size=&#8220;lg:56&#8243;][tm_heading custom_google_font=&#8220;&#8220; align=&#8220;center&#8220; font_size=&#8220;sm:28;md:34;lg:40&#8243; line_height=&#8220;1.4&#8243; max_width=&#8220;740px&#8220;]Arbeiten bei SDK[\/tm_heading][\/vc_column][vc_column width=&#8220;1\/2&#8243; content_position=&#8220;middle&#8220;][tm_spacer size=&#8220;lg:24&#8243;][tm_heading tag=&#8220;p&#8220; custom_google_font=&#8220;&#8220;]Wir sind in Teams organisiert, welche einzelne Schwerpunkte\/Module unserer Software entwickeln. Unser B\u00fcrogeb\u00e4ude ist auf dem letzten Stand der Technik und wir haben gro\u00dfz\u00fcgige B\u00fcrofl\u00e4chen. Eine individuell vereinbarte Gleitzeit, HomeOffice, Bilanzgeld, etc. sind selbstverst\u00e4ndlich. Wir suchen Spezialisten f\u00fcr die Verantwortung und Leistung keine Fremdw\u00f6rter sind und die mit Freiheiten und einer offenen, kollegialen Zusammenarbeit umgehen k\u00f6nnen. F\u00fcr uns z\u00e4hlt das aktuelle Wissen\/K\u00f6nnen und weniger, wie das Wissen erlangt wurde. Selbstverst\u00e4ndlich sind auch Trainees bzw. Schulabg\u00e4nger herzlich willkommen, die bei uns mit einem 6-monatigen Traineeprogramm starten. Als Entwicklungsumgebung verwenden wir: MS DevOps Server zur Sourceverwaltung, Bearbeitung von WorkItems, Testing, etc. Visual Studio und C# als Umgebung f\u00fcr die Umsetzung von Masken, Webservices, Kernelfunktionen, etc. Oracle Datenbank als Basis f\u00fcr die Verwaltung der Daten. SQL und PLSQL sind ein wesentlicher Teil unserer Entwicklungsumgebung. List&amp;Label als Reporting-Engine PHP f\u00fcr die Entwicklung der Webportale Oracle APEX f\u00fcr die Entwicklung des Intranet und Ticketsystems Erweiterungen und Frameworks wie: Python, Javascript, Symfony, etc. [\/tm_heading][tm_spacer size=&#8220;lg:24&#8243;][\/vc_column][vc_column width=&#8220;1\/2&#8243;][tm_spacer size=&#8220;lg:57&#8243;][tm_image image=&#8220;4949&#8243;][tm_spacer size=&#8220;lg:24&#8243;][\/vc_column][\/vc_row][vc_row full_width=&#8220;stretch_row_content_no_spaces&#8220;][vc_column max_width=&#8220;100%&#8220;][vc_separator][\/vc_column][\/vc_row][vc_row full_width=&#8220;stretch_row&#8220;][vc_column][tm_spacer size=&#8220;lg:65&#8243;][tm_grid centered_items=&#8220;1&#8243; columns=&#8220;xs:1;sm:2;lg:3&#8243; column_gutter=&#8220;lg:30&#8243; row_gutter=&#8220;lg:30&#8243;][tm_box_icon align=&#8220;center&#8220; icon_type=&#8220;linea_svg&#8220; icon_linea_svg=&#8220;linea-arrows-circle-check&#8220; heading=&#8220;Flexibles Arbeitszeitmodell&#8220; text=&#8220;Pers\u00f6nlich vereinbartes Gleitzeitmodell gemischt mit HomeOffice geben dir viel Freiheit.&#8220;][tm_box_icon align=&#8220;center&#8220; icon_type=&#8220;linea_svg&#8220; icon_linea_svg=&#8220;linea-arrows-circle-check&#8220; heading=&#8220;Teamwork&#8220; text=&#8220;Wir sind ein Team und keine Einzelk\u00e4mpfer. Alle f\u00fcr Einen &#8211; Einer f\u00fcr alle.&#8220;][tm_box_icon align=&#8220;center&#8220; icon_type=&#8220;linea_svg&#8220; icon_linea_svg=&#8220;linea-arrows-circle-check&#8220; heading=&#8220;Energiewende&#8220; text=&#8220;Wir sind nicht alleine der Gamechanger &#8211; aber ein Teil davon. Werde auch du ein Teil davon.&#8220;][\/tm_grid][tm_spacer size=&#8220;lg:65&#8243;][\/vc_column][\/vc_row][vc_row full_width=&#8220;stretch_row_content_no_spaces&#8220;][vc_column max_width=&#8220;100%&#8220;][vc_separator][\/vc_column][\/vc_row][vc_row content_placement=&#8220;middle&#8220;][vc_column][tm_spacer size=&#8220;lg:24&#8243;][tm_heading custom_google_font=&#8220;&#8220; font_size=&#8220;sm:28;md:34;lg:40&#8243; line_height=&#8220;1.4&#8243; max_width=&#8220;740px&#8220;]Offene Stellen[\/tm_heading][tm_spacer size=&#8220;lg:24&#8243;][tm_spacer size=&#8220;lg:24&#8243;][\/vc_column][\/vc_row][vc_row full_width=&#8220;stretch_row_content_no_spaces&#8220;][vc_column width=&#8220;1\/6&#8243; max_width=&#8220;100%&#8220;][\/vc_column][vc_column width=&#8220;2\/3&#8243;][vc_column_text][\/vc_column_text][\/vc_column][vc_column width=&#8220;1\/6&#8243;][\/vc_column][\/vc_row][vc_row full_width=&#8220;stretch_row&#8220; background_color=&#8220;custom&#8220; lg_spacing=&#8220;padding_top:64;padding_bottom:64&#8243; custom_background_color=&#8220;rgba(56,122,255,0.8)&#8220;][vc_column width=&#8220;1\/2&#8243; align=&#8220;center&#8220;][tm_heading style=&#8220;common&#8220; custom_google_font=&#8220;&#8220; align=&#8220;right&#8220; md_align=&#8220;center&#8220; sm_align=&#8220;center&#8220; xs_align=&#8220;center&#8220; text_color=&#8220;custom&#8220; custom_text_color=&#8220;#ffffff&#8220;]Initiativbewerbung[\/tm_heading][\/vc_column][vc_column width=&#8220;1\/2&#8243;][tm_button style=&#8220;solid&#8220; size=&#8220;lg&#8220; button=&#8220;url:%23onlineapplication|title:Jetzt%20bewerben&#8220; md_align=&#8220;center&#8220; sm_align=&#8220;center&#8220; xs_align=&#8220;center&#8220; color=&#8220;custom&#8220; font_color=&#8220;custom&#8220; button_border_color=&#8220;custom&#8220; button_bg_color_hover=&#8220;transparent&#8220; custom_border_color=&#8220;#ffffff&#8220; custom_font_color=&#8220;#ffffff&#8220; custom_button_border_color=&#8220;#ffffff&#8220; rounded=&#8220;50px&#8220;][\/vc_column][\/vc_row][vc_row content_placement=&#8220;middle&#8220;][vc_column width=&#8220;2\/4&#8243;][tm_spacer size=&#8220;lg:45&#8243;][tm_image image=&#8220;4952&#8243;][tm_spacer size=&#8220;lg:70&#8243;][\/vc_column][vc_column width=&#8220;2\/4&#8243;][tm_spacer size=&#8220;lg:45&#8243;][tm_heading custom_google_font=&#8220;&#8220; font_size=&#8220;sm:28;md:34;lg:40&#8243; line_height=&#8220;1.4&#8243;]Praktika und Ausbildung[\/tm_heading][tm_spacer size=&#8220;lg:40&#8243;][tm_heading tag=&#8220;p&#8220; custom_google_font=&#8220;&#8220;]Knowhow und kreative Ideen sind bei SDK immer willkommen! F\u00fcr Sch\u00fclerInnen bieten wir Praktika; Studenten passender Fachrichtungen finden bei uns vielf\u00e4ltige Einsatzm\u00f6glichkeiten.[\/tm_heading][tm_spacer size=&#8220;lg:40&#8243;][tm_button style=&#8220;solid&#8220; size=&#8220;lg&#8220; button=&#8220;url:%23onlineapplication|title:Jetzt%20bewerben&#8220; rounded=&#8220;50px&#8220;][tm_spacer size=&#8220;xs:20;sm:25;md:25;lg:40&#8243;][\/vc_column][\/vc_row][vc_row full_width=&#8220;stretch_row_content_no_spaces&#8220;][vc_column max_width=&#8220;100%&#8220;][vc_separator][\/vc_column][\/vc_row][vc_row][vc_column el_id=&#8220;onlineapplication&#8220;][tm_heading tag=&#8220;p&#8220; custom_google_font=&#8220;&#8220; align=&#8220;center&#8220; font_size=&#8220;sm:28;md:34;lg:40&#8243; line_height=&#8220;1.4&#8243; max_width=&#8220;740px&#8220; id=&#8220;onlineapplication&#8220;] [\/tm_heading][tm_spacer size=&#8220;lg:57&#8243;][tm_heading custom_google_font=&#8220;&#8220; align=&#8220;center&#8220; font_size=&#8220;sm:28;md:34;lg:40&#8243; line_height=&#8220;1.4&#8243; max_width=&#8220;740px&#8220; id=&#8220;onlineapplication&#8220;]Online bewerben[\/tm_heading][tm_spacer size=&#8220;lg:57&#8243;][tm_gradation items=&#8220;%5B%7B%22title%22%3A%22Pers%C3%B6nliche%20Daten%22%2C%22button%22%3A%22Button%22%7D%2C%7B%22title%22%3A%22Upload%20Bewerbung%22%2C%22button%22%3A%22Button%22%7D%2C%7B%22title%22%3A%22Absenden%22%2C%22button%22%3A%22Button%22%7D%5D&#8220; lg_spacing=&#8220;margin_left:150&#8243; md_spacing=&#8220;margin_left:50&#8243;][tm_spacer size=&#8220;lg:57&#8243;][tm_contact_form_7 id=&#8220;3022&#8243; style=&#8220;04&#8243;][tm_spacer size=&#8220;lg:60&#8243;][\/vc_column][\/vc_row]<\/p>\n","protected":false},"author":1,"featured_media":0,"parent":0,"menu_order":0,"comment_status":"closed","ping_status":"closed","template":"templates\/blank.php","meta":{"_eb_attr":"","footnotes":""},"class_list":["post-981","page","type-page","status-publish","hentry","post-no-thumbnail"],"_links":{"self":[{"href":"https:\/\/www.sdk.at\/index.php\/wp-json\/wp\/v2\/pages\/981","targetHints":{"allow":["GET"]}}],"collection":[{"href":"https:\/\/www.sdk.at\/index.php\/wp-json\/wp\/v2\/pages"}],"about":[{"href":"https:\/\/www.sdk.at\/index.php\/wp-json\/wp\/v2\/types\/page"}],"author":[{"embeddable":true,"href":"https:\/\/www.sdk.at\/index.php\/wp-json\/wp\/v2\/users\/1"}],"replies":[{"embeddable":true,"href":"https:\/\/www.sdk.at\/index.php\/wp-json\/wp\/v2\/comments?post=981"}],"version-history":[{"count":52,"href":"https:\/\/www.sdk.at\/index.php\/wp-json\/wp\/v2\/pages\/981\/revisions"}],"predecessor-version":[{"id":5006,"href":"https:\/\/www.sdk.at\/index.php\/wp-json\/wp\/v2\/pages\/981\/revisions\/5006"}],"wp:attachment":[{"href":"https:\/\/www.sdk.at\/index.php\/wp-json\/wp\/v2\/media?parent=981"}],"curies":[{"name":"wp","href":"https:\/\/api.w.org\/{rel}","templated":true}]}}