{"id":4343,"date":"2021-11-13T14:41:40","date_gmt":"2021-11-13T13:41:40","guid":{"rendered":"http:\/\/wordpress.sdk.at\/?page_id=4343"},"modified":"2022-06-23T17:54:32","modified_gmt":"2022-06-23T15:54:32","slug":"about-us","status":"publish","type":"page","link":"https:\/\/www.sdk.at\/index.php\/about-us\/","title":{"rendered":"\u00dcber uns &#8211; die SDK GmbH"},"content":{"rendered":"<section class=\"wpb-content-wrapper\"><p>[vc_row full_width=&#8220;stretch_row&#8220; content_placement=&#8220;middle&#8220;][vc_column width=&#8220;1\/2&#8243;][tm_heading tag=&#8220;h1&#8243; custom_google_font=&#8220;&#8220;]Was wir tun[\/tm_heading][tm_spacer size=&#8220;lg:24&#8243;][tm_heading tag=&#8220;p&#8220; custom_google_font=&#8220;&#8220; font_size=&#8220;lg:20&#8243; line_height=&#8220;1.67&#8243;]Als international t\u00e4tiges Unternehmen bietet SDK vielseitige Softwareprodukte und IT-Dienstleistungen f\u00fcr Unternehmen in der Energiewirtschaft.<br \/>\nZu unseren Kunden z\u00e4hlen Netzbetreiber, Energielieferanten, Energieh\u00e4ndler, Energiegemeinschaften und die Abfallwirtschaft.<br \/>\nEgal ob Strom, Gas, Wasser, Abwasser, W\u00e4rme, M\u00fcll, Telekom, Internet, Smart-Cities bzw. Smarte-Anwendungen, Dienstleistungen, et cetera &#8211; die Verwaltung der Kunden, die Abrechnung, das Energiedatenmanagement, die Nebenbuchhaltung, der Zahlungsverkehr, die Webportale, die Marktkommunikation und vieles mehr wird mit unserer Software durchgef\u00fchrt.[\/tm_heading][tm_spacer size=&#8220;lg:24&#8243;][\/vc_column][vc_column width=&#8220;1\/2&#8243;][tm_spacer size=&#8220;lg:56&#8243;][tm_image image=&#8220;4945&#8243;][tm_spacer size=&#8220;lg:100&#8243;][\/vc_column][\/vc_row][vc_row full_width=&#8220;stretch_row_content_no_spaces&#8220;][vc_column max_width=&#8220;100%&#8220;][vc_separator][\/vc_column][\/vc_row][vc_row][vc_column content_position=&#8220;middle&#8220;][tm_spacer size=&#8220;lg:56&#8243;][tm_heading tag=&#8220;h1&#8243; custom_google_font=&#8220;&#8220; font_size=&#8220;xs:24;sm:36;md:48;lg:48&#8243;]Unsere Erfolgsfaktoren[\/tm_heading][tm_spacer size=&#8220;lg:24&#8243;][tm_heading tag=&#8220;h4&#8243; custom_google_font=&#8220;&#8220;]Zuverl\u00e4ssigkeit, Effizienz, Flexibilit\u00e4t, Qualit\u00e4t, Knowhow[\/tm_heading][tm_heading tag=&#8220;p&#8220; custom_google_font=&#8220;&#8220; line_height=&#8220;1,67&#8243; font_size=&#8220;lg:20&#8243;]Flexibilit\u00e4t und die F\u00e4higkeit zum konsequenten Wandel bzw. Weiterentwicklung sind die entscheidenden Faktoren f\u00fcr den Erfolg eines jeden Unternehmens.<br \/>\nDaher verwenden erfolgreiche Unternehmen voll integrierte und ma\u00dfgeschneiderte Informationstechnologie.<br \/>\nDurch die Liberalisierung am Energiemarkt sind neue Anforderungen an Softwareprodukten und Funktionalit\u00e4ten entstanden.<br \/>\nDie Bew\u00e4ltigung der damit in Zusammenhang stehenden Aufgaben f\u00fcr gro\u00dfe und kleine EVU (Energieversorgungsunternehmen) erfordert von IT-Systemen ein H\u00f6chstma\u00df an Zuverl\u00e4ssigkeit, Effizienz und Flexibilit\u00e4t.<br \/>\nMit den Produkten von SDK stehen Ihnen Systeme mit modernster Technologie zur Verf\u00fcgung, welche die Anforderungen des Zielmarktes optimal abdecken, Ihnen ein bequemes und effektives<br \/>\nArbeiten erm\u00f6glichen und Sie in allen energiewirtschaftlichen Prozessen unterst\u00fctzt.<br \/>\nEffiziente und zuverl\u00e4ssige Entwicklungen von zielgerichteten L\u00f6sungen mit hoher Qualit\u00e4t aufgrund jahrelangem Knowhow praktizieren wir seit 1993.<br \/>\nDabei achten wir darauf laufend aktuelle Technologien und Methoden zu verwenden.<br \/>\nDaraus ergeben sich mindestens zwei Softwarereleases pro Jahr. Unsere Erfahrung zeigt, dass eine umfassende Erneuerung bzw. Neuentwicklung aller Module im Abstand von 3 bis 5 Jahren erforderlich ist. Durch das konsequente Verfolgen dieses Prinzips schlie\u00dfen wir veraltete Software aus.[\/tm_heading][tm_spacer size=&#8220;lg:24&#8243;][\/vc_column][\/vc_row][vc_row full_width=&#8220;stretch_row_content_no_spaces&#8220;][vc_column max_width=&#8220;100%&#8220;][vc_separator][\/vc_column][\/vc_row][vc_row full_width=&#8220;stretch_row&#8220;][vc_column][tm_spacer size=&#8220;lg:65&#8243;][tm_grid centered_items=&#8220;1&#8243; columns=&#8220;xs:1;sm:2;lg:3&#8243; column_gutter=&#8220;lg:30&#8243; row_gutter=&#8220;lg:30&#8243;][tm_box_icon align=&#8220;center&#8220; icon_type=&#8220;linea_svg&#8220; icon_linea_svg=&#8220;linea-arrows-circle-check&#8220; heading=&#8220;Flexibles Arbeitszeitmodell&#8220; text=&#8220;Pers\u00f6nlich vereinbartes Gleitzeitmodell gemischt mit HomeOffice geben dir viel Freiheit.&#8220;][tm_box_icon align=&#8220;center&#8220; icon_type=&#8220;linea_svg&#8220; icon_linea_svg=&#8220;linea-arrows-circle-check&#8220; heading=&#8220;Teamwork&#8220; text=&#8220;Wir sind ein Team und keine Einzelk\u00e4mpfer. Alle f\u00fcr Einen &#8211; Einer f\u00fcr alle.&#8220;][tm_box_icon align=&#8220;center&#8220; icon_type=&#8220;linea_svg&#8220; icon_linea_svg=&#8220;linea-arrows-circle-check&#8220; heading=&#8220;Energiewende&#8220; text=&#8220;Wir sind nicht alleine der Gamechanger &#8211; aber ein Teil davon. Werde auch du ein Teil davon.&#8220;][\/tm_grid][tm_spacer size=&#8220;lg:24&#8243;][\/vc_column][\/vc_row][vc_row full_width=&#8220;stretch_row_content_no_spaces&#8220;][vc_column max_width=&#8220;100%&#8220;][vc_separator][\/vc_column][\/vc_row][vc_row][vc_column][tm_spacer size=&#8220;lg:24&#8243;][tm_heading custom_google_font=&#8220;&#8220; align=&#8220;center&#8220; font_size=&#8220;sm:28;md:34;lg:40&#8243; line_height=&#8220;1.4&#8243;]Wir, wenn wir nicht arbeiten &#8230;[\/tm_heading][tm_spacer size=&#8220;lg:24&#8243;][tm_gallery style=&#8220;metro-03&#8243; images=&#8220;4360,4362,4364,4366,4368,4370,4372&#8243;][tm_spacer size=&#8220;sm:100;lg:24&#8243;][\/vc_column][\/vc_row][vc_row full_width=&#8220;stretch_row_content_no_spaces&#8220;][vc_column max_width=&#8220;100%&#8220;][vc_separator][\/vc_column][\/vc_row]<\/p>\n<\/section>","protected":false},"excerpt":{"rendered":"<p>[vc_row full_width=&#8220;stretch_row&#8220; content_placement=&#8220;middle&#8220;][vc_column width=&#8220;1\/2&#8243;][tm_heading tag=&#8220;h1&#8243; custom_google_font=&#8220;&#8220;]Was wir tun[\/tm_heading][tm_spacer size=&#8220;lg:24&#8243;][tm_heading tag=&#8220;p&#8220; custom_google_font=&#8220;&#8220; font_size=&#8220;lg:20&#8243; line_height=&#8220;1.67&#8243;]Als international t\u00e4tiges Unternehmen bietet SDK vielseitige Softwareprodukte und IT-Dienstleistungen f\u00fcr Unternehmen in der Energiewirtschaft. Zu unseren Kunden z\u00e4hlen Netzbetreiber, Energielieferanten, Energieh\u00e4ndler, Energiegemeinschaften und die Abfallwirtschaft. Egal ob Strom, Gas, Wasser, Abwasser, W\u00e4rme, M\u00fcll, Telekom, Internet, Smart-Cities bzw. Smarte-Anwendungen, Dienstleistungen, et cetera &#8211; die Verwaltung der Kunden, die Abrechnung, das Energiedatenmanagement, die Nebenbuchhaltung, der Zahlungsverkehr, die Webportale, die Marktkommunikation und vieles mehr wird mit unserer Software durchgef\u00fchrt.[\/tm_heading][tm_spacer size=&#8220;lg:24&#8243;][\/vc_column][vc_column width=&#8220;1\/2&#8243;][tm_spacer size=&#8220;lg:56&#8243;][tm_image image=&#8220;4945&#8243;][tm_spacer size=&#8220;lg:100&#8243;][\/vc_column][\/vc_row][vc_row full_width=&#8220;stretch_row_content_no_spaces&#8220;][vc_column max_width=&#8220;100%&#8220;][vc_separator][\/vc_column][\/vc_row][vc_row][vc_column content_position=&#8220;middle&#8220;][tm_spacer size=&#8220;lg:56&#8243;][tm_heading tag=&#8220;h1&#8243; custom_google_font=&#8220;&#8220; font_size=&#8220;xs:24;sm:36;md:48;lg:48&#8243;]Unsere Erfolgsfaktoren[\/tm_heading][tm_spacer size=&#8220;lg:24&#8243;][tm_heading tag=&#8220;h4&#8243; custom_google_font=&#8220;&#8220;]Zuverl\u00e4ssigkeit, Effizienz, Flexibilit\u00e4t, Qualit\u00e4t, Knowhow[\/tm_heading][tm_heading tag=&#8220;p&#8220; custom_google_font=&#8220;&#8220; line_height=&#8220;1,67&#8243; font_size=&#8220;lg:20&#8243;]Flexibilit\u00e4t und die F\u00e4higkeit zum konsequenten Wandel bzw. Weiterentwicklung sind die entscheidenden Faktoren f\u00fcr den Erfolg eines jeden Unternehmens. Daher verwenden erfolgreiche Unternehmen voll integrierte und ma\u00dfgeschneiderte Informationstechnologie. Durch die Liberalisierung am Energiemarkt sind neue Anforderungen an Softwareprodukten und Funktionalit\u00e4ten entstanden. Die Bew\u00e4ltigung der damit in Zusammenhang stehenden Aufgaben f\u00fcr gro\u00dfe und kleine EVU (Energieversorgungsunternehmen) erfordert von IT-Systemen ein H\u00f6chstma\u00df an Zuverl\u00e4ssigkeit, Effizienz und Flexibilit\u00e4t. Mit den Produkten von SDK stehen Ihnen Systeme mit modernster Technologie zur Verf\u00fcgung, welche die Anforderungen des Zielmarktes optimal abdecken, Ihnen ein bequemes und effektives Arbeiten erm\u00f6glichen und Sie in allen energiewirtschaftlichen Prozessen unterst\u00fctzt. Effiziente und zuverl\u00e4ssige Entwicklungen von zielgerichteten L\u00f6sungen mit hoher Qualit\u00e4t aufgrund jahrelangem Knowhow praktizieren wir seit 1993. Dabei achten wir darauf laufend aktuelle Technologien und Methoden zu verwenden. Daraus ergeben sich mindestens zwei Softwarereleases pro Jahr. Unsere Erfahrung zeigt, dass eine umfassende Erneuerung bzw. Neuentwicklung aller Module im Abstand von 3 bis 5 Jahren erforderlich ist. Durch das konsequente Verfolgen dieses Prinzips schlie\u00dfen wir veraltete Software aus.[\/tm_heading][tm_spacer size=&#8220;lg:24&#8243;][\/vc_column][\/vc_row][vc_row full_width=&#8220;stretch_row_content_no_spaces&#8220;][vc_column max_width=&#8220;100%&#8220;][vc_separator][\/vc_column][\/vc_row][vc_row full_width=&#8220;stretch_row&#8220;][vc_column][tm_spacer size=&#8220;lg:65&#8243;][tm_grid centered_items=&#8220;1&#8243; columns=&#8220;xs:1;sm:2;lg:3&#8243; column_gutter=&#8220;lg:30&#8243; row_gutter=&#8220;lg:30&#8243;][tm_box_icon align=&#8220;center&#8220; icon_type=&#8220;linea_svg&#8220; icon_linea_svg=&#8220;linea-arrows-circle-check&#8220; heading=&#8220;Flexibles Arbeitszeitmodell&#8220; text=&#8220;Pers\u00f6nlich vereinbartes Gleitzeitmodell gemischt mit HomeOffice geben dir viel Freiheit.&#8220;][tm_box_icon align=&#8220;center&#8220; icon_type=&#8220;linea_svg&#8220; icon_linea_svg=&#8220;linea-arrows-circle-check&#8220; heading=&#8220;Teamwork&#8220; text=&#8220;Wir sind ein Team und keine Einzelk\u00e4mpfer. Alle f\u00fcr Einen &#8211; Einer f\u00fcr alle.&#8220;][tm_box_icon align=&#8220;center&#8220; icon_type=&#8220;linea_svg&#8220; icon_linea_svg=&#8220;linea-arrows-circle-check&#8220; heading=&#8220;Energiewende&#8220; text=&#8220;Wir sind nicht alleine der Gamechanger &#8211; aber ein Teil davon. Werde auch du ein Teil davon.&#8220;][\/tm_grid][tm_spacer size=&#8220;lg:24&#8243;][\/vc_column][\/vc_row][vc_row full_width=&#8220;stretch_row_content_no_spaces&#8220;][vc_column max_width=&#8220;100%&#8220;][vc_separator][\/vc_column][\/vc_row][vc_row][vc_column][tm_spacer size=&#8220;lg:24&#8243;][tm_heading custom_google_font=&#8220;&#8220; align=&#8220;center&#8220; font_size=&#8220;sm:28;md:34;lg:40&#8243; line_height=&#8220;1.4&#8243;]Wir, wenn wir nicht arbeiten &#8230;[\/tm_heading][tm_spacer size=&#8220;lg:24&#8243;][tm_gallery style=&#8220;metro-03&#8243; images=&#8220;4360,4362,4364,4366,4368,4370,4372&#8243;][tm_spacer size=&#8220;sm:100;lg:24&#8243;][\/vc_column][\/vc_row][vc_row full_width=&#8220;stretch_row_content_no_spaces&#8220;][vc_column max_width=&#8220;100%&#8220;][vc_separator][\/vc_column][\/vc_row]<\/p>\n","protected":false},"author":1,"featured_media":0,"parent":0,"menu_order":0,"comment_status":"closed","ping_status":"closed","template":"","meta":{"_eb_attr":"","footnotes":""},"class_list":["post-4343","page","type-page","status-publish","hentry","post-no-thumbnail"],"_links":{"self":[{"href":"https:\/\/www.sdk.at\/index.php\/wp-json\/wp\/v2\/pages\/4343","targetHints":{"allow":["GET"]}}],"collection":[{"href":"https:\/\/www.sdk.at\/index.php\/wp-json\/wp\/v2\/pages"}],"about":[{"href":"https:\/\/www.sdk.at\/index.php\/wp-json\/wp\/v2\/types\/page"}],"author":[{"embeddable":true,"href":"https:\/\/www.sdk.at\/index.php\/wp-json\/wp\/v2\/users\/1"}],"replies":[{"embeddable":true,"href":"https:\/\/www.sdk.at\/index.php\/wp-json\/wp\/v2\/comments?post=4343"}],"version-history":[{"count":24,"href":"https:\/\/www.sdk.at\/index.php\/wp-json\/wp\/v2\/pages\/4343\/revisions"}],"predecessor-version":[{"id":5157,"href":"https:\/\/www.sdk.at\/index.php\/wp-json\/wp\/v2\/pages\/4343\/revisions\/5157"}],"wp:attachment":[{"href":"https:\/\/www.sdk.at\/index.php\/wp-json\/wp\/v2\/media?parent=4343"}],"curies":[{"name":"wp","href":"https:\/\/api.w.org\/{rel}","templated":true}]}}