{"id":3735,"date":"2021-07-13T10:42:56","date_gmt":"2021-07-13T08:42:56","guid":{"rendered":"http:\/\/wordpress.sdk.at\/?page_id=3735"},"modified":"2022-06-22T20:58:55","modified_gmt":"2022-06-22T18:58:55","slug":"sdk-apps-2","status":"publish","type":"page","link":"https:\/\/www.sdk.at\/index.php\/sdk-apps-2\/","title":{"rendered":"SDK Apps"},"content":{"rendered":"<section class=\"wpb-content-wrapper\"><p>[vc_row full_width=&#8220;stretch_row_content_no_spaces&#8220; content_placement=&#8220;middle&#8220;][vc_column width=&#8220;1\/2&#8243;][tm_spacer size=&#8220;lg:24&#8243;][tm_image align=&#8220;center&#8220; image=&#8220;3549&#8243; lg_spacing=&#8220;padding_right:100;padding_left:100&#8243;][tm_spacer size=&#8220;lg:24&#8243;][\/vc_column][vc_column width=&#8220;1\/2&#8243; content_position=&#8220;middle&#8220; align=&#8220;center&#8220;][tm_heading tag=&#8220;h1&#8243; custom_google_font=&#8220;&#8220; align=&#8220;center&#8220; font_size=&#8220;xs:30;sm:30&#8243;]SDK.Apps[\/tm_heading][tm_spacer size=&#8220;lg:24&#8243;][tm_heading tag=&#8220;p&#8220; custom_google_font=&#8220;&#8220; align=&#8220;center&#8220; font_size=&#8220;lg:16&#8243; line_height=&#8220;1.67&#8243;]Als international t\u00e4tiges Unternehmen bietet SDK vielseitige Softwareprodukte und IT-Dienstleistungen im Bereich der Energieversorgung, bzw. der Ver- und Entsorgungsindustrie. Unsere gro\u00dfe St\u00e4rke ist die kundenspezifische Individualisierung sowohl unserer Softwareentwicklung, als auch unserer Beratungsservices.[\/tm_heading][tm_spacer size=&#8220;lg:24&#8243;][\/vc_column][\/vc_row][vc_row full_width=&#8220;stretch_row_content_no_spaces&#8220;][vc_column max_width=&#8220;100%&#8220;][vc_separator][\/vc_column][\/vc_row][vc_row full_width=&#8220;stretch_row&#8220; lg_spacing=&#8220;padding_top:43;padding_bottom:43&#8243;][vc_column width=&#8220;1\/2&#8243;][tm_spacer size=&#8220;lg:70&#8243;][tm_heading tag=&#8220;h4&#8243; custom_google_font=&#8220;&#8220; font_size=&#8220;xs:22;sm:22;md:22;lg:26&#8243; line_height=&#8220;1.4&#8243;]<mark>Marktkommunikation<\/mark>[\/tm_heading][tm_spacer size=&#8220;sm:30;lg:25&#8243;][tm_heading tag=&#8220;p&#8220; custom_google_font=&#8220;&#8220; font_size=&#8220;lg:16&#8243; line_height=&#8220;1.67&#8243;]Die SDK.ProviderSuite bietet eine automatisierte, auf den Energiemarktdienstleister zugeschnittene L\u00f6sung zur Abwicklung der Marktkommunikation.<br \/>\n<a href=\"https:\/\/www.sdk.at\/index.php\/sdk-apps-2\/market-communication\/\"><mark>Mehr erfahren&#8230;<\/mark><\/a>[\/tm_heading][tm_spacer size=&#8220;sm:30;lg:25&#8243;][\/vc_column][vc_column width=&#8220;1\/2&#8243;][tm_spacer size=&#8220;lg:70&#8243;][tm_image image_size=&#8220;custom&#8220; align=&#8220;center&#8220; image=&#8220;4937&#8243; image_size_width=&#8220;400&#8243; image_size_height=&#8220;300&#8243;][tm_spacer size=&#8220;sm:30;lg:25&#8243;][\/vc_column][\/vc_row][vc_row full_width=&#8220;stretch_row_content_no_spaces&#8220;][vc_column max_width=&#8220;100%&#8220;][vc_separator][\/vc_column][\/vc_row][vc_row full_width=&#8220;stretch_row&#8220; lg_spacing=&#8220;padding_top:43;padding_bottom:43&#8243;][vc_column width=&#8220;1\/2&#8243;][tm_spacer size=&#8220;lg:70&#8243;][tm_image image_size=&#8220;custom&#8220; align=&#8220;center&#8220; image=&#8220;4930&#8243; image_size_width=&#8220;400&#8243; image_size_height=&#8220;300&#8243;][tm_spacer size=&#8220;sm:30;lg:25&#8243;][\/vc_column][vc_column width=&#8220;1\/2&#8243;][tm_spacer size=&#8220;lg:70&#8243;][tm_heading tag=&#8220;h4&#8243; custom_google_font=&#8220;&#8220; font_size=&#8220;xs:22;sm:22;md:22;lg:26&#8243; line_height=&#8220;1.4&#8243;]<mark>Energieverrechnung<\/mark>[\/tm_heading][tm_spacer size=&#8220;sm:30;lg:25&#8243;][tm_heading tag=&#8220;p&#8220; custom_google_font=&#8220;&#8220; font_size=&#8220;lg:16&#8243; line_height=&#8220;1.67&#8243;]Die SDK.ProviderSuite ist ein vollumfassendes System zur Erstellung und Verarbeitung von Rechnungen. Aufbauend auf die Abrechnung f\u00fchren Sie die gesamte Debitorenbuchhaltung mit Inkasso- und Mahnwesen durch.<br \/>\n<a href=\"https:\/\/www.sdk.at\/index.php\/sdk-apps-2\/energieverrechnung\/\"><mark>Mehr erfahren&#8230;<\/mark><\/a>[\/tm_heading][tm_spacer size=&#8220;sm:30;lg:25&#8243;][\/vc_column][\/vc_row][vc_row full_width=&#8220;stretch_row_content_no_spaces&#8220;][vc_column max_width=&#8220;100%&#8220;][vc_separator][\/vc_column][\/vc_row][vc_row full_width=&#8220;stretch_row&#8220; lg_spacing=&#8220;padding_top:43;padding_bottom:43&#8243;][vc_column width=&#8220;1\/2&#8243;][tm_spacer size=&#8220;lg:70&#8243;][tm_heading tag=&#8220;h4&#8243; custom_google_font=&#8220;&#8220; font_size=&#8220;xs:22;sm:22;md:22;lg:26&#8243; line_height=&#8220;1.4&#8243;]<mark>Energiedatenmanagement<\/mark>[\/tm_heading][tm_spacer size=&#8220;sm:30;lg:25&#8243;][tm_heading tag=&#8220;p&#8220; custom_google_font=&#8220;&#8220; font_size=&#8220;lg:16&#8243; line_height=&#8220;1.67&#8243;]EDM in der SDK.ProviderSuite beinhaltet alle Funktionen, die f\u00fcr das Energiedatenmanagement und den liberalisierten Strom- und Gasmarkt erforderlich sind.<\/p>\n<p><a href=\"https:\/\/www.sdk.at\/index.php\/sdk-apps-2\/energy-data-management\/\"><mark>Mehr erfahren&#8230;<\/mark><\/a>[\/tm_heading][tm_spacer size=&#8220;sm:30;lg:25&#8243;][\/vc_column][vc_column width=&#8220;1\/2&#8243;][tm_spacer size=&#8220;lg:70&#8243;][tm_image image_size=&#8220;custom&#8220; align=&#8220;center&#8220; image=&#8220;4925&#8243; image_size_width=&#8220;400&#8243; image_size_height=&#8220;300&#8243;][tm_spacer size=&#8220;sm:30;lg:25&#8243;][\/vc_column][\/vc_row][vc_row full_width=&#8220;stretch_row_content_no_spaces&#8220;][vc_column max_width=&#8220;100%&#8220;][vc_separator][\/vc_column][\/vc_row][vc_row full_width=&#8220;stretch_row&#8220; lg_spacing=&#8220;padding_top:43;padding_bottom:43&#8243;][vc_column width=&#8220;1\/2&#8243;][tm_spacer size=&#8220;lg:70&#8243;][tm_image image_size=&#8220;custom&#8220; align=&#8220;center&#8220; image=&#8220;4918&#8243; image_size_width=&#8220;400&#8243; image_size_height=&#8220;300&#8243;][tm_spacer size=&#8220;sm:30;lg:25&#8243;][\/vc_column][vc_column width=&#8220;1\/2&#8243;][tm_spacer size=&#8220;lg:70&#8243;][tm_heading tag=&#8220;h4&#8243; custom_google_font=&#8220;&#8220; font_size=&#8220;xs:22;sm:22;md:22;lg:26&#8243; line_height=&#8220;1.4&#8243;]<mark>Webportale<\/mark>[\/tm_heading][tm_spacer size=&#8220;sm:30;lg:25&#8243;][tm_heading tag=&#8220;p&#8220; custom_google_font=&#8220;&#8220; font_size=&#8220;lg:16&#8243; line_height=&#8220;1.67&#8243;]Mit unseren Kundenportalen stellen Sie Ihren Kundinnen und Kunden rund um die Uhr Ihr Service zur Verf\u00fcgung und reduzieren so auch Ihre Servicekosten. Gleichzeitig haben Sie mit unseren Wechselportalen jederzeit einen Vertriebskanal offen.<\/p>\n<p><a href=\"https:\/\/www.sdk.at\/index.php\/sdk-apps-2\/web-portals\/\"><mark>Mehr erfahren&#8230;<\/mark><\/a>[\/tm_heading][tm_spacer size=&#8220;sm:30;lg:25&#8243;][\/vc_column][\/vc_row][vc_row full_width=&#8220;stretch_row_content_no_spaces&#8220;][vc_column max_width=&#8220;100%&#8220;][vc_separator][\/vc_column][\/vc_row][vc_row full_width=&#8220;stretch_row&#8220; lg_spacing=&#8220;padding_top:43;padding_bottom:43&#8243;][vc_column width=&#8220;1\/2&#8243;][tm_spacer size=&#8220;lg:70&#8243;][tm_heading tag=&#8220;h4&#8243; custom_google_font=&#8220;&#8220; font_size=&#8220;xs:22;sm:22;md:22;lg:26&#8243; line_height=&#8220;1.4&#8243;]<mark>Implementierung<\/mark>[\/tm_heading][tm_spacer size=&#8220;sm:30;lg:25&#8243;][tm_heading tag=&#8220;p&#8220; custom_google_font=&#8220;&#8220; font_size=&#8220;lg:16&#8243; line_height=&#8220;1.67&#8243;]Unserer Software steht im Fokus der kontinuierlichen Weiterentwicklung, Erweiterung und Verbesserung. Mit modernsten Entwicklungswerkzeugen und Vorgehensmodellen entwickeln und liefern wir unsere Software um all Ihre Anforderungen zu erf\u00fcllen.<\/p>\n<p><a href=\"https:\/\/www.sdk.at\/index.php\/sdk-apps-2\/implementierung\/\"><mark>Mehr erfahren&#8230;<\/mark><\/a>[\/tm_heading][tm_spacer size=&#8220;sm:30;lg:25&#8243;][\/vc_column][vc_column width=&#8220;1\/2&#8243;][tm_spacer size=&#8220;lg:70&#8243;][tm_image image_size=&#8220;custom&#8220; align=&#8220;center&#8220; image=&#8220;4913&#8243; image_size_width=&#8220;400&#8243; image_size_height=&#8220;300&#8243;][tm_spacer size=&#8220;sm:30;lg:25&#8243;][\/vc_column][\/vc_row][vc_row full_width=&#8220;stretch_row_content_no_spaces&#8220;][vc_column max_width=&#8220;100%&#8220;][vc_separator][\/vc_column][\/vc_row][vc_row full_width=&#8220;stretch_row&#8220; background_color=&#8220;custom&#8220; lg_spacing=&#8220;padding_top:64;padding_bottom:64&#8243; custom_background_color=&#8220;rgba(56,122,255,0.8)&#8220;][vc_column width=&#8220;1\/6&#8243; align=&#8220;center&#8220;][\/vc_column][vc_column width=&#8220;2\/3&#8243;][tm_heading style=&#8220;common&#8220; custom_google_font=&#8220;&#8220; align=&#8220;center&#8220; text_color=&#8220;custom&#8220; custom_text_color=&#8220;#ffffff&#8220;]Haben Sie Fragen?[\/tm_heading][tm_spacer size=&#8220;lg:20&#8243;][tm_heading tag=&#8220;p&#8220; custom_google_font=&#8220;&#8220; align=&#8220;center&#8220; text_color=&#8220;custom&#8220; custom_text_color=&#8220;#ffffff&#8220; font_size=&#8220;lg:16&#8243; line_height=&#8220;1.67&#8243;]Wir sind gerne f\u00fcr Sie da und freuen uns auf Ihre Kontaktanfrage.[\/tm_heading][tm_spacer size=&#8220;sm:40;lg:30&#8243;][vc_row_inner][vc_column_inner][tm_button style=&#8220;solid&#8220; size=&#8220;lg&#8220; button=&#8220;url:https%3A%2F%2Fwww.sdk.at%2Findex.php%2Fkontakt%2F|title:Jetzt%20Kontakt%20aufnehmen&#8220; align=&#8220;center&#8220; color=&#8220;custom&#8220; font_color=&#8220;custom&#8220; button_border_color=&#8220;custom&#8220; button_bg_color_hover=&#8220;transparent&#8220; custom_border_color=&#8220;#ffffff&#8220; custom_font_color=&#8220;#ffffff&#8220; custom_button_border_color=&#8220;#ffffff&#8220; rounded=&#8220;50px&#8220;][\/vc_column_inner][\/vc_row_inner][\/vc_column][vc_column width=&#8220;1\/6&#8243;][\/vc_column][\/vc_row]<\/p>\n<\/section>","protected":false},"excerpt":{"rendered":"<p>Voll integrierte, ma\u00dfgeschneiderte Software in modernster 3-Tier-Technologie f\u00fcr verschiedenste Sparten der Ver- und Entsorgungsindustrie (z.B. Strom, Gas, Wasser, Abwasser, W\u00e4rme, Internet, Kabel-TV, M\u00fcll, Dienstleistungen, etc.) f\u00fcr angenehmes, effektives und benutzerfreundliches Arbeiten.<br \/>\nUnsere Produkte sind in deutscher und englischer Sprache verf\u00fcgbar.<\/p>\n","protected":false},"author":1,"featured_media":0,"parent":0,"menu_order":0,"comment_status":"closed","ping_status":"closed","template":"templates\/blank.php","meta":{"_eb_attr":"","footnotes":""},"class_list":["post-3735","page","type-page","status-publish","hentry","post-no-thumbnail"],"_links":{"self":[{"href":"https:\/\/www.sdk.at\/index.php\/wp-json\/wp\/v2\/pages\/3735","targetHints":{"allow":["GET"]}}],"collection":[{"href":"https:\/\/www.sdk.at\/index.php\/wp-json\/wp\/v2\/pages"}],"about":[{"href":"https:\/\/www.sdk.at\/index.php\/wp-json\/wp\/v2\/types\/page"}],"author":[{"embeddable":true,"href":"https:\/\/www.sdk.at\/index.php\/wp-json\/wp\/v2\/users\/1"}],"replies":[{"embeddable":true,"href":"https:\/\/www.sdk.at\/index.php\/wp-json\/wp\/v2\/comments?post=3735"}],"version-history":[{"count":15,"href":"https:\/\/www.sdk.at\/index.php\/wp-json\/wp\/v2\/pages\/3735\/revisions"}],"predecessor-version":[{"id":5029,"href":"https:\/\/www.sdk.at\/index.php\/wp-json\/wp\/v2\/pages\/3735\/revisions\/5029"}],"wp:attachment":[{"href":"https:\/\/www.sdk.at\/index.php\/wp-json\/wp\/v2\/media?parent=3735"}],"curies":[{"name":"wp","href":"https:\/\/api.w.org\/{rel}","templated":true}]}}