{"id":3631,"date":"2021-07-12T13:04:09","date_gmt":"2021-07-12T11:04:09","guid":{"rendered":"http:\/\/wordpress.sdk.at\/?page_id=3631"},"modified":"2022-06-23T17:43:30","modified_gmt":"2022-06-23T15:43:30","slug":"energiehandel","status":"publish","type":"page","link":"https:\/\/www.sdk.at\/index.php\/industry-sectors\/energy-industry\/energiehandel\/","title":{"rendered":"Energiehandel"},"content":{"rendered":"<section class=\"wpb-content-wrapper\"><p>[vc_row full_width=&#8220;stretch_row&#8220; content_placement=&#8220;middle&#8220; background_color=&#8220;custom&#8220; overlay_background=&#8220;custom&#8220; overlay_custom_background=&#8220;#ffffff&#8220; overlay_opacity=&#8220;80&#8243; custom_background_color=&#8220;#f6fafe&#8220; background_image=&#8220;4845&#8243;][vc_column][tm_spacer size=&#8220;xs:50;sm:70;md:75;lg:100&#8243;][tm_heading tag=&#8220;h1&#8243; custom_google_font=&#8220;&#8220; align=&#8220;center&#8220; font_size=&#8220;xs:24;sm:36;md:48;lg:60&#8243;]Energiehandel[\/tm_heading][tm_spacer size=&#8220;xs:20;sm:30;md:40;lg:50&#8243;][tm_heading tag=&#8220;p&#8220; custom_google_font=&#8220;&#8220; align=&#8220;center&#8220; font_size=&#8220;xs:14;sm:16;md:18;lg:18&#8243;]Um einen effizienten Energiehandel durchf\u00fchren zu k\u00f6nnen, sind die vorgelagerten Energieprognosen (Forecasts) und die nachgelagerten Verrechnungsprozesse entscheidend.<br \/>\nDie Unterst\u00fctzung dieser Prozesse ist unsere St\u00e4rke.<br \/>\nDie Durchf\u00fchrung des eigentlichen Handels (Handel an den B\u00f6rsen) \u00fcberlassen wir den daf\u00fcr spezialisierten Systemen.[\/tm_heading][tm_spacer size=&#8220;xs:50;sm:70;md:75;lg:110&#8243;][\/vc_column][\/vc_row][vc_row][vc_column][tm_spacer size=&#8220;lg:70&#8243;][tm_heading custom_google_font=&#8220;&#8220; align=&#8220;center&#8220; font_size=&#8220;sm:28;md:34;lg:40&#8243; line_height=&#8220;1.4&#8243;]Die L\u00f6sung zur Unterst\u00fctzung des Energiehandels[\/tm_heading][\/vc_column][vc_column width=&#8220;2\/4&#8243;][tm_spacer size=&#8220;lg:45&#8243;][tm_heading tag=&#8220;p&#8220; custom_google_font=&#8220;&#8220;]Wir bieten einen gro\u00dfen Leistungsumfang der in unsere SDK.Apps integriert ist und durch die Nutzung von Modulen wie z.B. Energiedatenmanagement, Abrechnung, Stammdatenverwaltung, Vertragsmanagement, etc. mit Ihren sonstigen Aufgaben als Energielieferant besonders effizient zusammenspielt.<br \/>\n[\/tm_heading][tm_spacer size=&#8220;lg:70&#8243;][tm_accordion style=&#8220;02&#8243; open_index=&#8220;1&#8243; el_class=&#8220;custom-accordion-items-bg&#8220; items=&#8220;%5B%7B%22title%22%3A%22Energieprognosen%22%2C%22content%22%3A%22Zur%20Berechnung%20der%20Energieprognosen%20stehen%20umfangreiche%20EDM-Funktionen%20zur%20Verf%C3%BCgung.%5CnDabei%20werden%20nicht%20nur%20gemessene%20und%20synthetische%20Lastg%C3%A4nge%20ausgerollt%2C%20sondern%20Einflussfaktoren%20wie%20Temperatur%2C%20Auslastung%20von%20Gewerbebetrieben%2C%20Umwelteinfl%C3%BCsse%20und%20aktuelle%20Geschehen%20ber%C3%BCcksichtigt.%22%7D%2C%7B%22title%22%3A%22B%C3%B6rsendeals%22%2C%22content%22%3A%22Anhand%20der%20BUY%2FSELL%20Prognosen%20ergeben%20sich%20die%20erforderlichen%20Aktionen%20an%20der%20B%C3%B6rse.%20Dies%20k%C3%B6nnen%20langfristige%20Deals%20(aufgrund%20von%20langfristigen%20Neukundenvertr%C3%A4gen%2C%20etc.)%20oder%20kurzfristige%20Deals%20am%20Spotmarkt%20sein.%22%7D%2C%7B%22title%22%3A%22Importschnittstelle%22%2C%22content%22%3A%22F%C3%BCr%20den%20Import%20der%20B%C3%B6rsedeals%20werden%20aktuell%20Datenbank-%20und%20Webservice-Schnittstellen%20verwendet.%20Dadurch%20werden%20die%20Deals%20sofort%20nach%20der%20Ausf%C3%BChrung%20in%20unser%20System%20%C3%BCbertragen.%22%7D%2C%7B%22title%22%3A%22Abrechnung%20BUY%2FSELL%22%2C%22content%22%3A%22Aus%20den%20B%C3%B6rsendeals%20werden%20die%20Rechnungspositionen%20erstellt%2C%20welche%20nach%20bestimmten%20Kriterien%20zu%20Rechnungen%20gruppiert%20werden.%22%7D%2C%7B%22title%22%3A%22Nettingstatements%22%2C%22content%22%3A%22Um%20den%20Zahlungsfluss%20zu%20optimieren%2C%20k%C3%B6nnen%20Nettingstatements%20f%C3%BCr%20die%20BUY%2FSELL%20Rechnungen%20generiert%20werden.%22%7D%2C%7B%22title%22%3A%22EFET%20ESM%22%2C%22content%22%3A%22Um%20mit%20den%20Handelspartnern%20einen%20elektronischen%20Datenaustausch%20sowie%20die%20Rechnungspr%C3%BCfung%20und%20das%20Netting%20zu%20unterst%C3%BCtzen%20gibt%20es%20Schnittstellen%20zu%20den%20Equias%2FPonton%20und%20GEN%2FFidectus.%22%7D%5D&#8220;][tm_spacer size=&#8220;lg:70&#8243;][\/vc_column][vc_column width=&#8220;2\/4&#8243;][tm_spacer size=&#8220;lg:45&#8243;][tm_image image_size=&#8220;custom&#8220; image=&#8220;4843&#8243; image_size_width=&#8220;500&#8243; image_size_height=&#8220;300&#8243;][tm_spacer size=&#8220;lg:70&#8243;][tm_heading tag=&#8220;h4&#8243; custom_google_font=&#8220;&#8220; font_size=&#8220;xs:16;sm:18;md:20;lg:24&#8243; line_height=&#8220;1.4&#8243;]Leistungsumfang[\/tm_heading][tm_spacer size=&#8220;lg:25&#8243;][tm_heading tag=&#8220;p&#8220; custom_google_font=&#8220;&#8220;]<mark>Prognose\/Fahrpl\u00e4ne<\/mark><br \/>\nEnergiehandel ohne termingerechte und qualitativ hochwertige Prognoseberechnungen ist nicht m\u00f6glich.<br \/>\nDie Prognosen werden von unserem EDM-System automatisiert anhand von gemessenen und synthetischen Lastprofilen, Temperaturkurven, Auslastungsfaktoren von Betrieben, Einfl\u00fcsse von Umwelt und aktuellen Situationen (Corona, Lockdowns), etc. berechnet.<br \/>\nUnter Ber\u00fccksichtigung von bereits get\u00e4tigten Handelsgesch\u00e4ften ergeben sich die BUY\/SELL Fahrpl\u00e4ne.<br \/>\nDie Fahrpl\u00e4ne k\u00f6nnen in den Formaten ESS, KISS-A und CSV zur Verf\u00fcgung gestellt werden.<\/p>\n<p><mark>Handel an der B\u00f6rse<\/mark><br \/>\nDie Durchf\u00fchrung der Trades an der B\u00f6rse \u00fcberlassen wir den daf\u00fcr spezialisierten Systemen.<\/p>\n<p><mark>Verrechnung der B\u00f6rsendeals<\/mark><br \/>\nDie B\u00f6rsendeals werden \u00fcber verschiedene Schnittstellen in unser System eingelesen. Anhand deren Attribute werden Rechnungspositionen erstellt, die anhand von Regeln zu Rechnungen gruppiert werden.<br \/>\nDabei werden nicht nur BUY Rechnungen erstellt, sondern auch SELL Rechnungen, die als Platzhalter f\u00fcr die Eingangsrechnung oder als Shadow Invoice (z.B.: bei EFET ESM) verwendet wird.<br \/>\nAnhand der BUY und SELL Rechnungen k\u00f6nnen Netting-Statements generiert werden, wodurch der Zahlungsfluss optimiert wird.<\/p>\n<p><mark>EFET ESM (electronic settlement matching)<\/mark><br \/>\nF\u00fcr das ESM sind Schnittstellen zu den Plattformen \u201eEquias\u201c der Firma Ponton und \u201eGEN (Global energy network)\u201c der Firma Fidectus beinhaltet.<br \/>\n[\/tm_heading][tm_spacer size=&#8220;lg:70&#8243;][\/vc_column][\/vc_row][vc_row full_width=&#8220;stretch_row_content_no_spaces&#8220;][vc_column max_width=&#8220;100%&#8220;][vc_separator][\/vc_column][\/vc_row][vc_row full_width=&#8220;stretch_row&#8220;][vc_column][tm_spacer size=&#8220;lg:65&#8243;][tm_grid centered_items=&#8220;1&#8243; columns=&#8220;xs:1;sm:2;lg:3&#8243; column_gutter=&#8220;lg:30&#8243; row_gutter=&#8220;lg:30&#8243;][tm_box_icon align=&#8220;center&#8220; icon_type=&#8220;linea_svg&#8220; icon_linea_svg=&#8220;linea-arrows-circle-check&#8220; heading=&#8220;EFET ESM&#8220; text=&#8220;Unterst\u00fctzung der Plattformen f\u00fcr das electronic settlement matching&#8220;][tm_box_icon align=&#8220;center&#8220; icon_type=&#8220;linea_svg&#8220; icon_linea_svg=&#8220;linea-arrows-circle-check&#8220; heading=&#8220;Integriert \/ Optimiert&#8220; text=&#8220;Vollst\u00e4ndig in Ihre sonstigen Aufgaben als Energielieferant integriert und f\u00fcr eine vollst\u00e4ndige Automatisierung optimiert.&#8220;][tm_box_icon align=&#8220;center&#8220; icon_type=&#8220;linea_svg&#8220; icon_linea_svg=&#8220;linea-arrows-circle-check&#8220; heading=&#8220;20 Jahre Erfahrung&#8220; text=&#8220;Im Einsatz bei international t\u00e4tigen Kunden mit vielen Mrd. Transaktionsvolumen&#8220;][\/tm_grid][tm_spacer size=&#8220;lg:80&#8243;][\/vc_column][\/vc_row][vc_row full_width=&#8220;stretch_row&#8220; background_color=&#8220;custom&#8220; lg_spacing=&#8220;padding_top:64;padding_bottom:64&#8243; custom_background_color=&#8220;rgba(56,122,255,0.8)&#8220;][vc_column width=&#8220;1\/6&#8243; align=&#8220;center&#8220;][\/vc_column][vc_column width=&#8220;2\/3&#8243;][tm_heading style=&#8220;common&#8220; custom_google_font=&#8220;&#8220; align=&#8220;center&#8220; text_color=&#8220;custom&#8220; custom_text_color=&#8220;#ffffff&#8220;]Haben Sie Fragen?[\/tm_heading][tm_spacer size=&#8220;lg:20&#8243;][tm_heading tag=&#8220;p&#8220; custom_google_font=&#8220;&#8220; align=&#8220;center&#8220; text_color=&#8220;custom&#8220; custom_text_color=&#8220;#ffffff&#8220; font_size=&#8220;lg:16&#8243; line_height=&#8220;1.67&#8243;]Wir sind gerne f\u00fcr Sie da und freuen uns auf Ihre Kontaktanfrage.[\/tm_heading][tm_spacer size=&#8220;sm:40;lg:30&#8243;][vc_row_inner][vc_column_inner][tm_button style=&#8220;solid&#8220; size=&#8220;lg&#8220; button=&#8220;url:https%3A%2F%2Fwww.sdk.at%2Findex.php%2Fkontakt%2F|title:Kontakt&#8220; align=&#8220;center&#8220; color=&#8220;custom&#8220; font_color=&#8220;custom&#8220; button_border_color=&#8220;custom&#8220; button_bg_color_hover=&#8220;transparent&#8220; custom_border_color=&#8220;#ffffff&#8220; custom_font_color=&#8220;#ffffff&#8220; custom_button_border_color=&#8220;#ffffff&#8220; rounded=&#8220;50px&#8220;][\/vc_column_inner][\/vc_row_inner][\/vc_column][vc_column width=&#8220;1\/6&#8243;][\/vc_column][\/vc_row][vc_row][vc_column][tm_spacer size=&#8220;sm:100;lg:120&#8243;][vc_column_text]<div data-post-id=\"4558\" class=\"insert-page insert-page-4558 \"><section class=\"wpb-content-wrapper\"><p>[vc_row][vc_column][tm_slider equal_height=&#8220;1&#8243; pagination=&#8220;01&#8243; gutter=&#8220;30&#8243; text_align=&#8220;left&#8220; items_display=&#8220;xs:1;sm:2;md:2;lg:2&#8243; items=&#8220;%5B%7B%22image%22%3A%224975%22%2C%22title%22%3A%22v2.36%20f%C3%BCr%20Testsysteme%20verf%C3%BCgbar%22%2C%22text%22%3A%22Version%202.36%20steht%20ab%20sofort%20zum%20Testen%20zur%20Verf%C3%BCgung.%20Alle%20%C3%84nderungen%2FCRs%20f%C3%BCr%20Kunden%20im%20Wiki%20ersichtlich.%20Produktivinstallationen%20ab%2001.April%22%2C%22link%22%3A%22title%3AMehr%2520erfahren%22%7D%2C%7B%22image%22%3A%224973%22%2C%22title%22%3A%22Produktivinstallationen%20v2.36%20abgeschlossen%22%2C%22text%22%3A%22Es%20wurden%20alle%20Systeme%2C%20welche%20Marktkommunikation%20in%20DE%2FAT%20nutzen%2C%20produktiv%20auf%20v2.36%20aktualisiert%22%2C%22link%22%3A%22title%3AMehr%2520erfahren%22%7D%2C%7B%22image%22%3A%224977%22%2C%22title%22%3A%22Energiekostenausgleich%20verf%C3%BCgbar%22%2C%22text%22%3A%22Die%20Umsetzungen%20f%C3%BCr%20die%20automatisierte%20Verarbeitung%20des%20Energiekostenausgleichs%2FEnergiegutscheins%20in%20AT%20sind%20produktiv%20verf%C3%BCgbar.%22%2C%22link%22%3A%22Link%22%7D%2C%7B%22image%22%3A%224971%22%2C%22title%22%3A%22Neue%20Homepage%22%2C%22text%22%3A%22Auf%20der%20neuen%20SDK-Homepage%20finden%20Sie%20neben%20allgemeinen%20Infos%20zu%20SDK.Apps%20laufend%20Neuigkeiten%20und%20Themen%20mit%20aktueller%20Relevanz%20f%C3%BCr%20die%20Branche%22%2C%22link%22%3A%22title%3AMehr%2520erfahren%22%7D%5D&#8220; auto_play=&#8220;2500&#8243;][\/vc_column][\/vc_row]<\/p>\n<\/section><\/div>[\/vc_column_text][tm_spacer size=&#8220;sm:100;lg:120&#8243;][\/vc_column][\/vc_row][vc_row full_width=&#8220;stretch_row&#8220; background_color=&#8220;custom&#8220; lg_spacing=&#8220;padding_top:64;padding_bottom:64&#8243; custom_background_color=&#8220;rgba(56,122,255,0.8)&#8220;][vc_column width=&#8220;2\/3&#8243;][tm_heading tag=&#8220;p&#8220; custom_google_font=&#8220;&#8220; text_color=&#8220;custom&#8220; custom_text_color=&#8220;rgba(255,255,255,0.84)&#8220; letter_spacing=&#8220;.06em&#8220;]DAS K\u00d6NNTE SIE EBENFALLS INTERESSIEREN[\/tm_heading][tm_spacer size=&#8220;lg:10&#8243;][tm_heading style=&#8220;common&#8220; custom_google_font=&#8220;&#8220; text_color=&#8220;custom&#8220; custom_text_color=&#8220;#ffffff&#8220;]Energiegemeinschaften[\/tm_heading][tm_spacer size=&#8220;lg:20&#8243;][tm_heading tag=&#8220;p&#8220; custom_google_font=&#8220;&#8220; text_color=&#8220;custom&#8220; custom_text_color=&#8220;#ffffff&#8220; font_size=&#8220;lg:16&#8243; line_height=&#8220;1.67&#8243;]Gr\u00fcnden Sie Ihre eigene Energiegemeinschaft. Die Energiezukunft ist nur einen Klick entfernt.[\/tm_heading][tm_spacer size=&#8220;sm:40;lg:30&#8243;][vc_row_inner][vc_column_inner][tm_button style=&#8220;solid&#8220; size=&#8220;lg&#8220; button=&#8220;url:https%3A%2F%2Fwww.sdk.at%2Findex.php%2Findustry-sectors%2Fenergy-industry%2Fenergiegemeinschaften-branche%2F|title:mehr&#8230;&#8220; color=&#8220;custom&#8220; font_color=&#8220;custom&#8220; button_border_color=&#8220;custom&#8220; button_bg_color_hover=&#8220;transparent&#8220; custom_border_color=&#8220;#ffffff&#8220; custom_font_color=&#8220;#ffffff&#8220; custom_button_border_color=&#8220;#ffffff&#8220; rounded=&#8220;50px&#8220;][\/vc_column_inner][\/vc_row_inner][\/vc_column][vc_column width=&#8220;1\/6&#8243; align=&#8220;center&#8220;][\/vc_column][vc_column width=&#8220;1\/6&#8243;][\/vc_column][\/vc_row]<\/p>\n<\/section>","protected":false},"excerpt":{"rendered":"<p>Excerpt f\u00fcr diese Seite einstellen<\/p>\n","protected":false},"author":1,"featured_media":0,"parent":3052,"menu_order":0,"comment_status":"closed","ping_status":"closed","template":"templates\/blank.php","meta":{"_eb_attr":"","footnotes":""},"class_list":["post-3631","page","type-page","status-publish","hentry","post-no-thumbnail"],"_links":{"self":[{"href":"https:\/\/www.sdk.at\/index.php\/wp-json\/wp\/v2\/pages\/3631","targetHints":{"allow":["GET"]}}],"collection":[{"href":"https:\/\/www.sdk.at\/index.php\/wp-json\/wp\/v2\/pages"}],"about":[{"href":"https:\/\/www.sdk.at\/index.php\/wp-json\/wp\/v2\/types\/page"}],"author":[{"embeddable":true,"href":"https:\/\/www.sdk.at\/index.php\/wp-json\/wp\/v2\/users\/1"}],"replies":[{"embeddable":true,"href":"https:\/\/www.sdk.at\/index.php\/wp-json\/wp\/v2\/comments?post=3631"}],"version-history":[{"count":30,"href":"https:\/\/www.sdk.at\/index.php\/wp-json\/wp\/v2\/pages\/3631\/revisions"}],"predecessor-version":[{"id":5150,"href":"https:\/\/www.sdk.at\/index.php\/wp-json\/wp\/v2\/pages\/3631\/revisions\/5150"}],"up":[{"embeddable":true,"href":"https:\/\/www.sdk.at\/index.php\/wp-json\/wp\/v2\/pages\/3052"}],"wp:attachment":[{"href":"https:\/\/www.sdk.at\/index.php\/wp-json\/wp\/v2\/media?parent=3631"}],"curies":[{"name":"wp","href":"https:\/\/api.w.org\/{rel}","templated":true}]}}