{"id":3623,"date":"2021-07-12T12:57:39","date_gmt":"2021-07-12T10:57:39","guid":{"rendered":"http:\/\/wordpress.sdk.at\/?page_id=3623"},"modified":"2022-06-23T17:40:13","modified_gmt":"2022-06-23T15:40:13","slug":"messstellenbetriber","status":"publish","type":"page","link":"https:\/\/www.sdk.at\/index.php\/industry-sectors\/energy-industry\/messstellenbetriber\/","title":{"rendered":"Messstellenbetreiber"},"content":{"rendered":"<section class=\"wpb-content-wrapper\"><p>[vc_row full_width=&#8220;stretch_row&#8220; content_placement=&#8220;middle&#8220; background_color=&#8220;custom&#8220; overlay_background=&#8220;custom&#8220; overlay_custom_background=&#8220;#ffffff&#8220; overlay_opacity=&#8220;80&#8243; custom_background_color=&#8220;#f6fafe&#8220; background_image=&#8220;4822&#8243;][vc_column][tm_spacer size=&#8220;xs:50;sm:70;md:75;lg:100&#8243;][tm_heading tag=&#8220;h1&#8243; custom_google_font=&#8220;&#8220; align=&#8220;center&#8220; font_size=&#8220;xs:24;sm:36;md:48;lg:60&#8243;]Messstellenbetreiber[\/tm_heading][tm_spacer size=&#8220;xs:20;sm:30;md:40;lg:50&#8243;][tm_heading tag=&#8220;p&#8220; custom_google_font=&#8220;&#8220; align=&#8220;center&#8220; font_size=&#8220;xs:14;sm:16;md:18;lg:18&#8243;]Durch neue Erfordernisse am Energiemarkt wie SmartMeter und immer k\u00fcrzere Fristen f\u00fcr die \u00dcbermittlung von Messdaten an Energielieferanten (und weitere Akteure), ist es erforderlich, dass Z\u00e4hler laufend Daten liefern. Wenn sie das nicht tun, ist es notwendig schnell zu reagieren.<br \/>\nWir helfen Ihnen, Messdaten zu liefern wenn sie gebraucht werden.[\/tm_heading][tm_spacer size=&#8220;xs:50;sm:70;md:75;lg:110&#8243;][\/vc_column][\/vc_row][vc_row][vc_column][tm_spacer size=&#8220;lg:70&#8243;][tm_heading custom_google_font=&#8220;&#8220; align=&#8220;center&#8220; font_size=&#8220;sm:28;md:34;lg:40&#8243; line_height=&#8220;1.4&#8243;]Die SDK-L\u00f6sung f\u00fcr Messstellenbetreiber[\/tm_heading][\/vc_column][vc_column width=&#8220;2\/4&#8243;][tm_spacer size=&#8220;lg:45&#8243;][tm_heading tag=&#8220;p&#8220; custom_google_font=&#8220;&#8220;]SDK.Apps ist die All-In-One-L\u00f6sung f\u00fcr Messstellenbetreiber. Von der Verwaltung Ihrer Messstellen, \u00fcber die Ger\u00e4te-\/Lagerverwaltung, Wartung\/Kontrollen der Z\u00e4hler, SmartMeter-Steuerung bis hin zu Ablesung und Versand der Messdaten erledigen Sie alle Aufgaben mit einer vollst\u00e4ndig integrierten, auf die Energiewirtschaft zugeschnittenen, L\u00f6sung.[\/tm_heading][tm_spacer size=&#8220;lg:70&#8243;][tm_accordion style=&#8220;02&#8243; open_index=&#8220;1&#8243; el_class=&#8220;custom-accordion-items-bg&#8220; items=&#8220;%5B%7B%22title%22%3A%22Kunden-%2FVertragsmanagement%22%2C%22content%22%3A%22F%C3%BCr%20alle%20relevanten%20Informationen%2C%20welche%20sich%20im%20Lauf%20der%20Zeit%20f%C3%BCr%20die%20einzelnen%20Versorgungsstellen%20in%20Ihrem%20Netzgebiet%20ergeben%2C%20gibt%20es%20einen%20Platz%20in%20SDK.Apps.%20Verwalten%20Sie%20Kundendaten%2F-adressen%2C%20Kontakte%20und%20Vertr%C3%A4ge%2C%20Z%C3%A4hlpunkte%2C%20Ger%C3%A4te%2FSkalen%2C%20Messstellen%20und%20vieles%20mehr.%20Sie%20wollen%20Informationen%20speichern%20f%C3%BCr%20welche%20in%20SDK.Apps%20nichts%20vorgesehen%20ist%3F%20Kein%20Problem%3A%20Erweitern%20Sie%20die%20Applikation%20%C3%BCber%20dynamische%20Details.%20Und%20nach%207%20Jahren%20sind%20die%20Kundendaten%2C%20wenn%20Sie%20m%C3%B6chten%2C%20wieder%20gel%C3%B6scht%20oder%20pseudonymisiert%20(DSGVO-konform).%22%7D%2C%7B%22title%22%3A%22Flexible%20formelbasierte%20Abrechnung%22%2C%22content%22%3A%22Die%20Energie-%20und%20Messdaten%2C%20welche%20Sie%20an%20Netzbetreiber%20oder%20andere%20Marktteilnehmer%20%C3%BCbermitteln%20werden%20immer%20umfangreicher.%20Es%20ist%20nur%20eine%20Frage%20der%20Zeit%20bis%20auch%20die%20klassische%20Netzabrechnung%20den%20neuen%20technischen%20M%C3%B6glichkeiten%20der%20Messger%C3%A4te%20folgt.%20R%C3%BCsten%20Sie%20sich%20bereits%20jetzt%20f%C3%BCr%20zuk%C3%BCnftige%20Anforderungen.%20In%20SDK.Apps%20setzen%20wir%20daher%20auf%20eine%20vollst%C3%A4ndig%20dynamische%2C%20formelbasierte%20Abrechnung%20%C3%BCber%20Verrechnungskonfigurationen.%20Beziehen%20Sie%20die%20Variablen%20ein%2C%20die%20Sie%20f%C3%BCr%20Ihre%20Abrechnung%20ben%C3%B6tigen%20und%20vermeiden%20Sie%20kostenintensive%20Weiterentwicklungen%20Ihrer%20bestehenden%20Applikation.%22%7D%2C%7B%22title%22%3A%22Zahlungsverkehr%22%2C%22content%22%3A%22Bankeinzug%20oder%20%C3%9Cberweisung%20im%20SEPA-Zahlungsraum%20inkl.%20Verwaltung%20der%20zugeh%C3%B6rigen%20Mandate%20sind%20fester%20Bestandteil%20von%20SDK.Apps.%20Wenn%20Ihre%20Kunden%20lieber%20per%20Erlagschein%20bezahlen%2C%20k%C3%B6nnen%20Sie%20auch%20diese%20automatisiert%20erstellen%20und%20drucken.%20Da%20das%20System%20die%20Salden%20und%20F%C3%A4lligkeiten%20immer%20im%20Blick%20hat%2C%20werden%20die%20erforderlichen%20Zahlungen%20vorgeschlagen.%20Dann%20fehlt%20nur%20noch%20Ihre%20Freigabe%20-%20und%20der%20Zahlungsverkehr%20wird%20ausgef%C3%BChrt.%22%7D%2C%7B%22title%22%3A%22Energiedatenmanagement%22%2C%22content%22%3A%22Durch%20die%20SmartMeter-Einf%C3%BChrungen%20f%C3%A4llt%20eine%20enorme%20Menge%20an%20Verbrauchsdaten%20an.%20Statt%201-2%20Z%C3%A4hlerst%C3%A4nden%20pro%20Jahr%20erfassen%20Sie%2C%20je%20nach%20Konfiguration%2C%20365%20oder%20gar%20mehr%20als%2035.000%20Verbrauchswerte%20pro%20Jahr%20-%20und%20das%20f%C3%BCr%20jede%20Messstelle.%20SDK.Apps%20bringt%20die%20Werkzeuge%20mit%20um%20Lastprofildaten%20zu%20empfangen%2C%20zu%20aggregieren%2C%20beliebige%20Berechnungen%20damit%20durchzuf%C3%BChren%20und%20diese%20Daten%20zu%20versenden.%22%7D%2C%7B%22title%22%3A%22Vollst%C3%A4ndig%20integriertes%20Kundenportal%22%2C%22content%22%3A%22Bieten%20Sie%20ihren%20Kunden%20ein%2024%2F7-Service.%20%20Mit%20dem%20vollst%C3%A4ndig%20in%20SDK.Apps%20integrierten%20Self-Service-Portal%20haben%20Ihre%20Kunden%20jederzeit%20Zugriff%20auf%20Vertr%C3%A4ge%20oder%20Verbrauchsdaten.%20Die%20selbstst%C3%A4ndige%20Pflege%20von%20Kontakt-%20oder%20Zahlungsinformationen%20im%20Portal%20durch%20Kunden%20reduziert%20au%C3%9Ferdem%20Anrufe%20in%20der%20Hotline.%22%7D%2C%7B%22title%22%3A%22Berichte%20und%20interaktive%20Dashboards%22%2C%22content%22%3A%22Behalten%20Sie%20den%20%C3%9Cberblick.%20Unz%C3%A4hlige%20Berichte%20und%20eine%20immer%20gr%C3%B6%C3%9Fer%20werdende%20Zahl%20interaktiver%20Dashboards%20unterst%C3%BCtzen%20Sie%20dabei%20Ihre%20Prozesse%20und%20Kennzahlen%20im%20Blick%20zu%20behalten.%20Damit%20jederzeit%20klar%20ist%20wo%20Ihre%20Aufmerksamkeit%20gerade%20ben%C3%B6tigt%20wird.%22%7D%5D&#8220;][tm_spacer size=&#8220;lg:45&#8243;][tm_heading tag=&#8220;p&#8220; custom_google_font=&#8220;&#8220;]Die Realisierung Ihrer Idee ist nur ein paar Mausklicks entfernt. Z\u00f6gern Sie nicht und <mark><a href=\"wordpress.sdk.at\/contact\">kontaktieren<\/a><\/mark> Sie uns f\u00fcr weitere Informationen.[\/tm_heading][tm_spacer size=&#8220;lg:70&#8243;][\/vc_column][vc_column width=&#8220;2\/4&#8243;][tm_spacer size=&#8220;lg:45&#8243;][tm_image image_size=&#8220;custom&#8220; image=&#8220;4827&#8243; image_size_width=&#8220;500&#8243; image_size_height=&#8220;300&#8243;][tm_spacer size=&#8220;lg:70&#8243;][tm_heading tag=&#8220;h4&#8243; custom_google_font=&#8220;&#8220; font_size=&#8220;xs:16;sm:18;md:20;lg:24&#8243; line_height=&#8220;1.4&#8243;]Service &amp; Projektablauf[\/tm_heading][tm_spacer size=&#8220;lg:25&#8243;][tm_heading tag=&#8220;p&#8220; custom_google_font=&#8220;&#8220;]Wir begleiten Sie von der Idee bis zum Markteintritt!<\/p>\n<p>Sie sind <mark>bereits SDK-Kunde<\/mark> und sind k\u00fcnftig ebenso als Messstellenbetreiber t\u00e4tig &#8211; wir unterst\u00fctzen Sie dabei:<\/p>\n<ul>\n<li>Beratung &amp; Konzeption<\/li>\n<li>Umsetzung<\/li>\n<li>Konfiguration &amp; Schulung<\/li>\n<\/ul>\n<p>Sie <mark>interessieren Sich f\u00fcr SDK.Apps<\/mark> und \u00fcberlegen ob unsere L\u00f6sung das Richtige f\u00fcr Sie ist &#8211; sprechen Sie uns an.<br \/>\nSDK-Experten begleiten Sie durch das gesamte Projekt. Profitieren Sie von der N\u00e4he der Projektdurchf\u00fchrung zur Entwicklung. Ihr Projekt wird direkt durch den Softwarehersteller abgewickelt:<\/p>\n<ul>\n<li>Beratung &amp; Konzeption<\/li>\n<li>Unterst\u00fctzung bei erforderlicher Beschaffung von Hard- und Software<\/li>\n<li>Durchf\u00fchrung oder Unterst\u00fctzung von Daten\u00fcbernahmen<\/li>\n<li>Initiale Konfiguration und Parametrierung<\/li>\n<li>Erstellung individueller Layouts f\u00fcr Drucke, Portale, Auswertungen<\/li>\n<li>Schulungen Ihrer Mitarbeiter im Umgang mit der Software und Prozessabl\u00e4ufen<\/li>\n<li>Intensive Unterst\u00fctzung nach GoLive<\/li>\n<li>Kurze Reaktionszeiten bei Problemen im Produktivbetrieb<\/li>\n<li>Laufende Wartung und Weiterentwicklung<\/li>\n<\/ul>\n<p>[\/tm_heading][tm_spacer size=&#8220;lg:45&#8243;][tm_button style=&#8220;text&#8220; button=&#8220;url:https%3A%2F%2Fwww.sdk.at%2Findex.php%2Fsdk-apps-2%2F|title:Mehr%20zu%20SDK.Apps&#8220; icon_type=&#8220;fontawesome5&#8243; icon_fontawesome5=&#8220;far fa-long-arrow-right&#8220; color=&#8220;custom&#8220; font_color=&#8220;primary&#8220;][tm_spacer size=&#8220;lg:70&#8243;][\/vc_column][\/vc_row][vc_row full_width=&#8220;stretch_row_content_no_spaces&#8220;][vc_column max_width=&#8220;100%&#8220;][vc_separator][\/vc_column][\/vc_row][vc_row full_width=&#8220;stretch_row&#8220;][vc_column][tm_spacer size=&#8220;lg:65&#8243;][tm_grid centered_items=&#8220;1&#8243; columns=&#8220;xs:1;sm:2;lg:3&#8243; column_gutter=&#8220;lg:30&#8243; row_gutter=&#8220;lg:30&#8243;][tm_box_icon align=&#8220;center&#8220; icon_type=&#8220;linea_svg&#8220; icon_linea_svg=&#8220;linea-arrows-circle-check&#8220; heading=&#8220;Integration in bestehende IT-Landschaft&#8220; text=&#8220;Integrieren Sie SDK.Apps in Ihre bestehende Systemlandschaft. Durch zahlreiche Schnittstellen-(technologien) vollst\u00e4ndig integrierbar&#8220;][tm_box_icon align=&#8220;center&#8220; icon_type=&#8220;linea_svg&#8220; icon_linea_svg=&#8220;linea-arrows-circle-check&#8220; heading=&#8220;Vollst\u00e4ndig skalier- und konfigurierbar&#8220; text=&#8220;Das Verarbeiten von Massendaten und eine hochgradige Konfigurierbarkeit sind unsere Kernkompetenzen.&#8220;][tm_box_icon align=&#8220;center&#8220; icon_type=&#8220;linea_svg&#8220; icon_linea_svg=&#8220;linea-arrows-circle-check&#8220; heading=&#8220;Spezialisierte Software&#8220; text=&#8220;SDK.Apps ist speziell auf die Bed\u00fcrfnisse der Energiewirtschaft zugeschnitten und somit genau das richtige Werkzeug f\u00fcr Sie&#8220;][\/tm_grid][tm_spacer size=&#8220;lg:80&#8243;][\/vc_column][\/vc_row][vc_row full_width=&#8220;stretch_row&#8220; background_color=&#8220;custom&#8220; lg_spacing=&#8220;padding_top:64;padding_bottom:64&#8243; custom_background_color=&#8220;rgba(56,122,255,0.8)&#8220;][vc_column width=&#8220;1\/6&#8243; align=&#8220;center&#8220;][\/vc_column][vc_column width=&#8220;2\/3&#8243;][tm_heading style=&#8220;common&#8220; custom_google_font=&#8220;&#8220; align=&#8220;center&#8220; text_color=&#8220;custom&#8220; custom_text_color=&#8220;#ffffff&#8220;]Haben Sie Fragen?[\/tm_heading][tm_spacer size=&#8220;lg:20&#8243;][tm_heading tag=&#8220;p&#8220; custom_google_font=&#8220;&#8220; align=&#8220;center&#8220; text_color=&#8220;custom&#8220; custom_text_color=&#8220;#ffffff&#8220; font_size=&#8220;lg:16&#8243; line_height=&#8220;1.67&#8243;]Wir sind gerne f\u00fcr Sie da und freuen uns auf Ihre Kontaktanfrage.[\/tm_heading][tm_spacer size=&#8220;sm:40;lg:30&#8243;][vc_row_inner][vc_column_inner][tm_button style=&#8220;solid&#8220; size=&#8220;lg&#8220; button=&#8220;url:https%3A%2F%2Fwww.sdk.at%2Findex.php%2Fkontakt%2F|title:Kontakt&#8220; align=&#8220;center&#8220; color=&#8220;custom&#8220; font_color=&#8220;custom&#8220; button_border_color=&#8220;custom&#8220; button_bg_color_hover=&#8220;transparent&#8220; custom_border_color=&#8220;#ffffff&#8220; custom_font_color=&#8220;#ffffff&#8220; custom_button_border_color=&#8220;#ffffff&#8220; rounded=&#8220;50px&#8220;][\/vc_column_inner][\/vc_row_inner][\/vc_column][vc_column width=&#8220;1\/6&#8243;][\/vc_column][\/vc_row][vc_row][vc_column][tm_spacer size=&#8220;sm:100;lg:120&#8243;][vc_column_text]<div data-post-id=\"4558\" class=\"insert-page insert-page-4558 \"><section class=\"wpb-content-wrapper\"><p>[vc_row][vc_column][tm_slider equal_height=&#8220;1&#8243; pagination=&#8220;01&#8243; gutter=&#8220;30&#8243; text_align=&#8220;left&#8220; items_display=&#8220;xs:1;sm:2;md:2;lg:2&#8243; items=&#8220;%5B%7B%22image%22%3A%224975%22%2C%22title%22%3A%22v2.36%20f%C3%BCr%20Testsysteme%20verf%C3%BCgbar%22%2C%22text%22%3A%22Version%202.36%20steht%20ab%20sofort%20zum%20Testen%20zur%20Verf%C3%BCgung.%20Alle%20%C3%84nderungen%2FCRs%20f%C3%BCr%20Kunden%20im%20Wiki%20ersichtlich.%20Produktivinstallationen%20ab%2001.April%22%2C%22link%22%3A%22title%3AMehr%2520erfahren%22%7D%2C%7B%22image%22%3A%224973%22%2C%22title%22%3A%22Produktivinstallationen%20v2.36%20abgeschlossen%22%2C%22text%22%3A%22Es%20wurden%20alle%20Systeme%2C%20welche%20Marktkommunikation%20in%20DE%2FAT%20nutzen%2C%20produktiv%20auf%20v2.36%20aktualisiert%22%2C%22link%22%3A%22title%3AMehr%2520erfahren%22%7D%2C%7B%22image%22%3A%224977%22%2C%22title%22%3A%22Energiekostenausgleich%20verf%C3%BCgbar%22%2C%22text%22%3A%22Die%20Umsetzungen%20f%C3%BCr%20die%20automatisierte%20Verarbeitung%20des%20Energiekostenausgleichs%2FEnergiegutscheins%20in%20AT%20sind%20produktiv%20verf%C3%BCgbar.%22%2C%22link%22%3A%22Link%22%7D%2C%7B%22image%22%3A%224971%22%2C%22title%22%3A%22Neue%20Homepage%22%2C%22text%22%3A%22Auf%20der%20neuen%20SDK-Homepage%20finden%20Sie%20neben%20allgemeinen%20Infos%20zu%20SDK.Apps%20laufend%20Neuigkeiten%20und%20Themen%20mit%20aktueller%20Relevanz%20f%C3%BCr%20die%20Branche%22%2C%22link%22%3A%22title%3AMehr%2520erfahren%22%7D%5D&#8220; auto_play=&#8220;2500&#8243;][\/vc_column][\/vc_row]<\/p>\n<\/section><\/div>[\/vc_column_text][tm_spacer size=&#8220;sm:100;lg:120&#8243;][\/vc_column][\/vc_row][vc_row full_width=&#8220;stretch_row&#8220; background_color=&#8220;custom&#8220; lg_spacing=&#8220;padding_top:64;padding_bottom:64&#8243; custom_background_color=&#8220;rgba(56,122,255,0.8)&#8220;][vc_column width=&#8220;2\/3&#8243;][tm_heading tag=&#8220;p&#8220; custom_google_font=&#8220;&#8220; text_color=&#8220;custom&#8220; custom_text_color=&#8220;rgba(255,255,255,0.84)&#8220; letter_spacing=&#8220;.06em&#8220;]DAS K\u00d6NNTE SIE EBENFALLS INTERESSIEREN[\/tm_heading][tm_spacer size=&#8220;lg:10&#8243;][tm_heading style=&#8220;common&#8220; custom_google_font=&#8220;&#8220; text_color=&#8220;custom&#8220; custom_text_color=&#8220;#ffffff&#8220;]Netzbetreiber[\/tm_heading][tm_spacer size=&#8220;lg:20&#8243;][tm_heading tag=&#8220;p&#8220; custom_google_font=&#8220;&#8220; text_color=&#8220;custom&#8220; custom_text_color=&#8220;#ffffff&#8220; font_size=&#8220;lg:16&#8243; line_height=&#8220;1.67&#8243;]\u00dcberzeugen Sie sich davon, dass SDK.Apps die richtige L\u00f6sung f\u00fcr Ihr Netz ist.[\/tm_heading][tm_spacer size=&#8220;sm:40;lg:30&#8243;][vc_row_inner][vc_column_inner][tm_button style=&#8220;solid&#8220; size=&#8220;lg&#8220; button=&#8220;url:https%3A%2F%2Fwww.sdk.at%2Findex.php%2Findustry-sectors%2Fenergy-industry%2Fnetzbetreiber%2F|title:mehr&#8230;&#8220; color=&#8220;custom&#8220; font_color=&#8220;custom&#8220; button_border_color=&#8220;custom&#8220; button_bg_color_hover=&#8220;transparent&#8220; custom_border_color=&#8220;#ffffff&#8220; custom_font_color=&#8220;#ffffff&#8220; custom_button_border_color=&#8220;#ffffff&#8220; rounded=&#8220;50px&#8220;][\/vc_column_inner][\/vc_row_inner][\/vc_column][vc_column width=&#8220;1\/6&#8243; align=&#8220;center&#8220;][\/vc_column][vc_column width=&#8220;1\/6&#8243;][\/vc_column][\/vc_row]<\/p>\n<\/section>","protected":false},"excerpt":{"rendered":"<p>Excerpt f\u00fcr diese Seite einstellen<\/p>\n","protected":false},"author":1,"featured_media":0,"parent":3052,"menu_order":0,"comment_status":"closed","ping_status":"closed","template":"templates\/blank.php","meta":{"_eb_attr":"","footnotes":""},"class_list":["post-3623","page","type-page","status-publish","hentry","post-no-thumbnail"],"_links":{"self":[{"href":"https:\/\/www.sdk.at\/index.php\/wp-json\/wp\/v2\/pages\/3623","targetHints":{"allow":["GET"]}}],"collection":[{"href":"https:\/\/www.sdk.at\/index.php\/wp-json\/wp\/v2\/pages"}],"about":[{"href":"https:\/\/www.sdk.at\/index.php\/wp-json\/wp\/v2\/types\/page"}],"author":[{"embeddable":true,"href":"https:\/\/www.sdk.at\/index.php\/wp-json\/wp\/v2\/users\/1"}],"replies":[{"embeddable":true,"href":"https:\/\/www.sdk.at\/index.php\/wp-json\/wp\/v2\/comments?post=3623"}],"version-history":[{"count":34,"href":"https:\/\/www.sdk.at\/index.php\/wp-json\/wp\/v2\/pages\/3623\/revisions"}],"predecessor-version":[{"id":5147,"href":"https:\/\/www.sdk.at\/index.php\/wp-json\/wp\/v2\/pages\/3623\/revisions\/5147"}],"up":[{"embeddable":true,"href":"https:\/\/www.sdk.at\/index.php\/wp-json\/wp\/v2\/pages\/3052"}],"wp:attachment":[{"href":"https:\/\/www.sdk.at\/index.php\/wp-json\/wp\/v2\/media?parent=3623"}],"curies":[{"name":"wp","href":"https:\/\/api.w.org\/{rel}","templated":true}]}}