{"id":3618,"date":"2021-07-12T12:51:51","date_gmt":"2021-07-12T10:51:51","guid":{"rendered":"http:\/\/wordpress.sdk.at\/?page_id=3618"},"modified":"2022-06-24T10:18:19","modified_gmt":"2022-06-24T08:18:19","slug":"netzbetreiber","status":"publish","type":"page","link":"https:\/\/www.sdk.at\/index.php\/industry-sectors\/energy-industry\/netzbetreiber\/","title":{"rendered":"Netzbetreiber"},"content":{"rendered":"<section class=\"wpb-content-wrapper\"><p>[vc_row full_width=&#8220;stretch_row&#8220; content_placement=&#8220;middle&#8220; background_color=&#8220;custom&#8220; overlay_background=&#8220;custom&#8220; overlay_custom_background=&#8220;#ffffff&#8220; overlay_opacity=&#8220;80&#8243; custom_background_color=&#8220;#f6fafe&#8220; background_image=&#8220;4813&#8243;][vc_column][tm_spacer size=&#8220;xs:50;sm:70;md:75;lg:100&#8243;][tm_heading tag=&#8220;h1&#8243; custom_google_font=&#8220;&#8220; align=&#8220;center&#8220; font_size=&#8220;xs:24;sm:36;md:48;lg:60&#8243;]Netzbetreiber[\/tm_heading][tm_spacer size=&#8220;xs:20;sm:30;md:40;lg:50&#8243;][tm_heading tag=&#8220;p&#8220; custom_google_font=&#8220;&#8220; align=&#8220;center&#8220; font_size=&#8220;xs:14;sm:16;md:18;lg:18&#8243;]Die lange Zeit best\u00e4ndigen Energiem\u00e4rkte \u00e4ndern sich in rasantem Tempo. Die Verlagerung hin zu dezentraler Energieerzeugung und die damit verbundenen gesetzlichen und regulatorischen Vorgaben stellen Netzbetreiber vor neue Herausforderungen.<br \/>\nNetzbetreiber m\u00fcssen laufend neue und immer komplexere Aufgaben am Energiemarkt \u00fcbernehmen.<br \/>\nWir helfen Ihnen, alle Aufgaben effizient zu erf\u00fcllen.[\/tm_heading][tm_spacer size=&#8220;xs:50;sm:70;md:75;lg:110&#8243;][\/vc_column][\/vc_row][vc_row][vc_column][tm_spacer size=&#8220;lg:70&#8243;][tm_heading custom_google_font=&#8220;&#8220; align=&#8220;center&#8220; font_size=&#8220;sm:28;md:34;lg:40&#8243; line_height=&#8220;1.4&#8243;]Die SDK-L\u00f6sung f\u00fcr einfachen und effizienten<br \/>\nBetrieb Ihres Netzes.[\/tm_heading][\/vc_column][vc_column width=&#8220;2\/4&#8243;][tm_spacer size=&#8220;lg:45&#8243;][tm_heading tag=&#8220;p&#8220; custom_google_font=&#8220;&#8220;]SDK.Apps ist die All-In-One-L\u00f6sung f\u00fcr Netzbetreiber. Von der Automatisierung der Marktkommunikation (Wechselprozesse, Stammdatenabgleich, Verbrauchsdaten\u00fcbermittlung, Rechnung,&#8230;) \u00fcber die Stammdatenverwaltung, Ger\u00e4te-\/Lagermanagement, Abrechnung oder SmartMeter-Steuerung erledigen Sie alle Aufgaben mit einer vollst\u00e4ndig integrierten, auf die Energiewirtschaft zugeschnittenen, L\u00f6sung.[\/tm_heading][tm_spacer size=&#8220;lg:70&#8243;][tm_accordion style=&#8220;02&#8243; open_index=&#8220;1&#8243; el_class=&#8220;custom-accordion-items-bg&#8220; items=&#8220;%5B%7B%22title%22%3A%22Kunden-%2FVertragsmanagement%22%2C%22content%22%3A%22F%C3%BCr%20alle%20relevanten%20Informationen%2C%20welche%20sich%20im%20Lauf%20der%20Zeit%20f%C3%BCr%20die%20einzelnen%20Versorgungsstellen%20in%20Ihrem%20Netzgebiet%20ergeben%2C%20gibt%20es%20einen%20Platz%20in%20SDK.Apps.%20Verwalten%20Sie%20Kundendaten%2F-adressen%2C%20Kontakte%20und%20Vertr%C3%A4ge%2C%20Z%C3%A4hlpunkte%2C%20Ger%C3%A4te%2FSkalen%2C%20Messstellen%20und%20vieles%20mehr.%20Sie%20wollen%20Informationen%20speichern%20f%C3%BCr%20welche%20in%20SDK.Apps%20nichts%20vorgesehen%20ist%3F%20Kein%20Problem%3A%20Erweitern%20Sie%20die%20Applikation%20%C3%BCber%20dynamische%20Details.%20Und%20nach%207%20Jahren%20sind%20die%20Kundendaten%2C%20wenn%20Sie%20m%C3%B6chten%2C%20wieder%20gel%C3%B6scht%20oder%20pseudonymisiert%20(DSGVO-konform).%22%7D%2C%7B%22title%22%3A%22Flexible%20formelbasierte%20Abrechnung%22%2C%22content%22%3A%22Die%20Energie-%20und%20Messdaten%2C%20welche%20Sie%20an%20Lieferanten%20oder%20andere%20Marktteilnehmer%20%C3%BCbermitteln%20werden%20immer%20umfangreicher.%20Netzbetreiber%20sind%20bereits%20jetzt%20gefragt%20komplexe%20Abrechnungsmodelle%20f%C3%BCr%20gemeinschaftliche%20Erzeugungsanlagen%2C%20Einspeiser%20oder%20Energiegemeinschaften%20abzurechnen.%20Es%20ist%20nur%20eine%20Frage%20der%20Zeit%20bis%20auch%20die%20klassische%20Netzabrechnung%20den%20neuen%20technischen%20M%C3%B6glichkeiten%20der%20Messger%C3%A4te%20folgt.%20R%C3%BCsten%20Sie%20sich%20bereits%20jetzt%20f%C3%BCr%20zuk%C3%BCnftige%20Anforderungen.%20%5CnIn%20SDK.Apps%20setzen%20wir%20daher%20auf%20eine%20vollst%C3%A4ndig%20dynamische%2C%20formelbasierte%20Abrechnung%20%C3%BCber%20Verrechnungskonfigurationen.%20Beziehen%20Sie%20die%20Variablen%20ein%2C%20die%20Sie%20f%C3%BCr%20Ihre%20Abrechnung%20ben%C3%B6tigen%20und%20vermeiden%20Sie%20kostenintensive%20Weiterentwicklungen%20Ihrer%20bestehenden%20Applikation.%22%7D%2C%7B%22title%22%3A%22Hochautomatisierte%20Marktkommunikation%22%2C%22content%22%3A%22Anmelde-%2FWechselprozesse%2C%20Stammdatenabgleich%20zwischen%20Marktpartnern%2C%20Datenfreigaben%20f%C3%BCr%20Dritte%2C%20Erzeugungsgemeinschaften%2C%20digitale%20Rechnungen%2C%20Lastprofildaten.%20Das%20sind%20nur%20ein%20Auszug%20der%20Marktprozesse%2C%20die%20jeder%20Netzbetreiber%20mit%20kurzen%20Reaktionszeiten%20durchzuf%C3%BChren%20hat.%20Und%20der%20Umfang%20der%20digitalen%20Marktkommunikation%20in%20der%20Energiewirtschaft%20steigt%20rapide%20an.%20%20Eine%20manuelle%20oder%20halbautomatische%20Bearbeitung%20ist%20nicht%20mehr%20zeitgem%C3%A4%C3%9F.%20Nutzen%20Sie%20daher%20die%20hochautomatisierte%20Marktkommunikation%20in%20SDK.Apps.%22%7D%2C%7B%22title%22%3A%22Zahlungsverkehr%22%2C%22content%22%3A%22Bankeinzug%20oder%20%C3%9Cberweisung%20im%20SEPA-Zahlungsraum%20inkl.%20Verwaltung%20der%20zugeh%C3%B6rigen%20Mandate%20von%20Ihren%20Kunden%20oder%20Verarbeitung%20von%20Avisos%20und%20Zahlungen%20im%20Falle%20einer%20Netzweiterverrechnung%20sind%20fixer%20Bestandteil%20von%20SDK.Apps.%20Wenn%20Ihre%20Kunden%20lieber%20per%20Erlagschein%20bezahlen%2C%20k%C3%B6nnen%20Sie%20auch%20diese%20automatisiert%20erstellen%20und%20drucken.%20Da%20das%20System%20die%20Salden%20und%20F%C3%A4lligkeiten%20immer%20im%20Blick%20hat%2C%20werden%20die%20erforderlichen%20Zahlungen%20vorgeschlagen.%20Dann%20fehlt%20nur%20noch%20Ihre%20Freigabe%20-%20und%20der%20Zahlungsverkehr%20wird%20ausgef%C3%BChrt.%22%7D%2C%7B%22title%22%3A%22Energiedatenmanagement%22%2C%22content%22%3A%22Netzbetreiber%20m%C3%BCssen%20bereits%20heute%20gro%C3%9Fe%20Mengen%20an%20Energiedaten%20in%20Ihren%20Systemen%20verwalten%20und%20an%20andere%20Marktteilnehmer%20versenden.%20Durch%20die%20laufenden%20SmartMeter-Einf%C3%BChrungen%20und%20neue%20Marktmodelle%20wie%20Energiegemeinschaften%20oder%20gemeinschaftliche%20Erzeugungsanlagen%20steigen%20diese%20Mengen%20k%C3%BCnftig%20enorm.%20Statt%20wenigen%20Z%C3%A4hlerst%C3%A4nden%20pro%20Jahr%20f%C3%BCr%20jede%20Verbrauchsstelle%20messen%20Sie%2C%20je%20nach%20Konfiguration%2C%20365%20oder%20gar%20mehr%20als%2035.000%20Verbrauchswerte%20pro%20Jahr%20-%20und%20das%20f%C3%BCr%20jede%20Verbrauchsstelle.%20SDK.Apps%20bringt%20die%20Werkzeuge%20mit%20um%20diese%20Lastprofildaten%20zu%20verwalten%2C%20zu%20aggregieren%2C%20Zuteilungen%20f%C3%BCr%20Energiegemeinschaften%20oder%20beliebige%20Berechnungen%20damit%20durchzuf%C3%BChren.%22%7D%2C%7B%22title%22%3A%22Vollst%C3%A4ndig%20integriertes%20Kundenportal%22%2C%22content%22%3A%22Bieten%20Sie%20Ihren%20Kunden%20ein%2024%2F7-Service.%20%20Mit%20dem%20vollst%C3%A4ndig%20in%20SDK.Apps%20integrierten%20Self-Service-Portal%20haben%20Ihre%20Kunden%20jederzeit%20Zugriff%20auf%20Rechnungen%20und%20Zahlungen%2C%20Informationen%20zu%20Ihrer%20Verbrauchsstelle%20oder%20(SmartMeter-)Verbrauchsdaten.%20Die%20selbstst%C3%A4ndige%20Pflege%20von%20Kontakt-%20oder%20Zahlungsinformationen%20im%20Portal%20durch%20Kunden%20reduziert%20au%C3%9Ferdem%20Anrufe%20in%20der%20Hotline.%22%7D%2C%7B%22title%22%3A%22Berichte%20und%20interaktive%20Dashboards%22%2C%22content%22%3A%22Behalten%20Sie%20den%20%C3%9Cberblick.%20Unz%C3%A4hlige%20Berichte%20und%20eine%20immer%20gr%C3%B6%C3%9Fer%20werdende%20Zahl%20interaktiver%20Dashboards%20unterst%C3%BCtzen%20Sie%20dabei%20Ihre%20Prozesse%20und%20Kennzahlen%20im%20Blick%20zu%20behalten.%20Damit%20jederzeit%20klar%20ist%20wo%20Ihre%20Aufmerksamkeit%20gerade%20ben%C3%B6tigt%20wird.%22%7D%5D&#8220;][tm_spacer size=&#8220;lg:45&#8243;][tm_heading tag=&#8220;p&#8220; custom_google_font=&#8220;&#8220;]Die Realisierung Ihrer Idee ist nur ein paar Mausklicks entfernt. Z\u00f6gern Sie nicht und <mark><a href=\"wordpress.sdk.at\/contact\">kontaktieren<\/a><\/mark> Sie uns f\u00fcr weitere Informationen.[\/tm_heading][tm_spacer size=&#8220;lg:70&#8243;][\/vc_column][vc_column width=&#8220;2\/4&#8243;][tm_spacer size=&#8220;lg:45&#8243;][tm_image image_size=&#8220;custom&#8220; image=&#8220;4819&#8243; image_size_width=&#8220;500&#8243; image_size_height=&#8220;300&#8243;][tm_spacer size=&#8220;lg:70&#8243;][tm_heading tag=&#8220;h4&#8243; custom_google_font=&#8220;&#8220; font_size=&#8220;xs:16;sm:18;md:20;lg:24&#8243; line_height=&#8220;1.4&#8243;]Service &amp; Projektablauf[\/tm_heading][tm_spacer size=&#8220;lg:25&#8243;][tm_heading tag=&#8220;p&#8220; custom_google_font=&#8220;&#8220;]Wir begleiten Sie durch Ihr gesamtes Projekt!<\/p>\n<p>Sie sind <mark>bereits SDK-Kunde<\/mark> und m\u00f6chten in Ihrem Netz neue Akzente setzen &#8211; wir unterst\u00fctzen Sie dabei:<\/p>\n<ul>\n<li>Beratung &amp; Konzeption<\/li>\n<li>Umsetzung<\/li>\n<li>Konfiguration &amp; Schulung<\/li>\n<\/ul>\n<p>Sie <mark>interessieren Sich f\u00fcr SDK.Apps<\/mark> &#8211; sprechen Sie uns an.<\/p>\n<p>SDK-Experten begleiten Sie durch das gesamte Projekt. Profitieren Sie von der N\u00e4he der Projektdurchf\u00fchrung zur Entwicklung. Ihr Projekt wird direkt durch den Softwarehersteller abgewickelt:<\/p>\n<ul>\n<li>Beratung &amp; Konzeption<\/li>\n<li>Unterst\u00fctzung bei erforderlicher Beschaffung von Hard- und Software<\/li>\n<li>Durchf\u00fchrung oder Unterst\u00fctzung von Daten\u00fcbernahmen<\/li>\n<li>Initiale Konfiguration und Parametrierung<\/li>\n<li>Erstellung individueller Layouts f\u00fcr Drucke, Portale, Auswertungen<\/li>\n<li>Schulungen Ihrer Mitarbeiter im Umgang mit der Software und Prozessabl\u00e4ufen<\/li>\n<li>Intensive Unterst\u00fctzung nach GoLive<\/li>\n<li>Kurze Reaktionszeiten bei Problemen im Produktivbetrieb<\/li>\n<li>Laufende Wartung und Weiterentwicklung<\/li>\n<\/ul>\n<p>[\/tm_heading][tm_spacer size=&#8220;lg:45&#8243;][tm_button style=&#8220;text&#8220; button=&#8220;url:https%3A%2F%2Fwww.sdk.at%2Findex.php%2Fsdk-apps-2%2F|title:Mehr%20zu%20SDK.Apps&#8220; icon_type=&#8220;fontawesome5&#8243; icon_fontawesome5=&#8220;far fa-long-arrow-right&#8220; color=&#8220;custom&#8220; font_color=&#8220;primary&#8220;][tm_spacer size=&#8220;lg:70&#8243;][\/vc_column][\/vc_row][vc_row full_width=&#8220;stretch_row_content_no_spaces&#8220;][vc_column max_width=&#8220;100%&#8220;][vc_separator][\/vc_column][\/vc_row][vc_row full_width=&#8220;stretch_row&#8220;][vc_column][tm_spacer size=&#8220;lg:65&#8243;][tm_grid centered_items=&#8220;1&#8243; columns=&#8220;xs:1;sm:2;lg:3&#8243; column_gutter=&#8220;lg:30&#8243; row_gutter=&#8220;lg:30&#8243;][tm_box_icon align=&#8220;center&#8220; icon_type=&#8220;linea_svg&#8220; icon_linea_svg=&#8220;linea-arrows-circle-check&#8220; heading=&#8220;Integration in bestehende IT-Landschaft&#8220; text=&#8220;Integrieren Sie SDK.Apps in Ihre bestehende Systemlandschaft. Durch zahlreiche Schnittstellen-(technologien) vollst\u00e4ndig integrierbar&#8220;][tm_box_icon align=&#8220;center&#8220; icon_type=&#8220;linea_svg&#8220; icon_linea_svg=&#8220;linea-arrows-circle-check&#8220; heading=&#8220;Abbildung aktueller Gesetze\/Marktregeln&#8220; text=&#8220;Anpassungen f\u00fcr gesetzliche\/regulatorische Rahmenbedingungen erhalten Sie automatisch mit der n\u00e4chsten Version&#8220;][tm_box_icon align=&#8220;center&#8220; icon_type=&#8220;linea_svg&#8220; icon_linea_svg=&#8220;linea-arrows-circle-check&#8220; heading=&#8220;Vollst\u00e4ndig skalier- und konfigurierbar&#8220; text=&#8220;Das Verarbeiten von Massendaten und eine hochgradige Konfigurierbarkeit sind unsere Kernkompetenzen.&#8220;][\/tm_grid][tm_spacer size=&#8220;lg:80&#8243;][\/vc_column][\/vc_row][vc_row full_width=&#8220;stretch_row&#8220; background_color=&#8220;custom&#8220; lg_spacing=&#8220;padding_top:64;padding_bottom:64&#8243; custom_background_color=&#8220;rgba(56,122,255,0.8)&#8220;][vc_column width=&#8220;1\/6&#8243; align=&#8220;center&#8220;][\/vc_column][vc_column width=&#8220;2\/3&#8243;][tm_heading style=&#8220;common&#8220; custom_google_font=&#8220;&#8220; align=&#8220;center&#8220; text_color=&#8220;custom&#8220; custom_text_color=&#8220;#ffffff&#8220;]Haben Sie Fragen?[\/tm_heading][tm_spacer size=&#8220;lg:20&#8243;][tm_heading tag=&#8220;p&#8220; custom_google_font=&#8220;&#8220; align=&#8220;center&#8220; text_color=&#8220;custom&#8220; custom_text_color=&#8220;#ffffff&#8220; font_size=&#8220;lg:16&#8243; line_height=&#8220;1.67&#8243;]Wir sind gerne f\u00fcr Sie da und freuen uns auf Ihre Kontaktanfrage.[\/tm_heading][tm_spacer size=&#8220;sm:40;lg:30&#8243;][vc_row_inner][vc_column_inner][tm_button style=&#8220;solid&#8220; size=&#8220;lg&#8220; button=&#8220;url:https%3A%2F%2Fwww.sdk.at%2Findex.php%2Fkontakt%2F|title:Jetzt%20Kontakt%20aufnehmen&#8220; align=&#8220;center&#8220; color=&#8220;custom&#8220; font_color=&#8220;custom&#8220; button_border_color=&#8220;custom&#8220; button_bg_color_hover=&#8220;transparent&#8220; custom_border_color=&#8220;#ffffff&#8220; custom_font_color=&#8220;#ffffff&#8220; custom_button_border_color=&#8220;#ffffff&#8220; rounded=&#8220;50px&#8220;][\/vc_column_inner][\/vc_row_inner][\/vc_column][vc_column width=&#8220;1\/6&#8243;][\/vc_column][\/vc_row][vc_row][vc_column][tm_spacer size=&#8220;sm:100;lg:120&#8243;][vc_column_text]<div data-post-id=\"4558\" class=\"insert-page insert-page-4558 \"><section class=\"wpb-content-wrapper\"><p>[vc_row][vc_column][tm_slider equal_height=&#8220;1&#8243; pagination=&#8220;01&#8243; gutter=&#8220;30&#8243; text_align=&#8220;left&#8220; items_display=&#8220;xs:1;sm:2;md:2;lg:2&#8243; items=&#8220;%5B%7B%22image%22%3A%224975%22%2C%22title%22%3A%22v2.36%20f%C3%BCr%20Testsysteme%20verf%C3%BCgbar%22%2C%22text%22%3A%22Version%202.36%20steht%20ab%20sofort%20zum%20Testen%20zur%20Verf%C3%BCgung.%20Alle%20%C3%84nderungen%2FCRs%20f%C3%BCr%20Kunden%20im%20Wiki%20ersichtlich.%20Produktivinstallationen%20ab%2001.April%22%2C%22link%22%3A%22title%3AMehr%2520erfahren%22%7D%2C%7B%22image%22%3A%224973%22%2C%22title%22%3A%22Produktivinstallationen%20v2.36%20abgeschlossen%22%2C%22text%22%3A%22Es%20wurden%20alle%20Systeme%2C%20welche%20Marktkommunikation%20in%20DE%2FAT%20nutzen%2C%20produktiv%20auf%20v2.36%20aktualisiert%22%2C%22link%22%3A%22title%3AMehr%2520erfahren%22%7D%2C%7B%22image%22%3A%224977%22%2C%22title%22%3A%22Energiekostenausgleich%20verf%C3%BCgbar%22%2C%22text%22%3A%22Die%20Umsetzungen%20f%C3%BCr%20die%20automatisierte%20Verarbeitung%20des%20Energiekostenausgleichs%2FEnergiegutscheins%20in%20AT%20sind%20produktiv%20verf%C3%BCgbar.%22%2C%22link%22%3A%22Link%22%7D%2C%7B%22image%22%3A%224971%22%2C%22title%22%3A%22Neue%20Homepage%22%2C%22text%22%3A%22Auf%20der%20neuen%20SDK-Homepage%20finden%20Sie%20neben%20allgemeinen%20Infos%20zu%20SDK.Apps%20laufend%20Neuigkeiten%20und%20Themen%20mit%20aktueller%20Relevanz%20f%C3%BCr%20die%20Branche%22%2C%22link%22%3A%22title%3AMehr%2520erfahren%22%7D%5D&#8220; auto_play=&#8220;2500&#8243;][\/vc_column][\/vc_row]<\/p>\n<\/section><\/div>[\/vc_column_text][tm_spacer size=&#8220;sm:100;lg:120&#8243;][\/vc_column][\/vc_row][vc_row full_width=&#8220;stretch_row&#8220; background_color=&#8220;custom&#8220; lg_spacing=&#8220;padding_top:64;padding_bottom:64&#8243; custom_background_color=&#8220;rgba(56,122,255,0.8)&#8220;][vc_column width=&#8220;2\/3&#8243;][tm_heading tag=&#8220;p&#8220; custom_google_font=&#8220;&#8220; text_color=&#8220;custom&#8220; custom_text_color=&#8220;rgba(255,255,255,0.84)&#8220; letter_spacing=&#8220;.06em&#8220;]DAS K\u00d6NNTE SIE EBENFALLS INTERESSIEREN[\/tm_heading][tm_spacer size=&#8220;lg:10&#8243;][tm_heading style=&#8220;common&#8220; custom_google_font=&#8220;&#8220; text_color=&#8220;custom&#8220; custom_text_color=&#8220;#ffffff&#8220;]Messstellenbetreiber[\/tm_heading][tm_spacer size=&#8220;lg:20&#8243;][tm_heading tag=&#8220;p&#8220; custom_google_font=&#8220;&#8220; text_color=&#8220;custom&#8220; custom_text_color=&#8220;#ffffff&#8220; font_size=&#8220;lg:16&#8243; line_height=&#8220;1.67&#8243;]Sie Sind ebenso Messstellenbetreiber? In SDK.Apps finden Sie alle erforderlichen Werkzeuge.[\/tm_heading][tm_spacer size=&#8220;sm:40;lg:30&#8243;][vc_row_inner][vc_column_inner][tm_button style=&#8220;solid&#8220; size=&#8220;lg&#8220; button=&#8220;url:https%3A%2F%2Fwww.sdk.at%2Findex.php%2Findustry-sectors%2Fenergy-industry%2Fmessstellenbetriber%2F|title:mehr&#8230;&#8220; color=&#8220;custom&#8220; font_color=&#8220;custom&#8220; button_border_color=&#8220;custom&#8220; button_bg_color_hover=&#8220;transparent&#8220; custom_border_color=&#8220;#ffffff&#8220; custom_font_color=&#8220;#ffffff&#8220; custom_button_border_color=&#8220;#ffffff&#8220; rounded=&#8220;50px&#8220;][\/vc_column_inner][\/vc_row_inner][\/vc_column][vc_column width=&#8220;1\/6&#8243; align=&#8220;center&#8220;][\/vc_column][vc_column width=&#8220;1\/6&#8243;][\/vc_column][\/vc_row]<\/p>\n<\/section>","protected":false},"excerpt":{"rendered":"<p>Excerpt f\u00fcr diese Seite einstellen<\/p>\n","protected":false},"author":1,"featured_media":0,"parent":3052,"menu_order":0,"comment_status":"closed","ping_status":"closed","template":"templates\/blank.php","meta":{"_eb_attr":"","footnotes":""},"class_list":["post-3618","page","type-page","status-publish","hentry","post-no-thumbnail"],"_links":{"self":[{"href":"https:\/\/www.sdk.at\/index.php\/wp-json\/wp\/v2\/pages\/3618","targetHints":{"allow":["GET"]}}],"collection":[{"href":"https:\/\/www.sdk.at\/index.php\/wp-json\/wp\/v2\/pages"}],"about":[{"href":"https:\/\/www.sdk.at\/index.php\/wp-json\/wp\/v2\/types\/page"}],"author":[{"embeddable":true,"href":"https:\/\/www.sdk.at\/index.php\/wp-json\/wp\/v2\/users\/1"}],"replies":[{"embeddable":true,"href":"https:\/\/www.sdk.at\/index.php\/wp-json\/wp\/v2\/comments?post=3618"}],"version-history":[{"count":41,"href":"https:\/\/www.sdk.at\/index.php\/wp-json\/wp\/v2\/pages\/3618\/revisions"}],"predecessor-version":[{"id":5162,"href":"https:\/\/www.sdk.at\/index.php\/wp-json\/wp\/v2\/pages\/3618\/revisions\/5162"}],"up":[{"embeddable":true,"href":"https:\/\/www.sdk.at\/index.php\/wp-json\/wp\/v2\/pages\/3052"}],"wp:attachment":[{"href":"https:\/\/www.sdk.at\/index.php\/wp-json\/wp\/v2\/media?parent=3618"}],"curies":[{"name":"wp","href":"https:\/\/api.w.org\/{rel}","templated":true}]}}