{"id":3610,"date":"2021-07-12T12:42:44","date_gmt":"2021-07-12T10:42:44","guid":{"rendered":"http:\/\/wordpress.sdk.at\/?page_id=3610"},"modified":"2022-06-23T17:37:31","modified_gmt":"2022-06-23T15:37:31","slug":"contracting","status":"publish","type":"page","link":"https:\/\/www.sdk.at\/index.php\/aktuelles\/contracting\/","title":{"rendered":"Contracting"},"content":{"rendered":"<section class=\"wpb-content-wrapper\"><p>[vc_row full_width=&#8220;stretch_row&#8220; content_placement=&#8220;middle&#8220; background_color=&#8220;custom&#8220; overlay_background=&#8220;custom&#8220; overlay_custom_background=&#8220;#ffffff&#8220; overlay_opacity=&#8220;80&#8243; custom_background_color=&#8220;#f6fafe&#8220; background_image=&#8220;4905&#8243;][vc_column][tm_spacer size=&#8220;xs:50;sm:70;md:75;lg:100&#8243;][tm_heading tag=&#8220;h1&#8243; custom_google_font=&#8220;&#8220; align=&#8220;center&#8220; font_size=&#8220;xs:24;sm:36;md:48;lg:60&#8243;]Contracting[\/tm_heading][tm_spacer size=&#8220;xs:20;sm:30;md:40;lg:50&#8243;][tm_heading tag=&#8220;p&#8220; custom_google_font=&#8220;&#8220; align=&#8220;center&#8220; font_size=&#8220;xs:14;sm:16;md:18;lg:18&#8243;]Sie bieten Ihren Kunden ein umfassendes Service?<br \/>\nEgal welche Energieart, Sie unterst\u00fctzen bei der Errichtung und dem Betrieb der Anlage und sorgen f\u00fcr den optimalen Einkauf der erforderlichen Ressourcen?<br \/>\nDazu ben\u00f6tigen Sie unsere Software.[\/tm_heading][tm_spacer size=&#8220;xs:50;sm:70;md:75;lg:110&#8243;][\/vc_column][\/vc_row][vc_row][vc_column width=&#8220;2\/4&#8243;][tm_spacer size=&#8220;lg:45&#8243;][tm_heading tag=&#8220;h4&#8243; custom_google_font=&#8220;&#8220; line_height=&#8220;1.4&#8243; font_size=&#8220;lg:40&#8243;]All-In Service[\/tm_heading][tm_spacer size=&#8220;lg:24&#8243;][tm_heading tag=&#8220;p&#8220; custom_google_font=&#8220;&#8220;]Sie bieten Ihren Kunden ein individuelles Komplettpaket und \u00fcbernehmen die Planung, Finanzierung, Errichtung und den Betrieb der Energieversorgung.<br \/>\nIhre jahrelange Erfahrung erm\u00f6glicht die optimale Energiel\u00f6sung egal ob f\u00fcr Privat-, Gewerbe- oder Industriekunden.<br \/>\nDie individuellen L\u00f6sungen sind auf die jeweiligen Anforderungen optimiert und garantieren einen effizienten Anlagenbetrieb und eine Senkung der Kosten.[\/tm_heading][tm_spacer size=&#8220;lg:56&#8243;][tm_accordion style=&#8220;02&#8243; el_class=&#8220;custom-accordion-items-bg&#8220; items=&#8220;%5B%7B%22title%22%3A%22Analyse%20und%20Planung%22%2C%22content%22%3A%22Nach%20der%20Bestandsaufnahme%20wird%20das%20Objekt%20mit%20allen%20Energiearten%20(Strom%2C%20Gas%2C%20W%C3%A4rme%2C%20K%C3%A4lte%2C%20Wasser%2C%20Abwasser%2C%20etc.)%20inklusive%20der%20verbauten%20Ger%C3%A4te%20(Z%C3%A4hler%2C%20Kessel%2C%20Steuerungsanlagen%2C%20etc.)%20im%20System%20aufgebaut.%5CnAnhand%20dieser%20Daten%20erfolgt%20die%20Planung%20des%20Soll-Zustandes.%22%7D%2C%7B%22title%22%3A%22Genehmigungen%2C%20F%C3%B6rderungen%22%2C%22content%22%3A%22Unterlagen%20f%C3%BCr%20Genehmigungen%20und%20F%C3%B6rderungen%20werden%20aus%20dem%20System%20erstellt%20und%20im%20SDK.Documentstore%20revisionssicher%20archiviert.%5CnFotos%20der%20Bestandsanlagen%2C%20Bedienungsanleitungen%2C%20Bau-%20und%20Schaltpl%C3%A4ne%2C%20etc.%20werden%20ebenfalls%20archiviert.%22%7D%2C%7B%22title%22%3A%22Errichtung%22%2C%22content%22%3A%22Nach%20der%20Errichtung%20und%20Einbau%20der%20Ger%C3%A4te%2C%20werden%20diese%20im%20System%20erfasst.%5CnDie%20Verwaltung%20von%20Eichrhythmen%2C%20Ger%C3%A4te-%20und%20Wartungskosten%2C%20Speicherung%20von%20Ablese-%20und%20Verbrauchswerten%2C%20etc.%20sind%20selbstverst%C3%A4ndlich%20m%C3%B6glich.%22%7D%2C%7B%22title%22%3A%22Energieversorgung%22%2C%22content%22%3A%22F%C3%BCr%20bestimmte%20Energiearten%20wie%20Strom%2C%20Gas%2C%20W%C3%A4rme%2C%20etc.%20m%C3%BCssen%20Liefervertr%C3%A4ge%20mit%20externen%20Lieferanten%20abgeschlossen%20werden.%20%C3%9Cber%20diese%20wird%20die%20Differenz%20zwischen%20Verbrauch%20und%20Eigenerzeugung%20bezogen.%20Die%20Verwaltung%20der%20erforderlichen%20Daten%20inklusive%20der%20Marktkommunikation%20wird%20mit%20Hilfe%20unserer%20Software%20durchgef%C3%BChrt.%22%7D%2C%7B%22title%22%3A%22Betrieb%2C%20Wartung%22%2C%22content%22%3A%22Der%20Betrieb%20und%20Wartungst%C3%A4tigkeiten%20werden%20dokumentiert.%20Kontrollrhythmen%20(Reinigung%2C%20Ger%C3%A4tetausch%2C%20Batterietausch%2C%20etc.)%20werden%20im%20System%20hinterlegt%20und%20vom%20System%20termingerecht%20vorgeschlagen.%20Ergebnisse%20der%20Wartungst%C3%A4tigkeiten%20werden%20protokolliert.%22%7D%2C%7B%22title%22%3A%22Abrechnung%22%2C%22content%22%3A%22F%C3%BCr%20zugekaufte%20Energiearten%20(Strom%2C%20Gas%2C%20W%C3%A4rme%2C%20etc.)%20werden%20die%20Lieferanten%20und%20deren%20Eingangsrechnungen%20verwaltet%20und%20bezahlt.%5CnDer%20Endkunde%20erh%C3%A4lt%20eine%20Gesamtrechnung%20welche%20die%20Fremdleistungen%20und%20Ihre%20Leistungen%20beinhaltet.%22%7D%5D&#8220;][tm_spacer size=&#8220;lg:70&#8243;][\/vc_column][vc_column width=&#8220;2\/4&#8243;][tm_spacer size=&#8220;lg:45&#8243;][tm_image image_size=&#8220;custom&#8220; image=&#8220;4903&#8243; image_size_width=&#8220;500&#8243; image_size_height=&#8220;300&#8243;][tm_spacer size=&#8220;lg:70&#8243;][tm_heading tag=&#8220;h4&#8243; custom_google_font=&#8220;&#8220; font_size=&#8220;xs:16;sm:18;md:20;lg:24&#8243; line_height=&#8220;1.4&#8243;]Funktionen[\/tm_heading][tm_spacer size=&#8220;lg:25&#8243;][tm_heading tag=&#8220;p&#8220; custom_google_font=&#8220;&#8220;]Unsere Applikation bietet eine Vielzahl von Funktionen um Contracting bestm\u00f6glich zu unterst\u00fctzen.<br \/>\nEin Auszug aus den Funktionen:<\/p>\n<ul>\n<li>Ger\u00e4temanagement<\/li>\n<li>Abrechnung<\/li>\n<li>Zahlungsverkehr<\/li>\n<li>Debitoren-\/Kreditoren-Buchhaltung<\/li>\n<li>Verwaltung gesetzlicher Pr\u00fcfvorschriften (Ger\u00e4tetausch, Pr\u00fcfungen von Kesseln, etc.)<\/li>\n<li>Verwaltung und Erinnerung sonstiger Wartungsarbeiten (Reinigung, Batterietausch, Qualit\u00e4tskontrollen, etc.)<\/li>\n<li>Dokumentation der Anlage, Wartungst\u00e4tigkeiten, Kundenkontakte, etc.<\/li>\n<li>Verwaltung von externen, zugekauften Leistungen (fremde Energielieferanten, Technikern, Installationsfirmen, etc.)<\/li>\n<li>Monitoring der Energiewerte (Verbrauch, Erzeugung, Zukauf)<\/li>\n<li>Webportal f\u00fcr die Endkunden<\/li>\n<li>und vieles mehr &#8230;<\/li>\n<\/ul>\n<p>[\/tm_heading][tm_spacer size=&#8220;lg:70&#8243;][\/vc_column][\/vc_row][vc_row full_width=&#8220;stretch_row_content_no_spaces&#8220;][vc_column max_width=&#8220;100%&#8220;][vc_separator][\/vc_column][\/vc_row][vc_row full_width=&#8220;stretch_row&#8220;][vc_column][tm_spacer size=&#8220;lg:65&#8243;][tm_grid centered_items=&#8220;1&#8243; columns=&#8220;xs:1;sm:2;lg:3&#8243; column_gutter=&#8220;lg:30&#8243; row_gutter=&#8220;lg:30&#8243;][tm_box_icon align=&#8220;center&#8220; icon_type=&#8220;linea_svg&#8220; icon_linea_svg=&#8220;linea-arrows-circle-check&#8220; heading=&#8220;Produktiv im Einsatz&#8220; text=&#8220;Diese Funktionen werden in Produktivsystemen seit Jahren erfolgreich verwendet.&#8220;][tm_box_icon align=&#8220;center&#8220; icon_type=&#8220;linea_svg&#8220; icon_linea_svg=&#8220;linea-arrows-circle-check&#8220; heading=&#8220;Einfach Konfigurierbar&#8220; text=&#8220;Neue, zus\u00e4tzliche Energiearten (Internet, Telekom, etc.) bzw. neue Dienstleistungen und Cross-Selling-Partner?<br \/>\nEinfach konfigurieren.&#8220;][tm_box_icon align=&#8220;center&#8220; icon_type=&#8220;linea_svg&#8220; icon_linea_svg=&#8220;linea-arrows-circle-check&#8220; heading=&#8220;Rasche Projektumsetzung&#8220; text=&#8220;Aufgrund unserer Erfahrungen und der Flexibilit\u00e4t unseres Systems ist eine rasche Projektumsetzung m\u00f6glich.&#8220;][\/tm_grid][tm_spacer size=&#8220;lg:80&#8243;][\/vc_column][\/vc_row][vc_row full_width=&#8220;stretch_row_content_no_spaces&#8220;][vc_column max_width=&#8220;100%&#8220;][vc_separator][\/vc_column][\/vc_row][vc_row full_width=&#8220;stretch_row&#8220; background_color=&#8220;custom&#8220; lg_spacing=&#8220;padding_top:64;padding_bottom:64&#8243; custom_background_color=&#8220;rgba(56,122,255,0.8)&#8220;][vc_column width=&#8220;1\/6&#8243; align=&#8220;center&#8220;][\/vc_column][vc_column width=&#8220;2\/3&#8243;][tm_heading style=&#8220;common&#8220; custom_google_font=&#8220;&#8220; align=&#8220;center&#8220; text_color=&#8220;custom&#8220; custom_text_color=&#8220;#ffffff&#8220;]Haben Sie Fragen?[\/tm_heading][tm_spacer size=&#8220;lg:20&#8243;][tm_heading tag=&#8220;p&#8220; custom_google_font=&#8220;&#8220; align=&#8220;center&#8220; text_color=&#8220;custom&#8220; custom_text_color=&#8220;#ffffff&#8220; font_size=&#8220;lg:16&#8243; line_height=&#8220;1.67&#8243;]Wir sind gerne f\u00fcr Sie da und freuen uns auf Ihre Kontaktanfrage.[\/tm_heading][tm_spacer size=&#8220;sm:40;lg:30&#8243;][vc_row_inner][vc_column_inner][tm_button style=&#8220;solid&#8220; size=&#8220;lg&#8220; button=&#8220;url:https%3A%2F%2Fwww.sdk.at%2Findex.php%2Fkontakt%2F|title:Jetzt%20Kontakt%20aufnehmen&#8220; align=&#8220;center&#8220; color=&#8220;custom&#8220; font_color=&#8220;custom&#8220; button_border_color=&#8220;custom&#8220; button_bg_color_hover=&#8220;transparent&#8220; custom_border_color=&#8220;#ffffff&#8220; custom_font_color=&#8220;#ffffff&#8220; custom_button_border_color=&#8220;#ffffff&#8220; rounded=&#8220;50px&#8220;][\/vc_column_inner][\/vc_row_inner][\/vc_column][vc_column width=&#8220;1\/6&#8243;][\/vc_column][\/vc_row][vc_row][vc_column][tm_spacer size=&#8220;sm:100;lg:120&#8243;][vc_column_text]<div data-post-id=\"4558\" class=\"insert-page insert-page-4558 \"><section class=\"wpb-content-wrapper\"><p>[vc_row][vc_column][tm_slider equal_height=&#8220;1&#8243; pagination=&#8220;01&#8243; gutter=&#8220;30&#8243; text_align=&#8220;left&#8220; items_display=&#8220;xs:1;sm:2;md:2;lg:2&#8243; items=&#8220;%5B%7B%22image%22%3A%224975%22%2C%22title%22%3A%22v2.36%20f%C3%BCr%20Testsysteme%20verf%C3%BCgbar%22%2C%22text%22%3A%22Version%202.36%20steht%20ab%20sofort%20zum%20Testen%20zur%20Verf%C3%BCgung.%20Alle%20%C3%84nderungen%2FCRs%20f%C3%BCr%20Kunden%20im%20Wiki%20ersichtlich.%20Produktivinstallationen%20ab%2001.April%22%2C%22link%22%3A%22title%3AMehr%2520erfahren%22%7D%2C%7B%22image%22%3A%224973%22%2C%22title%22%3A%22Produktivinstallationen%20v2.36%20abgeschlossen%22%2C%22text%22%3A%22Es%20wurden%20alle%20Systeme%2C%20welche%20Marktkommunikation%20in%20DE%2FAT%20nutzen%2C%20produktiv%20auf%20v2.36%20aktualisiert%22%2C%22link%22%3A%22title%3AMehr%2520erfahren%22%7D%2C%7B%22image%22%3A%224977%22%2C%22title%22%3A%22Energiekostenausgleich%20verf%C3%BCgbar%22%2C%22text%22%3A%22Die%20Umsetzungen%20f%C3%BCr%20die%20automatisierte%20Verarbeitung%20des%20Energiekostenausgleichs%2FEnergiegutscheins%20in%20AT%20sind%20produktiv%20verf%C3%BCgbar.%22%2C%22link%22%3A%22Link%22%7D%2C%7B%22image%22%3A%224971%22%2C%22title%22%3A%22Neue%20Homepage%22%2C%22text%22%3A%22Auf%20der%20neuen%20SDK-Homepage%20finden%20Sie%20neben%20allgemeinen%20Infos%20zu%20SDK.Apps%20laufend%20Neuigkeiten%20und%20Themen%20mit%20aktueller%20Relevanz%20f%C3%BCr%20die%20Branche%22%2C%22link%22%3A%22title%3AMehr%2520erfahren%22%7D%5D&#8220; auto_play=&#8220;2500&#8243;][\/vc_column][\/vc_row]<\/p>\n<\/section><\/div>[\/vc_column_text][tm_spacer size=&#8220;sm:100;lg:120&#8243;][\/vc_column][\/vc_row][vc_row full_width=&#8220;stretch_row&#8220; background_color=&#8220;custom&#8220; lg_spacing=&#8220;padding_top:64;padding_bottom:64&#8243; custom_background_color=&#8220;rgba(56,122,255,0.8)&#8220;][vc_column width=&#8220;2\/3&#8243;][tm_heading tag=&#8220;p&#8220; custom_google_font=&#8220;&#8220; text_color=&#8220;custom&#8220; custom_text_color=&#8220;rgba(255,255,255,0.84)&#8220; letter_spacing=&#8220;.06em&#8220;]DAS K\u00d6NNTE SIE EBENFALLS INTERESSIEREN[\/tm_heading][tm_spacer size=&#8220;lg:10&#8243;][tm_heading style=&#8220;common&#8220; custom_google_font=&#8220;&#8220; text_color=&#8220;custom&#8220; custom_text_color=&#8220;#ffffff&#8220;]E-Mobilit\u00e4t[\/tm_heading][tm_spacer size=&#8220;lg:20&#8243;][tm_heading tag=&#8220;p&#8220; custom_google_font=&#8220;&#8220; text_color=&#8220;custom&#8220; custom_text_color=&#8220;#ffffff&#8220; font_size=&#8220;lg:16&#8243; line_height=&#8220;1.67&#8243;]E-Mobilit\u00e4t ist in aller Munde. Bieten Sie Ihren Kunden auch zu diesem Thema L\u00f6sungen an.[\/tm_heading][tm_spacer size=&#8220;sm:40;lg:30&#8243;][vc_row_inner][vc_column_inner][tm_button style=&#8220;solid&#8220; size=&#8220;lg&#8220; button=&#8220;url:https%3A%2F%2Fwww.sdk.at%2Findex.php%2Faktuelles%2Fe-mobility%2F|title:Mehr%20zu%20E-Mobilit%C3%A4t&#8220; color=&#8220;custom&#8220; font_color=&#8220;custom&#8220; button_border_color=&#8220;custom&#8220; button_bg_color_hover=&#8220;transparent&#8220; custom_border_color=&#8220;#ffffff&#8220; custom_font_color=&#8220;#ffffff&#8220; custom_button_border_color=&#8220;#ffffff&#8220; rounded=&#8220;50px&#8220;][\/vc_column_inner][\/vc_row_inner][\/vc_column][vc_column width=&#8220;1\/6&#8243; align=&#8220;center&#8220;][\/vc_column][vc_column width=&#8220;1\/6&#8243;][\/vc_column][\/vc_row][vc_row][vc_column][vc_column_text]<\/p>\n<p>[\/vc_column_text][\/vc_column][\/vc_row]<\/p>\n<\/section>","protected":false},"excerpt":{"rendered":"<p>Excerpt f\u00fcr diese Seite einstellen<\/p>\n","protected":false},"author":1,"featured_media":0,"parent":2947,"menu_order":0,"comment_status":"closed","ping_status":"closed","template":"templates\/blank.php","meta":{"_eb_attr":"","footnotes":""},"class_list":["post-3610","page","type-page","status-publish","hentry","post-no-thumbnail"],"_links":{"self":[{"href":"https:\/\/www.sdk.at\/index.php\/wp-json\/wp\/v2\/pages\/3610","targetHints":{"allow":["GET"]}}],"collection":[{"href":"https:\/\/www.sdk.at\/index.php\/wp-json\/wp\/v2\/pages"}],"about":[{"href":"https:\/\/www.sdk.at\/index.php\/wp-json\/wp\/v2\/types\/page"}],"author":[{"embeddable":true,"href":"https:\/\/www.sdk.at\/index.php\/wp-json\/wp\/v2\/users\/1"}],"replies":[{"embeddable":true,"href":"https:\/\/www.sdk.at\/index.php\/wp-json\/wp\/v2\/comments?post=3610"}],"version-history":[{"count":20,"href":"https:\/\/www.sdk.at\/index.php\/wp-json\/wp\/v2\/pages\/3610\/revisions"}],"predecessor-version":[{"id":5144,"href":"https:\/\/www.sdk.at\/index.php\/wp-json\/wp\/v2\/pages\/3610\/revisions\/5144"}],"up":[{"embeddable":true,"href":"https:\/\/www.sdk.at\/index.php\/wp-json\/wp\/v2\/pages\/2947"}],"wp:attachment":[{"href":"https:\/\/www.sdk.at\/index.php\/wp-json\/wp\/v2\/media?parent=3610"}],"curies":[{"name":"wp","href":"https:\/\/api.w.org\/{rel}","templated":true}]}}