{"id":3604,"date":"2021-07-12T12:36:52","date_gmt":"2021-07-12T10:36:52","guid":{"rendered":"http:\/\/wordpress.sdk.at\/?page_id=3604"},"modified":"2022-06-23T17:36:33","modified_gmt":"2022-06-23T15:36:33","slug":"energiegemeinschaften","status":"publish","type":"page","link":"https:\/\/www.sdk.at\/index.php\/aktuelles\/energiegemeinschaften\/","title":{"rendered":"Energiegemeinschaften"},"content":{"rendered":"<section class=\"wpb-content-wrapper\"><p>[vc_row full_width=&#8220;stretch_row&#8220; content_placement=&#8220;middle&#8220; background_color=&#8220;custom&#8220; overlay_background=&#8220;custom&#8220; overlay_custom_background=&#8220;#ffffff&#8220; overlay_opacity=&#8220;80&#8243; custom_background_color=&#8220;#f6fafe&#8220; background_image=&#8220;4895&#8243;][vc_column][tm_spacer size=&#8220;xs:50;sm:70;md:75;lg:100&#8243;][tm_heading tag=&#8220;h1&#8243; custom_google_font=&#8220;&#8220; align=&#8220;center&#8220; font_size=&#8220;xs:24;sm:36;md:48;lg:60&#8243;]Energiegemeinschaften[\/tm_heading][tm_spacer size=&#8220;xs:20;sm:30;md:40;lg:50&#8243;][tm_heading tag=&#8220;p&#8220; custom_google_font=&#8220;&#8220; align=&#8220;center&#8220; font_size=&#8220;xs:14;sm:16;md:18;lg:18&#8243;]Mit dem &#8222;Erneuerbaren Ausbau Gesetz &#8211; EAG&#8220; werden &#8222;Erneuerbare Energiegemeinschaften&#8220; und &#8222;B\u00fcrgerenergiegemeinschaften&#8220; erm\u00f6glicht.<br \/>\nQuelle: https:\/\/www.parlament.gv.at\/PAKT\/VHG\/XXVII\/I\/I_00733\/index.shtml[\/tm_heading][tm_spacer size=&#8220;xs:50;sm:70;md:75;lg:110&#8243;][\/vc_column][\/vc_row][vc_row][vc_column][tm_spacer size=&#8220;lg:70&#8243;][tm_heading custom_google_font=&#8220;&#8220; align=&#8220;center&#8220; font_size=&#8220;sm:28;md:34;lg:40&#8243; line_height=&#8220;1.4&#8243;]Gemeinschaften, Vereine, Communities, &#8230;[\/tm_heading][\/vc_column][vc_column width=&#8220;2\/4&#8243;][tm_spacer][tm_heading tag=&#8220;h4&#8243; custom_google_font=&#8220;&#8220; line_height=&#8220;1.4&#8243;]Definition[\/tm_heading][tm_spacer size=&#8220;lg:45&#8243;][tm_heading tag=&#8220;p&#8220; custom_google_font=&#8220;&#8220;]Mehrere Erzeuger und Verbraucher k\u00f6nnen sich Energiegemeinschaften anschlie\u00dfen.<br \/>\nDie Erzeuger stellen dabei die Energie den Verbrauchern innerhalb der Gemeinschaft zur Verf\u00fcgung und k\u00f6nnen je nach Gemeinschaft die Energie direkt den Verbrauchern anbieten. Abh\u00e4ngig von der Art der Gemeinschaft k\u00f6nnen sich dadurch Ersparnisse bei den Netzkosten ergeben.[\/tm_heading][tm_spacer size=&#8220;lg:70&#8243;][tm_accordion style=&#8220;02&#8243; el_class=&#8220;custom-accordion-items-bg&#8220; items=&#8220;%5B%7B%22title%22%3A%22Verwaltung%20der%20Gemeinschaften%22%2C%22content%22%3A%22Die%20Gemeinschaften%20inklusive%20deren%20Attribute%20wie%20z.B.%20Gemeinschaftstyp%2C%20%C3%9Cberschussmodell%2C%20Teilnahmemodell%2C%20Dienstleister%2C%20Marktkommunikations-IDs%2C%20etc.%20werden%20verwaltet.%3Cbr%3E%5CnDie%20Zuordnung%20von%20Z%C3%A4hlpunkten%2FTeilnehmern%20erfolgt%20mittels%20Zeitscheiben.%22%7D%2C%7B%22title%22%3A%22Marktkommunikation%22%2C%22content%22%3A%22Alle%20Prozesse%20und%20Datenformate%20f%C3%BCr%20die%20Marktkommunikation%20zwischen%20den%20Marktpartnern%20(Gemeinschaft%2C%20Netzbetreiber%2C%20Lieferant)%20werden%20unterst%C3%BCtzt.%3Cbr%3E%5CnAktuell%20gibt%20es%20folgende%20Prozesse%3A%3Cbr%3E%5Cn1)%20Anmeldung%20eines%20ZP%20(Registrierung%20%2F%20Aktivierung)%3Cbr%3E%5Cn2)%20Abmeldung%20eines%20ZP%20(De-Registrierung%20%2F%20De-Aktivierung)%3Cbr%3E%5Cn3)%20Daten%C3%A4nderungen%2FAbgleich%20der%20gesamten%20EEG%2FGEB%3Cbr%3E%5Cn4)%20Vollmacht%2FCCM%20Prozesse%3Cbr%3E%5Cn5)%20%C3%9Cbertragung%20der%20vom%20NB%20gemessenen%2Fberechneten%20Verbrauchsdaten%20mittels%20DATEN_CRMSG%22%7D%2C%7B%22title%22%3A%22EDM%20Berechnungen%22%2C%22content%22%3A%22Die%20Energiefl%C3%BCsse%20und%20Zuteilungen%20werden%20im%20EDM-Modul%20berechnet.%3Cbr%3E%5CnDaf%C3%BCr%20wurden%20die%20bereits%20bestehende%20umfangreichen%20Formeln%20erweitert%20um%20die%20Zusammenh%C3%A4nge%20der%20Z%C3%A4hlpunkte%20zu%20Energiegemeinschaften%20bestm%C3%B6glich%20zu%20unterst%C3%BCtzen.%22%7D%2C%7B%22title%22%3A%22Abrechnung%20Netzbetreiber%2FLieferant%22%2C%22content%22%3A%22Das%20Billing-Modul%20verwendet%20die%20EDM-Berechnungen%20als%20Basis%20f%C3%BCr%20die%20Berechnung%20der%20Kosten%2FGutschriften.%22%7D%2C%7B%22title%22%3A%22Webportal%22%2C%22content%22%3A%22Im%20Webportal%20werden%20den%20Endkunden%20die%20Energiefl%C3%BCsse%20und%20Zuteilungen%20%C3%BCbersichtlich%20als%20Lastprofile%20dargestellt.%20Selbstverst%C3%A4ndlich%20werden%20auch%20die%20Stammdaten%20und%20Rechnungen%20angezeigt.%22%7D%5D&#8220;][tm_spacer size=&#8220;lg:70&#8243;][\/vc_column][vc_column width=&#8220;2\/4&#8243;][tm_spacer size=&#8220;lg:45&#8243;][tm_image image_size=&#8220;custom&#8220; image=&#8220;4900&#8243; image_size_width=&#8220;500&#8243; image_size_height=&#8220;300&#8243;][tm_spacer size=&#8220;lg:70&#8243;][tm_heading tag=&#8220;h4&#8243; custom_google_font=&#8220;&#8220; font_size=&#8220;xs:16;sm:18;md:20;lg:24&#8243; line_height=&#8220;1.4&#8243;]Arten von Energiegemeinschaften[\/tm_heading][tm_spacer size=&#8220;lg:25&#8243;][tm_heading tag=&#8220;p&#8220; custom_google_font=&#8220;&#8220;]Folgende Gemeinschaftsarten sind definiert:<br \/>\n1) Gemeinschaftliche Erzeugungsanlagen (GEA)<br \/>\n2) Lokale, erneuerbare Energiegemeinschaften (Lokale EEG)<br \/>\n3) Regionale, erneuerbare Energiegemeinschaften (Regionale EEG)<br \/>\n4) B\u00fcrgerenergiegemeinschaften (BEG)<\/p>\n<p>Bei GEA ist eine physikalische Verbindung der Teilnehmer erforderlich. Die Energie darf dabei nicht \u00fcber das \u00f6ffentliche Netz transportiert werden.<br \/>\nBei der EEG ist eine r\u00e4umliche N\u00e4he (Netzebene 4 &#8211; 7) erforderlich.<br \/>\nBei einer BEG ist die r\u00e4umliche N\u00e4he nicht erforderlich.<br \/>\nUnd bei BEG erfolgt die Zuordnung virtuell\/rechnerisch. Eine physikalische Verbindung ist nicht erforderlich.<br \/>\n[\/tm_heading][tm_spacer size=&#8220;lg:70&#8243;][\/vc_column][\/vc_row][vc_row full_width=&#8220;stretch_row_content_no_spaces&#8220;][vc_column max_width=&#8220;100%&#8220;][vc_separator][\/vc_column][\/vc_row][vc_row][vc_column][tm_spacer size=&#8220;lg:65&#8243;][tm_grid align=&#8220;center&#8220; columns=&#8220;xs:1;sm:1;md:1;lg:3&#8243;][tm_circle_progress_chart number=&#8220;100&#8243; size=&#8220;350&#8243; unit=&#8220;&#8220; reverse=&#8220;1&#8243; align=&#8220;center&#8220; inner_content=&#8220;custom_text&#8220; line_width=&#8220;4&#8243; bar_color=&#8220;custom&#8220; custom_bar_color=&#8220;#5b63fe&#8220; number_font_size=&#8220;xs:18;sm:18;md:24;lg:54&#8243; inner_content_text=&#8220;100 Mrd+&#8220; title=&#8220;Messwerte&#8220;]Viele Milliarden von 15-Minuten Messwerten werden verarbeitet[\/tm_circle_progress_chart][tm_circle_progress_chart number=&#8220;100&#8243; size=&#8220;350&#8243; unit=&#8220;&#8220; reverse=&#8220;1&#8243; align=&#8220;center&#8220; inner_content=&#8220;custom_text&#8220; line_width=&#8220;4&#8243; bar_color=&#8220;custom&#8220; custom_bar_color=&#8220;#5b63fe&#8220; number_font_size=&#8220;xs:18;sm:18;md:24;lg:54&#8243; inner_content_text=&#8220;1 TB+&#8220; title=&#8220;Speicherbedarf&#8220;]Je nach Anzahl von Teilnehmern entstehen 1 bis 10 Terabyte an Messwerten[\/tm_circle_progress_chart][tm_circle_progress_chart number=&#8220;100&#8243; size=&#8220;350&#8243; unit=&#8220;&#8220; reverse=&#8220;1&#8243; align=&#8220;center&#8220; inner_content=&#8220;custom_text&#8220; line_width=&#8220;4&#8243; bar_color=&#8220;custom&#8220; custom_bar_color=&#8220;#5b63fe&#8220; number_font_size=&#8220;xs:18;sm:18;md:24;lg:54&#8243; inner_content_text=&#8220;100+&#8220; title=&#8220;Gemeinschaften&#8220;]Die Zahl der zuk\u00fcnftigen Gemeinschaften in \u00d6sterreich wird von einigen hunderten bis vielen tausenden gesch\u00e4tzt[\/tm_circle_progress_chart][\/tm_grid][tm_spacer size=&#8220;lg:80&#8243;][\/vc_column][\/vc_row][vc_row full_width=&#8220;stretch_row_content_no_spaces&#8220;][vc_column max_width=&#8220;100%&#8220;][vc_separator][\/vc_column][\/vc_row][vc_row][vc_column][tm_spacer size=&#8220;sm:100;lg:120&#8243;][tm_slider image_size=&#8220;custom&#8220; equal_height=&#8220;1&#8243; v_center=&#8220;1&#8243; h_center=&#8220;1&#8243; pagination=&#8220;01&#8243; gutter=&#8220;30&#8243; text_align=&#8220;center&#8220; items_display=&#8220;xs:1;sm:1;md:1;lg:1&#8243; items=&#8220;%5B%7B%22image%22%3A%223060%22%2C%22title%22%3A%22Spare%20Kosten%20durch%20die%20Teilnahme%20an%20lokalen%2Fregionalen%20Erneuerbaren%20Energiegemeinschaften%22%2C%22link%22%3A%22Link%22%7D%2C%7B%22image%22%3A%223060%22%2C%22title%22%3A%22Stelle%20deine%20%C3%9Cberschussenergie%20anderen%20zur%20Verf%C3%BCgung%22%2C%22link%22%3A%22Link%22%7D%2C%7B%22image%22%3A%223060%22%2C%22title%22%3A%22Beziehe%20erneuerbare%20Energie%20aus%20deiner%20Region%22%2C%22link%22%3A%22Link%22%7D%5D&#8220; auto_play=&#8220;3000&#8243; image_size_width=&#8220;300&#8243; image_size_height=&#8220;200&#8243; lg_spacing=&#8220;margin_right:70;margin_left:70&#8243;][tm_spacer size=&#8220;sm:100;lg:120&#8243;][\/vc_column][\/vc_row][vc_row full_width=&#8220;stretch_row_content_no_spaces&#8220;][vc_column max_width=&#8220;100%&#8220;][vc_separator][\/vc_column][\/vc_row][vc_row full_width=&#8220;stretch_row&#8220;][vc_column][tm_spacer size=&#8220;lg:65&#8243;][tm_grid centered_items=&#8220;1&#8243; columns=&#8220;xs:1;sm:2;lg:3&#8243; column_gutter=&#8220;lg:30&#8243; row_gutter=&#8220;lg:30&#8243;][tm_box_icon align=&#8220;center&#8220; icon_type=&#8220;linea_svg&#8220; icon_linea_svg=&#8220;linea-arrows-circle-check&#8220; heading=&#8220;Vollst\u00e4ndig skalier- und konfigurierbar&#8220; text=&#8220;Das Verarbeiten von Massendaten und eine hochgradige Konfigurierbarkeit sind unsere Kernkompetenzen.&#8220;][tm_box_icon align=&#8220;center&#8220; icon_type=&#8220;linea_svg&#8220; icon_linea_svg=&#8220;linea-arrows-circle-check&#8220; heading=&#8220;Schnelle Anpassung an neue Anforderungen&#8220; text=&#8220;Aus den gewonnen Erfahrungen neue Anforderungen und Optimierungen zu generieren und diese rasch umzusetzen, ist f\u00fcr uns selbstverst\u00e4ndlich.&#8220;][tm_box_icon align=&#8220;center&#8220; icon_type=&#8220;linea_svg&#8220; icon_linea_svg=&#8220;linea-arrows-circle-check&#8220; heading=&#8220;Serviceorientierte Architektur&#8220; text=&#8220;Durch die serviceorientierte Architektur k\u00f6nnen rasch und einfach Systeme angebunden und Prozessabl\u00e4ufe gestaltet werden.&#8220;][\/tm_grid][tm_spacer size=&#8220;lg:80&#8243;][\/vc_column][\/vc_row][vc_row full_width=&#8220;stretch_row&#8220; background_color=&#8220;custom&#8220; lg_spacing=&#8220;padding_top:64;padding_bottom:64&#8243; custom_background_color=&#8220;rgba(56,122,255,0.8)&#8220;][vc_column width=&#8220;1\/6&#8243; align=&#8220;center&#8220;][\/vc_column][vc_column width=&#8220;2\/3&#8243;][tm_heading style=&#8220;common&#8220; custom_google_font=&#8220;&#8220; align=&#8220;center&#8220; text_color=&#8220;custom&#8220; custom_text_color=&#8220;#ffffff&#8220;]Haben Sie Fragen?[\/tm_heading][tm_spacer size=&#8220;lg:20&#8243;][tm_heading tag=&#8220;p&#8220; custom_google_font=&#8220;&#8220; align=&#8220;center&#8220; text_color=&#8220;custom&#8220; custom_text_color=&#8220;#ffffff&#8220; font_size=&#8220;lg:16&#8243; line_height=&#8220;1.67&#8243;]Wir sind gerne f\u00fcr Sie da und freuen uns auf Ihre Kontaktanfrage.[\/tm_heading][tm_spacer size=&#8220;sm:40;lg:30&#8243;][vc_row_inner][vc_column_inner][tm_button style=&#8220;solid&#8220; size=&#8220;lg&#8220; button=&#8220;url:https%3A%2F%2Fwww.sdk.at%2Findex.php%2Fkontakt%2F|title:Jetzt%20Kontakt%20aufnehmen&#8220; align=&#8220;center&#8220; color=&#8220;custom&#8220; font_color=&#8220;custom&#8220; button_border_color=&#8220;custom&#8220; button_bg_color_hover=&#8220;transparent&#8220; custom_border_color=&#8220;#ffffff&#8220; custom_font_color=&#8220;#ffffff&#8220; custom_button_border_color=&#8220;#ffffff&#8220; rounded=&#8220;50px&#8220;][\/vc_column_inner][\/vc_row_inner][\/vc_column][vc_column width=&#8220;1\/6&#8243;][\/vc_column][\/vc_row][vc_row][vc_column][tm_spacer size=&#8220;sm:100;lg:120&#8243;][vc_column_text]<div data-post-id=\"4558\" class=\"insert-page insert-page-4558 \"><section class=\"wpb-content-wrapper\"><p>[vc_row][vc_column][tm_slider equal_height=&#8220;1&#8243; pagination=&#8220;01&#8243; gutter=&#8220;30&#8243; text_align=&#8220;left&#8220; items_display=&#8220;xs:1;sm:2;md:2;lg:2&#8243; items=&#8220;%5B%7B%22image%22%3A%224975%22%2C%22title%22%3A%22v2.36%20f%C3%BCr%20Testsysteme%20verf%C3%BCgbar%22%2C%22text%22%3A%22Version%202.36%20steht%20ab%20sofort%20zum%20Testen%20zur%20Verf%C3%BCgung.%20Alle%20%C3%84nderungen%2FCRs%20f%C3%BCr%20Kunden%20im%20Wiki%20ersichtlich.%20Produktivinstallationen%20ab%2001.April%22%2C%22link%22%3A%22title%3AMehr%2520erfahren%22%7D%2C%7B%22image%22%3A%224973%22%2C%22title%22%3A%22Produktivinstallationen%20v2.36%20abgeschlossen%22%2C%22text%22%3A%22Es%20wurden%20alle%20Systeme%2C%20welche%20Marktkommunikation%20in%20DE%2FAT%20nutzen%2C%20produktiv%20auf%20v2.36%20aktualisiert%22%2C%22link%22%3A%22title%3AMehr%2520erfahren%22%7D%2C%7B%22image%22%3A%224977%22%2C%22title%22%3A%22Energiekostenausgleich%20verf%C3%BCgbar%22%2C%22text%22%3A%22Die%20Umsetzungen%20f%C3%BCr%20die%20automatisierte%20Verarbeitung%20des%20Energiekostenausgleichs%2FEnergiegutscheins%20in%20AT%20sind%20produktiv%20verf%C3%BCgbar.%22%2C%22link%22%3A%22Link%22%7D%2C%7B%22image%22%3A%224971%22%2C%22title%22%3A%22Neue%20Homepage%22%2C%22text%22%3A%22Auf%20der%20neuen%20SDK-Homepage%20finden%20Sie%20neben%20allgemeinen%20Infos%20zu%20SDK.Apps%20laufend%20Neuigkeiten%20und%20Themen%20mit%20aktueller%20Relevanz%20f%C3%BCr%20die%20Branche%22%2C%22link%22%3A%22title%3AMehr%2520erfahren%22%7D%5D&#8220; auto_play=&#8220;2500&#8243;][\/vc_column][\/vc_row]<\/p>\n<\/section><\/div>[\/vc_column_text][tm_spacer size=&#8220;sm:100;lg:120&#8243;][\/vc_column][\/vc_row][vc_row full_width=&#8220;stretch_row&#8220; background_color=&#8220;custom&#8220; lg_spacing=&#8220;padding_top:64;padding_bottom:64&#8243; custom_background_color=&#8220;rgba(56,122,255,0.8)&#8220;][vc_column width=&#8220;2\/3&#8243;][tm_heading tag=&#8220;p&#8220; custom_google_font=&#8220;&#8220; text_color=&#8220;custom&#8220; custom_text_color=&#8220;rgba(255,255,255,0.84)&#8220; letter_spacing=&#8220;.06em&#8220;]DAS K\u00d6NNTE SIE EBENFALLS INTERESSIEREN[\/tm_heading][tm_spacer size=&#8220;lg:10&#8243;][tm_heading style=&#8220;common&#8220; custom_google_font=&#8220;&#8220; text_color=&#8220;custom&#8220; custom_text_color=&#8220;#ffffff&#8220;]Contracting[\/tm_heading][tm_spacer size=&#8220;lg:20&#8243;][tm_heading tag=&#8220;p&#8220; custom_google_font=&#8220;&#8220; text_color=&#8220;custom&#8220; custom_text_color=&#8220;#ffffff&#8220; font_size=&#8220;lg:16&#8243; line_height=&#8220;1.67&#8243;]Bieten Sie Ihren Kunden umfassende Energiel\u00f6sungen und Beratung. Erreichen Sie damit mehr Kundenbindung.[\/tm_heading][tm_spacer size=&#8220;sm:40;lg:30&#8243;][vc_row_inner][vc_column_inner][tm_button style=&#8220;solid&#8220; size=&#8220;lg&#8220; button=&#8220;url:https%3A%2F%2Fwww.sdk.at%2Findex.php%2Faktuelles%2Fcontracting%2F|title:Mehr%20zu%20Contracting&#8220; color=&#8220;custom&#8220; font_color=&#8220;custom&#8220; button_border_color=&#8220;custom&#8220; button_bg_color_hover=&#8220;transparent&#8220; custom_border_color=&#8220;#ffffff&#8220; custom_font_color=&#8220;#ffffff&#8220; custom_button_border_color=&#8220;#ffffff&#8220; rounded=&#8220;50px&#8220;][\/vc_column_inner][\/vc_row_inner][\/vc_column][vc_column width=&#8220;1\/6&#8243; align=&#8220;center&#8220;][\/vc_column][vc_column width=&#8220;1\/6&#8243;][\/vc_column][\/vc_row]<\/p>\n<\/section>","protected":false},"excerpt":{"rendered":"<p>Excerpt f\u00fcr diese Seite einstellen<\/p>\n","protected":false},"author":1,"featured_media":0,"parent":2947,"menu_order":0,"comment_status":"closed","ping_status":"closed","template":"templates\/blank.php","meta":{"_eb_attr":"","footnotes":""},"class_list":["post-3604","page","type-page","status-publish","hentry","post-no-thumbnail"],"_links":{"self":[{"href":"https:\/\/www.sdk.at\/index.php\/wp-json\/wp\/v2\/pages\/3604","targetHints":{"allow":["GET"]}}],"collection":[{"href":"https:\/\/www.sdk.at\/index.php\/wp-json\/wp\/v2\/pages"}],"about":[{"href":"https:\/\/www.sdk.at\/index.php\/wp-json\/wp\/v2\/types\/page"}],"author":[{"embeddable":true,"href":"https:\/\/www.sdk.at\/index.php\/wp-json\/wp\/v2\/users\/1"}],"replies":[{"embeddable":true,"href":"https:\/\/www.sdk.at\/index.php\/wp-json\/wp\/v2\/comments?post=3604"}],"version-history":[{"count":18,"href":"https:\/\/www.sdk.at\/index.php\/wp-json\/wp\/v2\/pages\/3604\/revisions"}],"predecessor-version":[{"id":5143,"href":"https:\/\/www.sdk.at\/index.php\/wp-json\/wp\/v2\/pages\/3604\/revisions\/5143"}],"up":[{"embeddable":true,"href":"https:\/\/www.sdk.at\/index.php\/wp-json\/wp\/v2\/pages\/2947"}],"wp:attachment":[{"href":"https:\/\/www.sdk.at\/index.php\/wp-json\/wp\/v2\/media?parent=3604"}],"curies":[{"name":"wp","href":"https:\/\/api.w.org\/{rel}","templated":true}]}}