{"id":3346,"date":"2021-07-12T11:21:57","date_gmt":"2021-07-12T09:21:57","guid":{"rendered":"http:\/\/wordpress.sdk.at\/?page_id=3346"},"modified":"2022-06-23T17:32:44","modified_gmt":"2022-06-23T15:32:44","slug":"implementierung","status":"publish","type":"page","link":"https:\/\/www.sdk.at\/index.php\/sdk-apps-2\/implementierung\/","title":{"rendered":"Implementierung"},"content":{"rendered":"<section class=\"wpb-content-wrapper\"><p>[vc_row full_width=&#8220;stretch_row&#8220; content_placement=&#8220;middle&#8220; background_color=&#8220;custom&#8220; overlay_background=&#8220;custom&#8220; overlay_custom_background=&#8220;#ffffff&#8220; overlay_opacity=&#8220;90&#8243; custom_background_color=&#8220;#f6fafe&#8220; background_image=&#8220;4915&#8243;][vc_column][tm_spacer size=&#8220;xs:50;sm:70;md:75;lg:100&#8243;][tm_heading tag=&#8220;h1&#8243; custom_google_font=&#8220;&#8220; align=&#8220;center&#8220; font_size=&#8220;xs:24;sm:36;md:48;lg:60&#8243;]Implementierung[\/tm_heading][tm_spacer size=&#8220;xs:20;sm:30;md:40;lg:50&#8243;][tm_heading tag=&#8220;p&#8220; custom_google_font=&#8220;&#8220; align=&#8220;center&#8220; font_size=&#8220;xs:14;sm:16;md:18;lg:18&#8243;]Unsere Software steht im Fokus der kontinuierlichen Weiterentwicklung, Erweiterung und Verbesserung. Mit modernsten Entwicklungswerkzeugen und Vorgehensmodellen entwickeln und liefern wir unsere Software um all Ihre Anforderungen zu erf\u00fcllen.[\/tm_heading][tm_spacer size=&#8220;xs:50;sm:70;md:75;lg:110&#8243;][\/vc_column][\/vc_row][vc_row][vc_column][tm_spacer size=&#8220;lg:70&#8243;][tm_heading custom_google_font=&#8220;&#8220; align=&#8220;center&#8220; font_size=&#8220;sm:28;md:34;lg:40&#8243; line_height=&#8220;1.4&#8243;]SDK.Apps und kundenspezifische AddOns[\/tm_heading][\/vc_column][vc_column width=&#8220;2\/4&#8243;][tm_spacer size=&#8220;lg:45&#8243;][tm_heading tag=&#8220;p&#8220; custom_google_font=&#8220;&#8220;]Neben unseren Standardprodukten &#8211; den SDK.Apps &#8211; stehen unterschiedliche Entwicklungsbereiche im Fokus.[\/tm_heading][tm_spacer size=&#8220;lg:70&#8243;][tm_accordion style=&#8220;02&#8243; open_index=&#8220;1&#8243; el_class=&#8220;custom-accordion-items-bg&#8220; items=&#8220;%5B%7B%22title%22%3A%22Weiterentwicklung%20der%20SDK.Apps%22%2C%22content%22%3A%22Die%20kontinuierliche%20Weiterentwicklung%20unserer%20Standardprodukte%20ist%20uns%20das%20gr%C3%B6%C3%9Fte%20Anliegen.%20Die%20Erf%C3%BCllung%20der%20gesetzlichen%20Anforderungen%20unserer%20Zielm%C3%A4rkte%20ist%20hier%20nat%C3%BCrlich%20genauso%20selbstverst%C3%A4ndlich%2C%20wie%20das%20Bereitstellen%20von%20Produkten%2C%20die%20den%20modernsten%20Standards%20entsprechen.%22%7D%2C%7B%22title%22%3A%22Kundenspezifische%20Erweiterungen%22%2C%22content%22%3A%22Die%20SDK.Apps%20sind%20so%20konzipiert%2C%20dass%20es%20ein%20Leichtes%20ist%2C%20kundenspezifische%20Programme%20zu%20entwickeln%2C%20die%20sich%20nahtlos%20in%20das%20Standardprodukt%20integrieren.%20So%20k%C3%B6nnen%20spezielle%20Programme%2C%20die%20Ihre%20spezifischen%20Bed%C3%BCrfnisse%20erf%C3%BCllen%2C%20bereitstellt%20werden.%20Diese%20Programme%20werden%20wie%20unsere%20Standardprogramme%20durch%20uns%20verwaltet%20und%20in%20unseren%20Entwicklungs-%20und%20Deploymentprozessen%20ber%C3%BCcksichtigt.%22%7D%2C%7B%22title%22%3A%22Importschnittstellen%20und%20Daten%C3%BCbernahmen%22%2C%22content%22%3A%22Ein%20gro%C3%9Fes%20Set%20an%20Standardschnittstellen%20und%20Daten%C3%BCbernahmen%20steht%20bereits%20zur%20Verf%C3%BCgung%2C%20um%20Daten%20eines%20Altsystems%20in%20unsere%20SDK.Apps%20zu%20%C3%BCbernehmen.%20Sollten%20speziell%20angepasste%20oder%20noch%20unbekannte%20Altsysteme%20%C3%BCbernommen%20werden%2C%20konzipieren%20und%20implementieren%20wir%20hier%20neue%20Schnittstellen%20und%20%C3%9Cbernahmen.%22%7D%2C%7B%22title%22%3A%22Drucke%20und%20Auswertungen%22%2C%22content%22%3A%22Eine%20Vielzahl%20an%20Drucken%20und%20Auswertungen%20steht%20bereits%20im%20Standard%20der%20SDK.Apps%20bereit.%20Dar%C3%BCberhinaus%20werden%20Werkzeuge%20zur%20Verf%C3%BCgung%20gestellt%2C%20um%20auf%20einfachem%20Wege%20neue%20Auswertungen%20(als%20Excel%2C%20XML%2C%20Text)%20und%20Drucke%20selbst%20zu%20entwerfen.%20F%C3%BCr%20spezielle%20Auswertungen%20oder%20Drucke%20f%C3%BChren%20wir%20die%20Entwicklungen%20durch.%20Auch%20diese%20werden%20wie%20kundenspezifische%20Programme%20nahtlos%20in%20die%20SDK.Apps%20integriert.%22%7D%2C%7B%22title%22%3A%22Individualprogrammierung%22%2C%22content%22%3A%22Wenn%20marktspezifische%20Entwicklungen%20den%20Kontext%20der%20SDK.Apps%20verlassen%2C%20entwickeln%20wir%20auch%20individuelle%20Programme%20oder%20Services.%22%7D%5D&#8220;][tm_spacer size=&#8220;lg:45&#8243;][tm_spacer][\/vc_column][vc_column width=&#8220;2\/4&#8243;][tm_spacer size=&#8220;lg:45&#8243;][tm_image image_size=&#8220;custom&#8220; image=&#8220;4913&#8243; image_size_width=&#8220;500&#8243; image_size_height=&#8220;300&#8243;][tm_spacer size=&#8220;lg:70&#8243;][tm_heading tag=&#8220;h4&#8243; custom_google_font=&#8220;&#8220; font_size=&#8220;xs:16;sm:18;md:20;lg:24&#8243; line_height=&#8220;1.4&#8243;]Service &amp; Projektablauf[\/tm_heading][tm_spacer size=&#8220;lg:25&#8243;][tm_heading tag=&#8220;p&#8220; custom_google_font=&#8220;&#8220;]Wir begleiten Sie von der Idee bis zum Markteintritt!<\/p>\n<p>Sie sind <mark>bereits SDK-Kunde<\/mark> und m\u00f6chten ein neues Produkt\/einen neuen Mandaten einf\u00fchren oder in einen neuen Markt eintreten &#8211; wir unterst\u00fctzen Sie dabei:<\/p>\n<ul>\n<li>Beratung &amp; Konzeption<\/li>\n<li>Umsetzung<\/li>\n<li>Konfiguration &amp; Schulung<\/li>\n<\/ul>\n<p>Sie <mark>interessieren Sich f\u00fcr SDK.Apps<\/mark> &#8211; sprechen Sie uns an.<br \/>\nUnabh\u00e4ngig davon ob Sie bereits am jeweiligen Markt aktiv sind und Ihre bestehende Softwarel\u00f6sung ersetzen m\u00f6chten oder in einen v\u00f6llig neuen Markt einsteigen m\u00f6chten &#8211; gemeinsam finden wir eine ideale L\u00f6sung.<\/p>\n<p>SDK-Experten begleiten Sie durch das gesamte Projekt. Profitieren Sie von der N\u00e4he der Projektdurchf\u00fchrung zur Entwicklung. Ihr Projekt wird direkt durch den Softwarehersteller abgewickelt:<\/p>\n<ul>\n<li>Beratung &amp; Konzeption<\/li>\n<li>Unterst\u00fctzung bei erforderlicher Beschaffung von Hard- und Software<\/li>\n<li>Durchf\u00fchrung oder Unterst\u00fctzung von Daten\u00fcbernahmen<\/li>\n<li>Initiale Konfiguration und Parametrierung<\/li>\n<li>Erstellung individueller Layouts f\u00fcr Drucke, Portale, Auswertungen<\/li>\n<li>Schulungen Ihrer Mitarbeiter im Umgang mit der Software und Prozessabl\u00e4ufen<\/li>\n<li>Intensive Unterst\u00fctzung nach GoLive<\/li>\n<li>Kurze Reaktionszeiten bei Problemen im Produktivbetrieb<\/li>\n<li>Laufende Wartung und Weiterentwicklung<\/li>\n<\/ul>\n<p>[\/tm_heading][tm_spacer size=&#8220;lg:45&#8243;][tm_button style=&#8220;text&#8220; button=&#8220;url:https%3A%2F%2Fwww.sdk.at%2Findex.php%2Fsdk-apps-2%2F|title:Mehr%20zu%20SDK.Apps&#8220; icon_type=&#8220;fontawesome5&#8243; icon_fontawesome5=&#8220;far fa-long-arrow-right&#8220; color=&#8220;custom&#8220; font_color=&#8220;primary&#8220;][tm_spacer size=&#8220;lg:70&#8243;][\/vc_column][\/vc_row][vc_row full_width=&#8220;stretch_row_content_no_spaces&#8220;][vc_column max_width=&#8220;100%&#8220;][vc_separator][\/vc_column][\/vc_row][vc_row full_width=&#8220;stretch_row&#8220;][vc_column][tm_spacer size=&#8220;lg:65&#8243;][tm_grid centered_items=&#8220;1&#8243; columns=&#8220;xs:1;sm:2;lg:3&#8243; column_gutter=&#8220;lg:30&#8243; row_gutter=&#8220;lg:30&#8243;][tm_box_icon align=&#8220;center&#8220; icon_type=&#8220;linea_svg&#8220; icon_linea_svg=&#8220;linea-arrows-circle-check&#8220; heading=&#8220;Technologie&#8220; text=&#8220;Modernste Technologien sorgen f\u00fcr h\u00f6chste Sicherheitsstandards&#8220;][tm_box_icon align=&#8220;center&#8220; icon_type=&#8220;linea_svg&#8220; icon_linea_svg=&#8220;linea-arrows-circle-check&#8220; heading=&#8220;Consulting&#8220; text=&#8220;Gemeinsame Findung und Realisierung der idealen L\u00f6sung f\u00fcr ihr Unternehmen&#8220;][tm_box_icon align=&#8220;center&#8220; icon_type=&#8220;linea_svg&#8220; icon_linea_svg=&#8220;linea-arrows-circle-check&#8220; heading=&#8220;Integration&#8220; text=&#8220;Individuelle Entwicklung von Schnittstellen f\u00fcr die perfekte Integration in Ihre bestehende IT-Landschaft&#8220;][\/tm_grid][tm_spacer size=&#8220;lg:80&#8243;][\/vc_column][\/vc_row][vc_row full_width=&#8220;stretch_row&#8220; background_color=&#8220;custom&#8220; lg_spacing=&#8220;padding_top:64;padding_bottom:64&#8243; custom_background_color=&#8220;rgba(56,122,255,0.8)&#8220;][vc_column width=&#8220;1\/6&#8243; align=&#8220;center&#8220;][\/vc_column][vc_column width=&#8220;2\/3&#8243;][tm_heading style=&#8220;common&#8220; custom_google_font=&#8220;&#8220; align=&#8220;center&#8220; text_color=&#8220;custom&#8220; custom_text_color=&#8220;#ffffff&#8220;]Haben Sie Fragen?[\/tm_heading][tm_spacer size=&#8220;lg:20&#8243;][tm_heading tag=&#8220;p&#8220; custom_google_font=&#8220;&#8220; align=&#8220;center&#8220; text_color=&#8220;custom&#8220; custom_text_color=&#8220;#ffffff&#8220; font_size=&#8220;lg:16&#8243; line_height=&#8220;1.67&#8243;]Wir sind gerne f\u00fcr Sie da und freuen uns auf Ihre Kontaktanfrage.[\/tm_heading][tm_spacer size=&#8220;sm:40;lg:30&#8243;][vc_row_inner][vc_column_inner][tm_button style=&#8220;solid&#8220; size=&#8220;lg&#8220; button=&#8220;url:https%3A%2F%2Fwww.sdk.at%2Findex.php%2Fkontakt%2F|title:Jetzt%20Kontakt%20aufnehmen&#8220; align=&#8220;center&#8220; color=&#8220;custom&#8220; font_color=&#8220;custom&#8220; button_border_color=&#8220;custom&#8220; button_bg_color_hover=&#8220;transparent&#8220; custom_border_color=&#8220;#ffffff&#8220; custom_font_color=&#8220;#ffffff&#8220; custom_button_border_color=&#8220;#ffffff&#8220; rounded=&#8220;50px&#8220;][\/vc_column_inner][\/vc_row_inner][\/vc_column][vc_column width=&#8220;1\/6&#8243;][\/vc_column][\/vc_row][vc_row][vc_column][tm_spacer size=&#8220;sm:100;lg:120&#8243;][vc_column_text]<div data-post-id=\"4558\" class=\"insert-page insert-page-4558 \"><section class=\"wpb-content-wrapper\"><p>[vc_row][vc_column][tm_slider equal_height=&#8220;1&#8243; pagination=&#8220;01&#8243; gutter=&#8220;30&#8243; text_align=&#8220;left&#8220; items_display=&#8220;xs:1;sm:2;md:2;lg:2&#8243; items=&#8220;%5B%7B%22image%22%3A%224975%22%2C%22title%22%3A%22v2.36%20f%C3%BCr%20Testsysteme%20verf%C3%BCgbar%22%2C%22text%22%3A%22Version%202.36%20steht%20ab%20sofort%20zum%20Testen%20zur%20Verf%C3%BCgung.%20Alle%20%C3%84nderungen%2FCRs%20f%C3%BCr%20Kunden%20im%20Wiki%20ersichtlich.%20Produktivinstallationen%20ab%2001.April%22%2C%22link%22%3A%22title%3AMehr%2520erfahren%22%7D%2C%7B%22image%22%3A%224973%22%2C%22title%22%3A%22Produktivinstallationen%20v2.36%20abgeschlossen%22%2C%22text%22%3A%22Es%20wurden%20alle%20Systeme%2C%20welche%20Marktkommunikation%20in%20DE%2FAT%20nutzen%2C%20produktiv%20auf%20v2.36%20aktualisiert%22%2C%22link%22%3A%22title%3AMehr%2520erfahren%22%7D%2C%7B%22image%22%3A%224977%22%2C%22title%22%3A%22Energiekostenausgleich%20verf%C3%BCgbar%22%2C%22text%22%3A%22Die%20Umsetzungen%20f%C3%BCr%20die%20automatisierte%20Verarbeitung%20des%20Energiekostenausgleichs%2FEnergiegutscheins%20in%20AT%20sind%20produktiv%20verf%C3%BCgbar.%22%2C%22link%22%3A%22Link%22%7D%2C%7B%22image%22%3A%224971%22%2C%22title%22%3A%22Neue%20Homepage%22%2C%22text%22%3A%22Auf%20der%20neuen%20SDK-Homepage%20finden%20Sie%20neben%20allgemeinen%20Infos%20zu%20SDK.Apps%20laufend%20Neuigkeiten%20und%20Themen%20mit%20aktueller%20Relevanz%20f%C3%BCr%20die%20Branche%22%2C%22link%22%3A%22title%3AMehr%2520erfahren%22%7D%5D&#8220; auto_play=&#8220;2500&#8243;][\/vc_column][\/vc_row]<\/p>\n<\/section><\/div>[\/vc_column_text][tm_spacer size=&#8220;sm:100;lg:120&#8243;][\/vc_column][\/vc_row][vc_row full_width=&#8220;stretch_row&#8220; background_color=&#8220;custom&#8220; lg_spacing=&#8220;padding_top:64;padding_bottom:64&#8243; custom_background_color=&#8220;rgba(56,122,255,0.8)&#8220;][vc_column width=&#8220;2\/3&#8243;][tm_heading tag=&#8220;p&#8220; custom_google_font=&#8220;&#8220; text_color=&#8220;custom&#8220; custom_text_color=&#8220;rgba(255,255,255,0.84)&#8220; letter_spacing=&#8220;.06em&#8220;]DAS K\u00d6NNTE SIE EBENFALLS INTERESSIEREN[\/tm_heading][tm_spacer size=&#8220;lg:10&#8243;][tm_heading style=&#8220;common&#8220; custom_google_font=&#8220;&#8220; text_color=&#8220;custom&#8220; custom_text_color=&#8220;#ffffff&#8220;]Aktuelles[\/tm_heading][tm_spacer size=&#8220;lg:20&#8243;][tm_spacer size=&#8220;sm:40;lg:30&#8243;][vc_row_inner][vc_column_inner][tm_button style=&#8220;solid&#8220; size=&#8220;lg&#8220; button=&#8220;url:https%3A%2F%2Fwww.sdk.at%2Findex.php%2Faktuelles%2F|title:Mehr%20zu%20aktuellen%20Themen&#8220; color=&#8220;custom&#8220; font_color=&#8220;custom&#8220; button_border_color=&#8220;custom&#8220; button_bg_color_hover=&#8220;transparent&#8220; custom_border_color=&#8220;#ffffff&#8220; custom_font_color=&#8220;#ffffff&#8220; custom_button_border_color=&#8220;#ffffff&#8220; rounded=&#8220;50px&#8220;][\/vc_column_inner][\/vc_row_inner][\/vc_column][vc_column width=&#8220;1\/6&#8243; align=&#8220;center&#8220;][\/vc_column][vc_column width=&#8220;1\/6&#8243;][\/vc_column][\/vc_row]<\/p>\n<\/section>","protected":false},"excerpt":{"rendered":"<p>Ich empfehle Ihnen, die Zusammenfassung der Seite hier zu schreiben. Dieser Abschnitt ist der Abschnitt mit vorl\u00e4ufigen Informationen, der unter dem Seitentitel in den Suchergebnissen angezeigt wird. Wenn es leer ist, beginnt es standardm\u00e4\u00dfig mit einigen S\u00e4tzen ab dem ersten Absatz, wenn die Seite mit einem Text beginnt.<\/p>\n","protected":false},"author":1,"featured_media":0,"parent":3735,"menu_order":0,"comment_status":"closed","ping_status":"closed","template":"templates\/blank.php","meta":{"_eb_attr":"","footnotes":""},"class_list":["post-3346","page","type-page","status-publish","hentry","post-no-thumbnail"],"_links":{"self":[{"href":"https:\/\/www.sdk.at\/index.php\/wp-json\/wp\/v2\/pages\/3346","targetHints":{"allow":["GET"]}}],"collection":[{"href":"https:\/\/www.sdk.at\/index.php\/wp-json\/wp\/v2\/pages"}],"about":[{"href":"https:\/\/www.sdk.at\/index.php\/wp-json\/wp\/v2\/types\/page"}],"author":[{"embeddable":true,"href":"https:\/\/www.sdk.at\/index.php\/wp-json\/wp\/v2\/users\/1"}],"replies":[{"embeddable":true,"href":"https:\/\/www.sdk.at\/index.php\/wp-json\/wp\/v2\/comments?post=3346"}],"version-history":[{"count":20,"href":"https:\/\/www.sdk.at\/index.php\/wp-json\/wp\/v2\/pages\/3346\/revisions"}],"predecessor-version":[{"id":5140,"href":"https:\/\/www.sdk.at\/index.php\/wp-json\/wp\/v2\/pages\/3346\/revisions\/5140"}],"up":[{"embeddable":true,"href":"https:\/\/www.sdk.at\/index.php\/wp-json\/wp\/v2\/pages\/3735"}],"wp:attachment":[{"href":"https:\/\/www.sdk.at\/index.php\/wp-json\/wp\/v2\/media?parent=3346"}],"curies":[{"name":"wp","href":"https:\/\/api.w.org\/{rel}","templated":true}]}}