{"id":2969,"date":"2021-06-28T12:21:25","date_gmt":"2021-06-28T10:21:25","guid":{"rendered":"http:\/\/wordpress.sdk.at\/?page_id=2969"},"modified":"2022-06-23T17:26:32","modified_gmt":"2022-06-23T15:26:32","slug":"market-communication","status":"publish","type":"page","link":"https:\/\/www.sdk.at\/index.php\/sdk-apps-2\/market-communication\/","title":{"rendered":"Marktkommunikation"},"content":{"rendered":"<section class=\"wpb-content-wrapper\"><p>[vc_row full_width=&#8220;stretch_row&#8220; content_placement=&#8220;middle&#8220; background_color=&#8220;custom&#8220; overlay_background=&#8220;custom&#8220; overlay_custom_background=&#8220;#ffffff&#8220; overlay_opacity=&#8220;80&#8243; custom_background_color=&#8220;#f6fafe&#8220; background_image=&#8220;4958&#8243;][vc_column][tm_spacer size=&#8220;xs:50;sm:70;md:75;lg:100&#8243;][tm_heading tag=&#8220;h1&#8243; custom_google_font=&#8220;&#8220; align=&#8220;center&#8220; font_size=&#8220;xs:24;sm:36;md:48;lg:60&#8243;]Marktkommunikation[\/tm_heading][tm_spacer size=&#8220;xs:20;sm:30;md:40;lg:50&#8243;][tm_heading tag=&#8220;p&#8220; custom_google_font=&#8220;&#8220; align=&#8220;center&#8220; font_size=&#8220;xs:14;sm:16;md:18;lg:18&#8243;]Die SDK.ProviderSuite bietet eine automatisierte, auf den Energiemarktdienstleister zugeschnittene L\u00f6sung zur Abwicklung der Marktkommunikation.[\/tm_heading][tm_spacer size=&#8220;xs:50;sm:70;md:75;lg:110&#8243;][\/vc_column][\/vc_row][vc_row][vc_column][tm_spacer size=&#8220;lg:70&#8243;][tm_heading custom_google_font=&#8220;&#8220; align=&#8220;center&#8220; font_size=&#8220;sm:28;md:34;lg:40&#8243; line_height=&#8220;1.4&#8243;]SDK.ProviderSuite&#8230;<br \/>\njetzt wird kommuniziert[\/tm_heading][\/vc_column][vc_column width=&#8220;2\/4&#8243;][tm_spacer size=&#8220;lg:45&#8243;][tm_heading tag=&#8220;h4&#8243; custom_google_font=&#8220;&#8220; font_size=&#8220;xs:16;sm:18;md:20;lg:24&#8243; line_height=&#8220;1.4&#8243;]\u00d6sterreich[\/tm_heading][tm_spacer size=&#8220;lg:25&#8243;][tm_heading tag=&#8220;p&#8220; custom_google_font=&#8220;&#8220;]Die \u00fcber EDA\/Ponton bzw. das Energylink Webservice ausgetauschten Prozesse werden automatisiert verarbeitet. \u00dcbermittelte Daten werden gepr\u00fcft, in die SDK.ProviderSuite \u00fcbernommen und beantwortet.<br \/>\nUnterst\u00fctzt werden Prozesse von Energylink sowie ebutilities. [\/tm_heading][tm_spacer size=&#8220;lg:25&#8243;][tm_heading tag=&#8220;p&#8220; custom_google_font=&#8220;&#8220; font_weight=&#8220;600&#8243;]Prozesskategorien[\/tm_heading][tm_spacer size=&#8220;lg:10&#8243;][tm_list list_style=&#8220;check&#8220; columns=&#8220;xs:1;lg:1&#8243; items=&#8220;%5B%7B%22item_title%22%3A%22EL-Prozesse%20(Wechsel%2C%20Anmeldung%2C%20Identifikation%2C%20&#8230;)%22%7D%2C%7B%22item_title%22%3A%22CP-Anforderungsprozesse%22%7D%2C%7B%22item_title%22%3A%22MD-Masterdata-Prozesse%20%22%7D%2C%7B%22item_title%22%3A%22RP-R%C3%BCckforderungsprozesse%20%22%7D%2C%7B%22item_title%22%3A%22GC-Gemeinschaftliche%20Erzeugungsanlagen%22%7D%2C%7B%22item_title%22%3A%22CCM-Customer%20Consent%20Management%22%7D%2C%7B%22item_title%22%3A%22CRMSG%20ConsumptionRecord%22%7D%5D&#8220;][tm_spacer size=&#8220;lg:70&#8243;][tm_heading tag=&#8220;h4&#8243; custom_google_font=&#8220;&#8220; font_size=&#8220;xs:16;sm:18;md:20;lg:24&#8243; line_height=&#8220;1.4&#8243;]Deutschland[\/tm_heading][tm_spacer size=&#8220;lg:25&#8243;][tm_heading tag=&#8220;p&#8220; custom_google_font=&#8220;&#8220;]Die im Rahmen der Marktkommunikation ausgetauschten Edifact Dateien werden automatisiert verarbeitet. Eingehende Nachrichten werden laut Marktregeln gepr\u00fcft, best\u00e4tigt oder abgelehnt (CONTRL \/ APERAK).<\/p>\n<p>Verschiedene \u00dcbersichten &amp; Auswertungen der verarbeiteten Edifact Dateien stehen auch in leserlicher Aufbereitung zur Verf\u00fcgung (Edifact Viewer).<\/p>\n<p>Die in regelm\u00e4\u00dfigen Abst\u00e4nden seitens BDEW vorgenommenen Anpassungen an den Edifact Formaten werden automatisch zum Stichtag zur Verf\u00fcgung gestellt.<br \/>\n[\/tm_heading][tm_spacer size=&#8220;lg:25&#8243;][tm_heading tag=&#8220;p&#8220; custom_google_font=&#8220;&#8220; font_weight=&#8220;600&#8243;]Gesch\u00e4ftsprozesse[\/tm_heading][tm_spacer size=&#8220;lg:10&#8243;][tm_list list_style=&#8220;check&#8220; columns=&#8220;xs:1;lg:1&#8243; items=&#8220;%5B%7B%22item_title%22%3A%22GPKE%20(Gesch%C3%A4ftsprozesse%20zur%20Kundenbelieferung%20mit%20Elektrizit%C3%A4t)%22%7D%2C%7B%22item_title%22%3A%22GeLi%20Gas%20(Gesch%C3%A4ftsprozesse%20Lieferantenwechsel%20Gas)%22%7D%2C%7B%22item_title%22%3A%22WiM%20(Wechselprozesse%20im%20Messwesen%20Strom)%22%7D%2C%7B%22item_title%22%3A%22MPES%20(Marktprozesse%20f%C3%BCr%20erzeugende%20Marktlokationen%20Strom)%22%7D%2C%7B%22item_title%22%3A%22MaBiS%20(Marktregeln%20der%20Bilanzkreisabrechnung%20Strom)%22%7D%2C%7B%22item_title%22%3A%22GABi%20Gas%20(Gastransport%20und%20Bilanzkreismanagement)%22%7D%2C%7B%22item_title%22%3A%22MaKo%202020%2F2022%22%7D%2C%7B%22item_title%22%3A%22ReDispatch%202.0%22%7D%5D&#8220;][tm_spacer size=&#8220;lg:70&#8243;][\/vc_column][vc_column width=&#8220;2\/4&#8243;][tm_spacer size=&#8220;lg:45&#8243;][tm_image image_size=&#8220;custom&#8220; image=&#8220;4937&#8243; image_size_width=&#8220;500&#8243; image_size_height=&#8220;300&#8243;][tm_spacer size=&#8220;lg:70&#8243;][tm_heading tag=&#8220;h4&#8243; custom_google_font=&#8220;&#8220; font_size=&#8220;xs:16;sm:18;md:20;lg:24&#8243; line_height=&#8220;1.4&#8243;]Weitere M\u00e4rkte[\/tm_heading][tm_spacer size=&#8220;lg:25&#8243;][tm_heading tag=&#8220;p&#8220; custom_google_font=&#8220;&#8220;]Es werden noch weitere M\u00e4rkte abgedeckt. Eine grunds\u00e4tzliche Funktionalit\u00e4t zur Abwicklung der Marktkommunikation ist f\u00fcr weitere L\u00e4nder gegeben.[\/tm_heading][tm_spacer size=&#8220;lg:25&#8243;][tm_accordion style=&#8220;02&#8243; open_index=&#8220;1&#8243; el_class=&#8220;custom-accordion-items-bg&#8220; items=&#8220;%5B%7B%22title%22%3A%22Luxemburg%22%2C%22content%22%3A%22Die%20relevanten%20Edifact%20Formate%20UTILMD%20und%20MSCONS%20werden%20verarbeitet.%20Die%20aus%20der%20MaKo%20DE%20bekannten%20Masken%20stehen%20zur%20Verf%C3%BCgung.%22%7D%2C%7B%22title%22%3A%22Schweden%22%2C%22content%22%3A%22Das%20relevante%20Edifact%20Format%20PRODAT%20wird%20verarbeitet.%20Die%20aus%20der%20MaKo%20DE%20bekannten%20Masken%20stehen%20zur%20Verf%C3%BCgung.%22%7D%5D&#8220;][tm_spacer size=&#8220;lg:70&#8243;][\/vc_column][\/vc_row][vc_row full_width=&#8220;stretch_row_content_no_spaces&#8220;][vc_column max_width=&#8220;100%&#8220;][vc_separator][\/vc_column][\/vc_row][vc_row full_width=&#8220;stretch_row&#8220;][vc_column][tm_spacer size=&#8220;lg:65&#8243;][tm_grid centered_items=&#8220;1&#8243; columns=&#8220;xs:1;sm:2;lg:3&#8243; column_gutter=&#8220;lg:30&#8243; row_gutter=&#8220;lg:30&#8243;][tm_box_icon align=&#8220;center&#8220; icon_type=&#8220;linea_svg&#8220; icon_linea_svg=&#8220;linea-arrows-circle-check&#8220; heading=&#8220;Skalierbar&#8220; text=&#8220;Die Abrechnung nutzt die vollen Ressourcen der zugrundeliegenden, leistungsstarken Oracle-Datenbank.&#8220;][tm_box_icon align=&#8220;center&#8220; icon_type=&#8220;linea_svg&#8220; icon_linea_svg=&#8220;linea-arrows-circle-check&#8220; heading=&#8220;Konfigurierbar&#8220; text=&#8220;Mit Standardformeln und selbst erstellten Formeln k\u00f6nnen Sie auf beliebige Datenfelder zugreifen und damit die Abrechnung steuern und Werte in die Abrechnung einflie\u00dfen lassen.&#8220;][tm_box_icon align=&#8220;center&#8220; icon_type=&#8220;linea_svg&#8220; icon_linea_svg=&#8220;linea-arrows-circle-check&#8220; heading=&#8220;Automatisierbar&#8220; text=&#8220;Die Abrechnung kann vollst\u00e4ndig automatisiert und zeitgesteuert und zyklisch ausgef\u00fchrt werden.&#8220;][\/tm_grid][tm_spacer size=&#8220;lg:80&#8243;][\/vc_column][\/vc_row][vc_row full_width=&#8220;stretch_row&#8220; background_color=&#8220;custom&#8220; lg_spacing=&#8220;padding_top:64;padding_bottom:64&#8243; custom_background_color=&#8220;rgba(56,122,255,0.8)&#8220;][vc_column width=&#8220;1\/6&#8243; align=&#8220;center&#8220;][\/vc_column][vc_column width=&#8220;2\/3&#8243;][tm_heading style=&#8220;common&#8220; custom_google_font=&#8220;&#8220; align=&#8220;center&#8220; text_color=&#8220;custom&#8220; custom_text_color=&#8220;#ffffff&#8220;]Haben Sie Fragen?[\/tm_heading][tm_spacer size=&#8220;lg:20&#8243;][tm_heading tag=&#8220;p&#8220; custom_google_font=&#8220;&#8220; align=&#8220;center&#8220; text_color=&#8220;custom&#8220; custom_text_color=&#8220;#ffffff&#8220; font_size=&#8220;lg:16&#8243; line_height=&#8220;1.67&#8243;]Wir sind gerne f\u00fcr Sie da und freuen uns auf Ihre Kontaktanfrage.[\/tm_heading][tm_spacer size=&#8220;sm:40;lg:30&#8243;][vc_row_inner][vc_column_inner][tm_button style=&#8220;solid&#8220; size=&#8220;lg&#8220; button=&#8220;url:https%3A%2F%2Fwww.sdk.at%2Findex.php%2Fkontakt%2F|title:Jetzt%20Kontakt%20aufnehmen&#8220; align=&#8220;center&#8220; color=&#8220;custom&#8220; font_color=&#8220;custom&#8220; button_border_color=&#8220;custom&#8220; button_bg_color_hover=&#8220;transparent&#8220; custom_border_color=&#8220;#ffffff&#8220; custom_font_color=&#8220;#ffffff&#8220; custom_button_border_color=&#8220;#ffffff&#8220; rounded=&#8220;50px&#8220;][\/vc_column_inner][\/vc_row_inner][\/vc_column][vc_column width=&#8220;1\/6&#8243;][\/vc_column][\/vc_row][vc_row][vc_column][tm_spacer size=&#8220;sm:100;lg:120&#8243;][vc_column_text]<div data-post-id=\"4558\" class=\"insert-page insert-page-4558 \"><section class=\"wpb-content-wrapper\"><p>[vc_row][vc_column][tm_slider equal_height=&#8220;1&#8243; pagination=&#8220;01&#8243; gutter=&#8220;30&#8243; text_align=&#8220;left&#8220; items_display=&#8220;xs:1;sm:2;md:2;lg:2&#8243; items=&#8220;%5B%7B%22image%22%3A%224975%22%2C%22title%22%3A%22v2.36%20f%C3%BCr%20Testsysteme%20verf%C3%BCgbar%22%2C%22text%22%3A%22Version%202.36%20steht%20ab%20sofort%20zum%20Testen%20zur%20Verf%C3%BCgung.%20Alle%20%C3%84nderungen%2FCRs%20f%C3%BCr%20Kunden%20im%20Wiki%20ersichtlich.%20Produktivinstallationen%20ab%2001.April%22%2C%22link%22%3A%22title%3AMehr%2520erfahren%22%7D%2C%7B%22image%22%3A%224973%22%2C%22title%22%3A%22Produktivinstallationen%20v2.36%20abgeschlossen%22%2C%22text%22%3A%22Es%20wurden%20alle%20Systeme%2C%20welche%20Marktkommunikation%20in%20DE%2FAT%20nutzen%2C%20produktiv%20auf%20v2.36%20aktualisiert%22%2C%22link%22%3A%22title%3AMehr%2520erfahren%22%7D%2C%7B%22image%22%3A%224977%22%2C%22title%22%3A%22Energiekostenausgleich%20verf%C3%BCgbar%22%2C%22text%22%3A%22Die%20Umsetzungen%20f%C3%BCr%20die%20automatisierte%20Verarbeitung%20des%20Energiekostenausgleichs%2FEnergiegutscheins%20in%20AT%20sind%20produktiv%20verf%C3%BCgbar.%22%2C%22link%22%3A%22Link%22%7D%2C%7B%22image%22%3A%224971%22%2C%22title%22%3A%22Neue%20Homepage%22%2C%22text%22%3A%22Auf%20der%20neuen%20SDK-Homepage%20finden%20Sie%20neben%20allgemeinen%20Infos%20zu%20SDK.Apps%20laufend%20Neuigkeiten%20und%20Themen%20mit%20aktueller%20Relevanz%20f%C3%BCr%20die%20Branche%22%2C%22link%22%3A%22title%3AMehr%2520erfahren%22%7D%5D&#8220; auto_play=&#8220;2500&#8243;][\/vc_column][\/vc_row]<\/p>\n<\/section><\/div>[\/vc_column_text][tm_spacer size=&#8220;sm:100;lg:120&#8243;][\/vc_column][\/vc_row][vc_row full_width=&#8220;stretch_row&#8220; background_color=&#8220;custom&#8220; lg_spacing=&#8220;padding_top:64;padding_bottom:64&#8243; custom_background_color=&#8220;rgba(56,122,255,0.8)&#8220;][vc_column width=&#8220;2\/3&#8243;][tm_heading tag=&#8220;p&#8220; custom_google_font=&#8220;&#8220; text_color=&#8220;custom&#8220; custom_text_color=&#8220;rgba(255,255,255,0.84)&#8220; letter_spacing=&#8220;.06em&#8220;]DAS K\u00d6NNTE SIE EBENFALLS INTERESSIEREN[\/tm_heading][tm_spacer size=&#8220;lg:10&#8243;][tm_heading style=&#8220;common&#8220; custom_google_font=&#8220;&#8220; text_color=&#8220;custom&#8220; custom_text_color=&#8220;#ffffff&#8220;]Energieverrechnung[\/tm_heading][tm_spacer size=&#8220;lg:20&#8243;][tm_heading tag=&#8220;p&#8220; custom_google_font=&#8220;&#8220; text_color=&#8220;custom&#8220; custom_text_color=&#8220;#ffffff&#8220; font_size=&#8220;lg:16&#8243; line_height=&#8220;1.67&#8243;]Die SDK.ProviderSuite ist ein vollumfassendes System zur Erstellung und Verarbeitung von Rechnungen. Aufbauend auf die Abrechnung f\u00fchren Sie die gesamte Debitorenbuchhaltung mit Inkasso- und Mahnwesen aus.[\/tm_heading][tm_spacer size=&#8220;sm:40;lg:30&#8243;][vc_row_inner][vc_column_inner][tm_button style=&#8220;solid&#8220; size=&#8220;lg&#8220; button=&#8220;url:https%3A%2F%2Fwww.sdk.at%2Findex.php%2Fsdk-apps-2%2Fenergieverrechnung%2F|title:Mehr%20zu%20Energieverrechnung&#8220; color=&#8220;custom&#8220; font_color=&#8220;custom&#8220; button_border_color=&#8220;custom&#8220; button_bg_color_hover=&#8220;transparent&#8220; custom_border_color=&#8220;#ffffff&#8220; custom_font_color=&#8220;#ffffff&#8220; custom_button_border_color=&#8220;#ffffff&#8220; rounded=&#8220;50px&#8220;][\/vc_column_inner][\/vc_row_inner][\/vc_column][vc_column width=&#8220;1\/6&#8243; align=&#8220;center&#8220;][\/vc_column][vc_column width=&#8220;1\/6&#8243;][\/vc_column][\/vc_row]<\/p>\n<\/section>","protected":false},"excerpt":{"rendered":"<p>[vc_row full_width=&#8220;stretch_row&#8220; content_placement=&#8220;middle&#8220; background_color=&#8220;custom&#8220; overlay_background=&#8220;custom&#8220; overlay_custom_background=&#8220;#ffffff&#8220; overlay_opacity=&#8220;80&#8243; custom_background_color=&#8220;#f6fafe&#8220; background_image=&#8220;4958&#8243;][vc_column][tm_spacer size=&#8220;xs:50;sm:70;md:75;lg:100&#8243;][tm_heading tag=&#8220;h1&#8243; custom_google_font=&#8220;&#8220; align=&#8220;center&#8220; font_size=&#8220;xs:24;sm:36;md:48;lg:60&#8243;]Marktkommunikation[\/tm_heading][tm_spacer size=&#8220;xs:20;sm:30;md:40;lg:50&#8243;][tm_heading tag=&#8220;p&#8220; custom_google_font=&#8220;&#8220; align=&#8220;center&#8220; font_size=&#8220;xs:14;sm:16;md:18;lg:18&#8243;]Die SDK.ProviderSuite bietet eine automatisierte, auf den Energiemarktdienstleister zugeschnittene L\u00f6sung zur Abwicklung der Marktkommunikation.[\/tm_heading][tm_spacer size=&#8220;xs:50;sm:70;md:75;lg:110&#8243;][\/vc_column][\/vc_row][vc_row][vc_column][tm_spacer size=&#8220;lg:70&#8243;][tm_heading custom_google_font=&#8220;&#8220; align=&#8220;center&#8220; font_size=&#8220;sm:28;md:34;lg:40&#8243; line_height=&#8220;1.4&#8243;]SDK.ProviderSuite&#8230; jetzt wird kommuniziert[\/tm_heading][\/vc_column][vc_column width=&#8220;2\/4&#8243;][tm_spacer size=&#8220;lg:45&#8243;][tm_heading tag=&#8220;h4&#8243; custom_google_font=&#8220;&#8220; font_size=&#8220;xs:16;sm:18;md:20;lg:24&#8243; line_height=&#8220;1.4&#8243;]\u00d6sterreich[\/tm_heading][tm_spacer size=&#8220;lg:25&#8243;][tm_heading tag=&#8220;p&#8220; custom_google_font=&#8220;&#8220;]Die \u00fcber EDA\/Ponton bzw. das Energylink Webservice ausgetauschten Prozesse werden automatisiert verarbeitet. \u00dcbermittelte Daten werden gepr\u00fcft, in die SDK.ProviderSuite \u00fcbernommen und beantwortet. Unterst\u00fctzt werden Prozesse von Energylink sowie ebutilities. [\/tm_heading][tm_spacer size=&#8220;lg:25&#8243;][tm_heading tag=&#8220;p&#8220; custom_google_font=&#8220;&#8220; font_weight=&#8220;600&#8243;]Prozesskategorien[\/tm_heading][tm_spacer size=&#8220;lg:10&#8243;][tm_list list_style=&#8220;check&#8220; columns=&#8220;xs:1;lg:1&#8243; items=&#8220;%5B%7B%22item_title%22%3A%22EL-Prozesse%20(Wechsel%2C%20Anmeldung%2C%20Identifikation%2C%20&#8230;)%22%7D%2C%7B%22item_title%22%3A%22CP-Anforderungsprozesse%22%7D%2C%7B%22item_title%22%3A%22MD-Masterdata-Prozesse%20%22%7D%2C%7B%22item_title%22%3A%22RP-R%C3%BCckforderungsprozesse%20%22%7D%2C%7B%22item_title%22%3A%22GC-Gemeinschaftliche%20Erzeugungsanlagen%22%7D%2C%7B%22item_title%22%3A%22CCM-Customer%20Consent%20Management%22%7D%2C%7B%22item_title%22%3A%22CRMSG%20ConsumptionRecord%22%7D%5D&#8220;][tm_spacer size=&#8220;lg:70&#8243;][tm_heading tag=&#8220;h4&#8243; custom_google_font=&#8220;&#8220; font_size=&#8220;xs:16;sm:18;md:20;lg:24&#8243; line_height=&#8220;1.4&#8243;]Deutschland[\/tm_heading][tm_spacer size=&#8220;lg:25&#8243;][tm_heading tag=&#8220;p&#8220; custom_google_font=&#8220;&#8220;]Die im Rahmen der Marktkommunikation ausgetauschten Edifact Dateien werden automatisiert verarbeitet. Eingehende Nachrichten werden laut Marktregeln gepr\u00fcft, best\u00e4tigt oder abgelehnt (CONTRL \/ APERAK). Verschiedene \u00dcbersichten &amp; Auswertungen der verarbeiteten Edifact Dateien stehen auch in leserlicher Aufbereitung zur Verf\u00fcgung (Edifact Viewer). Die in regelm\u00e4\u00dfigen Abst\u00e4nden seitens BDEW vorgenommenen Anpassungen an den Edifact Formaten werden automatisch zum Stichtag zur Verf\u00fcgung gestellt. [\/tm_heading][tm_spacer size=&#8220;lg:25&#8243;][tm_heading tag=&#8220;p&#8220; custom_google_font=&#8220;&#8220; font_weight=&#8220;600&#8243;]Gesch\u00e4ftsprozesse[\/tm_heading][tm_spacer size=&#8220;lg:10&#8243;][tm_list list_style=&#8220;check&#8220; columns=&#8220;xs:1;lg:1&#8243; items=&#8220;%5B%7B%22item_title%22%3A%22GPKE%20(Gesch%C3%A4ftsprozesse%20zur%20Kundenbelieferung%20mit%20Elektrizit%C3%A4t)%22%7D%2C%7B%22item_title%22%3A%22GeLi%20Gas%20(Gesch%C3%A4ftsprozesse%20Lieferantenwechsel%20Gas)%22%7D%2C%7B%22item_title%22%3A%22WiM%20(Wechselprozesse%20im%20Messwesen%20Strom)%22%7D%2C%7B%22item_title%22%3A%22MPES%20(Marktprozesse%20f%C3%BCr%20erzeugende%20Marktlokationen%20Strom)%22%7D%2C%7B%22item_title%22%3A%22MaBiS%20(Marktregeln%20der%20Bilanzkreisabrechnung%20Strom)%22%7D%2C%7B%22item_title%22%3A%22GABi%20Gas%20(Gastransport%20und%20Bilanzkreismanagement)%22%7D%2C%7B%22item_title%22%3A%22MaKo%202020%2F2022%22%7D%2C%7B%22item_title%22%3A%22ReDispatch%202.0%22%7D%5D&#8220;][tm_spacer size=&#8220;lg:70&#8243;][\/vc_column][vc_column width=&#8220;2\/4&#8243;][tm_spacer size=&#8220;lg:45&#8243;][tm_image image_size=&#8220;custom&#8220; image=&#8220;4937&#8243; image_size_width=&#8220;500&#8243; image_size_height=&#8220;300&#8243;][tm_spacer size=&#8220;lg:70&#8243;][tm_heading tag=&#8220;h4&#8243; custom_google_font=&#8220;&#8220; font_size=&#8220;xs:16;sm:18;md:20;lg:24&#8243; line_height=&#8220;1.4&#8243;]Weitere M\u00e4rkte[\/tm_heading][tm_spacer size=&#8220;lg:25&#8243;][tm_heading tag=&#8220;p&#8220; custom_google_font=&#8220;&#8220;]Es werden noch weitere M\u00e4rkte abgedeckt. Eine grunds\u00e4tzliche Funktionalit\u00e4t zur Abwicklung der Marktkommunikation ist f\u00fcr weitere L\u00e4nder gegeben.[\/tm_heading][tm_spacer size=&#8220;lg:25&#8243;][tm_accordion style=&#8220;02&#8243; open_index=&#8220;1&#8243; el_class=&#8220;custom-accordion-items-bg&#8220; items=&#8220;%5B%7B%22title%22%3A%22Luxemburg%22%2C%22content%22%3A%22Die%20relevanten%20Edifact%20Formate%20UTILMD%20und%20MSCONS%20werden%20verarbeitet.%20Die%20aus%20der%20MaKo%20DE%20bekannten%20Masken%20stehen%20zur%20Verf%C3%BCgung.%22%7D%2C%7B%22title%22%3A%22Schweden%22%2C%22content%22%3A%22Das%20relevante%20Edifact%20Format%20PRODAT%20wird%20verarbeitet.%20Die%20aus%20der%20MaKo%20DE%20bekannten%20Masken%20stehen%20zur%20Verf%C3%BCgung.%22%7D%5D&#8220;][tm_spacer size=&#8220;lg:70&#8243;][\/vc_column][\/vc_row][vc_row full_width=&#8220;stretch_row_content_no_spaces&#8220;][vc_column max_width=&#8220;100%&#8220;][vc_separator][\/vc_column][\/vc_row][vc_row full_width=&#8220;stretch_row&#8220;][vc_column][tm_spacer size=&#8220;lg:65&#8243;][tm_grid centered_items=&#8220;1&#8243; columns=&#8220;xs:1;sm:2;lg:3&#8243; column_gutter=&#8220;lg:30&#8243; row_gutter=&#8220;lg:30&#8243;][tm_box_icon align=&#8220;center&#8220; icon_type=&#8220;linea_svg&#8220; icon_linea_svg=&#8220;linea-arrows-circle-check&#8220; heading=&#8220;Skalierbar&#8220; text=&#8220;Die Abrechnung nutzt die vollen Ressourcen der zugrundeliegenden, leistungsstarken Oracle-Datenbank.&#8220;][tm_box_icon align=&#8220;center&#8220; icon_type=&#8220;linea_svg&#8220; icon_linea_svg=&#8220;linea-arrows-circle-check&#8220; heading=&#8220;Konfigurierbar&#8220; text=&#8220;Mit Standardformeln und selbst erstellten Formeln k\u00f6nnen Sie auf beliebige Datenfelder zugreifen und damit die Abrechnung steuern und Werte in die Abrechnung einflie\u00dfen lassen.&#8220;][tm_box_icon align=&#8220;center&#8220; icon_type=&#8220;linea_svg&#8220; icon_linea_svg=&#8220;linea-arrows-circle-check&#8220; heading=&#8220;Automatisierbar&#8220; text=&#8220;Die Abrechnung kann vollst\u00e4ndig automatisiert und zeitgesteuert und zyklisch ausgef\u00fchrt werden.&#8220;][\/tm_grid][tm_spacer size=&#8220;lg:80&#8243;][\/vc_column][\/vc_row][vc_row full_width=&#8220;stretch_row&#8220; background_color=&#8220;custom&#8220; lg_spacing=&#8220;padding_top:64;padding_bottom:64&#8243; custom_background_color=&#8220;rgba(56,122,255,0.8)&#8220;][vc_column width=&#8220;1\/6&#8243; align=&#8220;center&#8220;][\/vc_column][vc_column width=&#8220;2\/3&#8243;][tm_heading style=&#8220;common&#8220; custom_google_font=&#8220;&#8220; align=&#8220;center&#8220; text_color=&#8220;custom&#8220; custom_text_color=&#8220;#ffffff&#8220;]Haben Sie Fragen?[\/tm_heading][tm_spacer size=&#8220;lg:20&#8243;][tm_heading tag=&#8220;p&#8220; custom_google_font=&#8220;&#8220; align=&#8220;center&#8220; text_color=&#8220;custom&#8220; custom_text_color=&#8220;#ffffff&#8220; font_size=&#8220;lg:16&#8243; line_height=&#8220;1.67&#8243;]Wir sind gerne f\u00fcr Sie da und freuen uns auf Ihre Kontaktanfrage.[\/tm_heading][tm_spacer size=&#8220;sm:40;lg:30&#8243;][vc_row_inner][vc_column_inner][tm_button style=&#8220;solid&#8220; size=&#8220;lg&#8220; button=&#8220;url:https%3A%2F%2Fwww.sdk.at%2Findex.php%2Fkontakt%2F|title:Jetzt%20Kontakt%20aufnehmen&#8220; align=&#8220;center&#8220; color=&#8220;custom&#8220; font_color=&#8220;custom&#8220; button_border_color=&#8220;custom&#8220; button_bg_color_hover=&#8220;transparent&#8220; custom_border_color=&#8220;#ffffff&#8220; custom_font_color=&#8220;#ffffff&#8220; custom_button_border_color=&#8220;#ffffff&#8220; rounded=&#8220;50px&#8220;][\/vc_column_inner][\/vc_row_inner][\/vc_column][vc_column width=&#8220;1\/6&#8243;][\/vc_column][\/vc_row][vc_row][vc_column][tm_spacer size=&#8220;sm:100;lg:120&#8243;][vc_column_text][\/vc_column_text][tm_spacer size=&#8220;sm:100;lg:120&#8243;][\/vc_column][\/vc_row][vc_row full_width=&#8220;stretch_row&#8220; background_color=&#8220;custom&#8220; lg_spacing=&#8220;padding_top:64;padding_bottom:64&#8243; custom_background_color=&#8220;rgba(56,122,255,0.8)&#8220;][vc_column width=&#8220;2\/3&#8243;][tm_heading tag=&#8220;p&#8220; custom_google_font=&#8220;&#8220; text_color=&#8220;custom&#8220; custom_text_color=&#8220;rgba(255,255,255,0.84)&#8220; letter_spacing=&#8220;.06em&#8220;]DAS K\u00d6NNTE SIE EBENFALLS INTERESSIEREN[\/tm_heading][tm_spacer size=&#8220;lg:10&#8243;][tm_heading style=&#8220;common&#8220; custom_google_font=&#8220;&#8220; text_color=&#8220;custom&#8220; custom_text_color=&#8220;#ffffff&#8220;]Energieverrechnung[\/tm_heading][tm_spacer size=&#8220;lg:20&#8243;][tm_heading tag=&#8220;p&#8220; custom_google_font=&#8220;&#8220; text_color=&#8220;custom&#8220; custom_text_color=&#8220;#ffffff&#8220; font_size=&#8220;lg:16&#8243; line_height=&#8220;1.67&#8243;]Die SDK.ProviderSuite ist ein vollumfassendes System zur Erstellung und Verarbeitung von Rechnungen. Aufbauend auf die Abrechnung f\u00fchren Sie die gesamte Debitorenbuchhaltung mit Inkasso- und Mahnwesen aus.[\/tm_heading][tm_spacer size=&#8220;sm:40;lg:30&#8243;][vc_row_inner][vc_column_inner][tm_button style=&#8220;solid&#8220; size=&#8220;lg&#8220; button=&#8220;url:https%3A%2F%2Fwww.sdk.at%2Findex.php%2Fsdk-apps-2%2Fenergieverrechnung%2F|title:Mehr%20zu%20Energieverrechnung&#8220; color=&#8220;custom&#8220; font_color=&#8220;custom&#8220; button_border_color=&#8220;custom&#8220; button_bg_color_hover=&#8220;transparent&#8220; custom_border_color=&#8220;#ffffff&#8220; custom_font_color=&#8220;#ffffff&#8220; custom_button_border_color=&#8220;#ffffff&#8220; rounded=&#8220;50px&#8220;][\/vc_column_inner][\/vc_row_inner][\/vc_column][vc_column width=&#8220;1\/6&#8243; align=&#8220;center&#8220;][\/vc_column][vc_column width=&#8220;1\/6&#8243;][\/vc_column][\/vc_row]<\/p>\n","protected":false},"author":1,"featured_media":0,"parent":3735,"menu_order":0,"comment_status":"closed","ping_status":"closed","template":"templates\/blank.php","meta":{"_eb_attr":"","footnotes":""},"class_list":["post-2969","page","type-page","status-publish","hentry","post-no-thumbnail"],"_links":{"self":[{"href":"https:\/\/www.sdk.at\/index.php\/wp-json\/wp\/v2\/pages\/2969","targetHints":{"allow":["GET"]}}],"collection":[{"href":"https:\/\/www.sdk.at\/index.php\/wp-json\/wp\/v2\/pages"}],"about":[{"href":"https:\/\/www.sdk.at\/index.php\/wp-json\/wp\/v2\/types\/page"}],"author":[{"embeddable":true,"href":"https:\/\/www.sdk.at\/index.php\/wp-json\/wp\/v2\/users\/1"}],"replies":[{"embeddable":true,"href":"https:\/\/www.sdk.at\/index.php\/wp-json\/wp\/v2\/comments?post=2969"}],"version-history":[{"count":26,"href":"https:\/\/www.sdk.at\/index.php\/wp-json\/wp\/v2\/pages\/2969\/revisions"}],"predecessor-version":[{"id":4709,"href":"https:\/\/www.sdk.at\/index.php\/wp-json\/wp\/v2\/pages\/2969\/revisions\/4709"}],"up":[{"embeddable":true,"href":"https:\/\/www.sdk.at\/index.php\/wp-json\/wp\/v2\/pages\/3735"}],"wp:attachment":[{"href":"https:\/\/www.sdk.at\/index.php\/wp-json\/wp\/v2\/media?parent=2969"}],"curies":[{"name":"wp","href":"https:\/\/api.w.org\/{rel}","templated":true}]}}