{"id":2947,"date":"2021-06-28T09:11:04","date_gmt":"2021-06-28T07:11:04","guid":{"rendered":"http:\/\/wordpress.sdk.at\/?page_id=2947"},"modified":"2022-06-23T16:41:11","modified_gmt":"2022-06-23T14:41:11","slug":"aktuelles","status":"publish","type":"page","link":"https:\/\/www.sdk.at\/index.php\/aktuelles\/","title":{"rendered":"Aktuelles"},"content":{"rendered":"<section class=\"wpb-content-wrapper\"><p>[vc_row full_width=&#8220;stretch_row_content_no_spaces&#8220; content_placement=&#8220;middle&#8220;][vc_column][tm_spacer size=&#8220;lg:70&#8243;][tm_heading tag=&#8220;h1&#8243; custom_google_font=&#8220;&#8220; align=&#8220;center&#8220; font_size=&#8220;xs:30;sm:30&#8243;]Aktuelles \/ Einsatzbereiche[\/tm_heading][tm_spacer size=&#8220;lg:25&#8243;][tm_heading tag=&#8220;p&#8220; custom_google_font=&#8220;&#8220; align=&#8220;center&#8220; font_size=&#8220;lg:16&#8243; line_height=&#8220;1.67&#8243;]Die Einsatzbereiche unserer L\u00f6sung sind aufgrund der Parametrierbarkeit umfangreich.<br \/>\nEs werden nicht nur klassische Themen rund um die Energie- Ver- und Entsorgung abgebildet sondern auch neue, aktuelle Themen wie E-Mobilit\u00e4t, Smart-Storage, Energiegemeinschaften, etc.<br \/>\nZus\u00e4tzlich unterst\u00fctzt die L\u00f6sung alle Bereiche des Cross-Sellings. Daher werden auch Themen wie Vermietung, Verkauf sonstiger Produkte und Dienstleistungen, Contracting, Instanthaltungskosten, etc. verwaltet und verrechnet.<br \/>\nWeitere Einsatzgebiete sind Energieprognosen und Energiehandel.[\/tm_heading][tm_spacer size=&#8220;lg:70&#8243;][\/vc_column][\/vc_row][vc_row full_width=&#8220;stretch_row_content_no_spaces&#8220;][vc_column max_width=&#8220;100%&#8220;][vc_separator][\/vc_column][\/vc_row][vc_row full_width=&#8220;stretch_row&#8220; lg_spacing=&#8220;padding_top:43;padding_bottom:43&#8243;][vc_column width=&#8220;1\/2&#8243;][tm_spacer size=&#8220;lg:70&#8243;][tm_image image_size=&#8220;custom&#8220; align=&#8220;center&#8220; image=&#8220;4885&#8243; image_size_width=&#8220;400&#8243; image_size_height=&#8220;300&#8243;][tm_spacer size=&#8220;sm:30;lg:25&#8243;][\/vc_column][vc_column width=&#8220;1\/2&#8243;][tm_spacer size=&#8220;lg:70&#8243;][tm_heading tag=&#8220;h4&#8243; custom_google_font=&#8220;&#8220; font_size=&#8220;xs:22;sm:22;md:22;lg:26&#8243; line_height=&#8220;1.4&#8243;]<mark>E-Mobilit\u00e4t<\/mark>[\/tm_heading][tm_spacer size=&#8220;sm:30;lg:25&#8243;][tm_heading tag=&#8220;p&#8220; custom_google_font=&#8220;&#8220; font_size=&#8220;lg:16&#8243; line_height=&#8220;1.67&#8243;]Im Kampf gegen den Klimawandel sollen bis zum Jahr 2035 keine Benzin- und Dieselautos mehr neu zugelassen werden. Der Entwurf des europ\u00e4ischen Klimaprogramms \u201eFit for 55\u201c (Treibhausgas-Reduktionsziel von minus 55 Prozent bis 2030) wird viele Bereiche beinhalten.<br \/>\nDie Emissionsvorschriften f\u00fcr neue Fahrzeuge werden massiv versch\u00e4rft werden.<br \/>\nDie Automobilindustrie arbeitet intensiv an der Wende und wird in den n\u00e4chsten Jahren viele E-Modelle anbieten.<br \/>\nWir helfen Ihnen, vom Anfang an bei der Gestaltung der Zukunft dabei zu sein.<br \/>\n<a href=\"https:\/\/www.sdk.at\/index.php\/aktuelles\/e-mobility\/\"><mark>Mehr erfahren&#8230;<\/mark><\/a>[\/tm_heading][tm_spacer size=&#8220;sm:30;lg:25&#8243;][\/vc_column][\/vc_row][vc_row full_width=&#8220;stretch_row_content_no_spaces&#8220;][vc_column max_width=&#8220;100%&#8220;][vc_separator][\/vc_column][\/vc_row][vc_row full_width=&#8220;stretch_row&#8220; lg_spacing=&#8220;padding_top:43;padding_bottom:43&#8243;][vc_column width=&#8220;1\/2&#8243;][tm_spacer size=&#8220;lg:70&#8243;][tm_heading tag=&#8220;h4&#8243; custom_google_font=&#8220;&#8220; font_size=&#8220;xs:22;sm:22;md:22;lg:26&#8243; line_height=&#8220;1.4&#8243;]<mark>Smart Storage<\/mark>[\/tm_heading][tm_spacer size=&#8220;sm:30;lg:25&#8243;][tm_heading tag=&#8220;p&#8220; custom_google_font=&#8220;&#8220; font_size=&#8220;lg:16&#8243; line_height=&#8220;1.67&#8243;]Besitzer von Photovoltaik Anlagen, die m\u00f6glichst viel vom eigenen Sonnenstrom verbrauchen m\u00f6chten, k\u00f6nnen den \u00dcberschuss in physikalische oder virtuelle Batterien einspeisen.<br \/>\nVirtuelle Stromspeicher sind Smart-Storages.<br \/>\n<a href=\"https:\/\/www.sdk.at\/index.php\/aktuelles\/smart-storage\/\"><mark>Mehr erfahren&#8230;<\/mark><\/a>[\/tm_heading][tm_spacer size=&#8220;sm:30;lg:25&#8243;][\/vc_column][vc_column width=&#8220;1\/2&#8243;][tm_spacer size=&#8220;lg:70&#8243;][tm_image image_size=&#8220;custom&#8220; align=&#8220;center&#8220; image=&#8220;4908&#8243; image_size_width=&#8220;400&#8243; image_size_height=&#8220;300&#8243;][tm_spacer size=&#8220;sm:30;lg:25&#8243;][\/vc_column][\/vc_row][vc_row full_width=&#8220;stretch_row_content_no_spaces&#8220;][vc_column max_width=&#8220;100%&#8220;][vc_separator][\/vc_column][\/vc_row][vc_row full_width=&#8220;stretch_row&#8220; lg_spacing=&#8220;padding_top:43;padding_bottom:43&#8243;][vc_column width=&#8220;1\/2&#8243;][tm_spacer size=&#8220;lg:70&#8243;][tm_image image_size=&#8220;custom&#8220; align=&#8220;center&#8220; image=&#8220;4900&#8243; image_size_width=&#8220;400&#8243; image_size_height=&#8220;300&#8243;][tm_spacer size=&#8220;sm:30;lg:25&#8243;][\/vc_column][vc_column width=&#8220;1\/2&#8243;][tm_spacer size=&#8220;lg:70&#8243;][tm_heading tag=&#8220;h4&#8243; custom_google_font=&#8220;&#8220; font_size=&#8220;xs:22;sm:22;md:22;lg:26&#8243; line_height=&#8220;1.4&#8243;]<mark>Energiegemeinschaften<\/mark>[\/tm_heading][tm_spacer size=&#8220;sm:30;lg:25&#8243;][tm_heading tag=&#8220;p&#8220; custom_google_font=&#8220;&#8220; font_size=&#8220;lg:16&#8243; line_height=&#8220;1.67&#8243;]Mit dem \u201eErneuerbaren Ausbau Gesetz \u2013 EAG\u201c werden \u201eErneuerbare Energiegemeinschaften\u201c und \u201eB\u00fcrgerenergiegemeinschaften\u201c erm\u00f6glicht.<br \/>\nQuelle: https:\/\/www.parlament.gv.at\/PAKT\/VHG\/XXVII\/I\/I_00733\/index.shtml<br \/>\n<a href=\"https:\/\/www.sdk.at\/index.php\/aktuelles\/energiegemeinschaften\/\"><mark>Mehr erfahren&#8230;<\/mark><\/a>[\/tm_heading][tm_spacer size=&#8220;sm:30;lg:25&#8243;][\/vc_column][\/vc_row][vc_row full_width=&#8220;stretch_row_content_no_spaces&#8220;][vc_column max_width=&#8220;100%&#8220;][vc_separator][\/vc_column][\/vc_row][vc_row full_width=&#8220;stretch_row&#8220; lg_spacing=&#8220;padding_top:43;padding_bottom:43&#8243;][vc_column width=&#8220;1\/2&#8243;][tm_spacer size=&#8220;lg:70&#8243;][tm_heading tag=&#8220;h4&#8243; custom_google_font=&#8220;&#8220; font_size=&#8220;xs:22;sm:22;md:22;lg:26&#8243; line_height=&#8220;1.4&#8243;]<mark>Contracting<\/mark>[\/tm_heading][tm_spacer size=&#8220;sm:30;lg:25&#8243;][tm_heading tag=&#8220;p&#8220; custom_google_font=&#8220;&#8220; font_size=&#8220;lg:16&#8243; line_height=&#8220;1.67&#8243;]Sie bieten Ihren Kunden ein umfassendes Service?<br \/>\nEgal welche Energieart, Sie unterst\u00fctzen bei der Errichtung und dem Betrieb der Anlage und sorgen f\u00fcr den optimalen Einkauf der erforderlichen Ressourcen?<br \/>\nDazu ben\u00f6tigen Sie unsere Software.<br \/>\n<a href=\"https:\/\/www.sdk.at\/index.php\/aktuelles\/contracting\/\"><mark>Mehr erfahren&#8230;<\/mark><\/a>[\/tm_heading][tm_spacer size=&#8220;sm:30;lg:25&#8243;][\/vc_column][vc_column width=&#8220;1\/2&#8243;][tm_spacer size=&#8220;lg:70&#8243;][tm_image image_size=&#8220;custom&#8220; align=&#8220;center&#8220; image=&#8220;4903&#8243; image_size_width=&#8220;400&#8243; image_size_height=&#8220;300&#8243;][tm_spacer size=&#8220;sm:30;lg:25&#8243;][\/vc_column][\/vc_row][vc_row full_width=&#8220;stretch_row_content_no_spaces&#8220;][vc_column max_width=&#8220;100%&#8220;][vc_separator][\/vc_column][\/vc_row][vc_row full_width=&#8220;stretch_row&#8220; background_color=&#8220;custom&#8220; lg_spacing=&#8220;padding_top:64;padding_bottom:64&#8243; custom_background_color=&#8220;rgba(56,122,255,0.8)&#8220;][vc_column width=&#8220;1\/6&#8243; align=&#8220;center&#8220;][\/vc_column][vc_column width=&#8220;2\/3&#8243;][tm_heading style=&#8220;common&#8220; custom_google_font=&#8220;&#8220; align=&#8220;center&#8220; text_color=&#8220;custom&#8220; custom_text_color=&#8220;#ffffff&#8220;]Haben Sie Fragen?[\/tm_heading][tm_spacer size=&#8220;lg:20&#8243;][tm_heading tag=&#8220;p&#8220; custom_google_font=&#8220;&#8220; align=&#8220;center&#8220; text_color=&#8220;custom&#8220; custom_text_color=&#8220;#ffffff&#8220; font_size=&#8220;lg:16&#8243; line_height=&#8220;1.67&#8243;]Wir sind gerne f\u00fcr Sie da und freuen uns auf Ihre Kontaktanfrage.[\/tm_heading][tm_spacer size=&#8220;sm:40;lg:30&#8243;][vc_row_inner][vc_column_inner][tm_button style=&#8220;solid&#8220; size=&#8220;lg&#8220; button=&#8220;url:https%3A%2F%2Fwww.sdk.at%2Findex.php%2Fkontakt%2F|title:Jetzt%20Kontakt%20aufnehmen&#8220; align=&#8220;center&#8220; color=&#8220;custom&#8220; font_color=&#8220;custom&#8220; button_border_color=&#8220;custom&#8220; button_bg_color_hover=&#8220;transparent&#8220; custom_border_color=&#8220;#ffffff&#8220; custom_font_color=&#8220;#ffffff&#8220; custom_button_border_color=&#8220;#ffffff&#8220; rounded=&#8220;50px&#8220;][\/vc_column_inner][\/vc_row_inner][\/vc_column][vc_column width=&#8220;1\/6&#8243;][\/vc_column][\/vc_row]<\/p>\n<\/section>","protected":false},"excerpt":{"rendered":"<p>[vc_row full_width=&#8220;stretch_row_content_no_spaces&#8220; content_placement=&#8220;middle&#8220;][vc_column][tm_spacer size=&#8220;lg:70&#8243;][tm_heading tag=&#8220;h1&#8243; custom_google_font=&#8220;&#8220; align=&#8220;center&#8220; font_size=&#8220;xs:30;sm:30&#8243;]Aktuelles \/ Einsatzbereiche[\/tm_heading][tm_spacer size=&#8220;lg:25&#8243;][tm_heading tag=&#8220;p&#8220; custom_google_font=&#8220;&#8220; align=&#8220;center&#8220; font_size=&#8220;lg:16&#8243; line_height=&#8220;1.67&#8243;]Die Einsatzbereiche unserer L\u00f6sung sind aufgrund der Parametrierbarkeit umfangreich. Es werden nicht nur klassische Themen rund um die Energie- Ver- und Entsorgung abgebildet sondern auch neue, aktuelle Themen wie E-Mobilit\u00e4t, Smart-Storage, Energiegemeinschaften, etc. Zus\u00e4tzlich unterst\u00fctzt die L\u00f6sung alle Bereiche des Cross-Sellings. Daher werden auch Themen wie Vermietung, Verkauf sonstiger Produkte und Dienstleistungen, Contracting, Instanthaltungskosten, etc. verwaltet und verrechnet. Weitere Einsatzgebiete sind Energieprognosen und Energiehandel.[\/tm_heading][tm_spacer size=&#8220;lg:70&#8243;][\/vc_column][\/vc_row][vc_row full_width=&#8220;stretch_row_content_no_spaces&#8220;][vc_column max_width=&#8220;100%&#8220;][vc_separator][\/vc_column][\/vc_row][vc_row full_width=&#8220;stretch_row&#8220; lg_spacing=&#8220;padding_top:43;padding_bottom:43&#8243;][vc_column width=&#8220;1\/2&#8243;][tm_spacer size=&#8220;lg:70&#8243;][tm_image image_size=&#8220;custom&#8220; align=&#8220;center&#8220; image=&#8220;4885&#8243; image_size_width=&#8220;400&#8243; image_size_height=&#8220;300&#8243;][tm_spacer size=&#8220;sm:30;lg:25&#8243;][\/vc_column][vc_column width=&#8220;1\/2&#8243;][tm_spacer size=&#8220;lg:70&#8243;][tm_heading tag=&#8220;h4&#8243; custom_google_font=&#8220;&#8220; font_size=&#8220;xs:22;sm:22;md:22;lg:26&#8243; line_height=&#8220;1.4&#8243;]E-Mobilit\u00e4t[\/tm_heading][tm_spacer size=&#8220;sm:30;lg:25&#8243;][tm_heading tag=&#8220;p&#8220; custom_google_font=&#8220;&#8220; font_size=&#8220;lg:16&#8243; line_height=&#8220;1.67&#8243;]Im Kampf gegen den Klimawandel sollen bis zum Jahr 2035 keine Benzin- und Dieselautos mehr neu zugelassen werden. Der Entwurf des europ\u00e4ischen Klimaprogramms \u201eFit for 55\u201c (Treibhausgas-Reduktionsziel von minus 55 Prozent bis 2030) wird viele Bereiche beinhalten. Die Emissionsvorschriften f\u00fcr neue Fahrzeuge werden massiv versch\u00e4rft werden. Die Automobilindustrie arbeitet intensiv an der Wende und wird in den n\u00e4chsten Jahren viele E-Modelle anbieten. Wir helfen Ihnen, vom Anfang an bei der Gestaltung der Zukunft dabei zu sein. Mehr erfahren&#8230;[\/tm_heading][tm_spacer size=&#8220;sm:30;lg:25&#8243;][\/vc_column][\/vc_row][vc_row full_width=&#8220;stretch_row_content_no_spaces&#8220;][vc_column max_width=&#8220;100%&#8220;][vc_separator][\/vc_column][\/vc_row][vc_row full_width=&#8220;stretch_row&#8220; lg_spacing=&#8220;padding_top:43;padding_bottom:43&#8243;][vc_column width=&#8220;1\/2&#8243;][tm_spacer size=&#8220;lg:70&#8243;][tm_heading tag=&#8220;h4&#8243; custom_google_font=&#8220;&#8220; font_size=&#8220;xs:22;sm:22;md:22;lg:26&#8243; line_height=&#8220;1.4&#8243;]Smart Storage[\/tm_heading][tm_spacer size=&#8220;sm:30;lg:25&#8243;][tm_heading tag=&#8220;p&#8220; custom_google_font=&#8220;&#8220; font_size=&#8220;lg:16&#8243; line_height=&#8220;1.67&#8243;]Besitzer von Photovoltaik Anlagen, die m\u00f6glichst viel vom eigenen Sonnenstrom verbrauchen m\u00f6chten, k\u00f6nnen den \u00dcberschuss in physikalische oder virtuelle Batterien einspeisen. Virtuelle Stromspeicher sind Smart-Storages. Mehr erfahren&#8230;[\/tm_heading][tm_spacer size=&#8220;sm:30;lg:25&#8243;][\/vc_column][vc_column width=&#8220;1\/2&#8243;][tm_spacer size=&#8220;lg:70&#8243;][tm_image image_size=&#8220;custom&#8220; align=&#8220;center&#8220; image=&#8220;4908&#8243; image_size_width=&#8220;400&#8243; image_size_height=&#8220;300&#8243;][tm_spacer size=&#8220;sm:30;lg:25&#8243;][\/vc_column][\/vc_row][vc_row full_width=&#8220;stretch_row_content_no_spaces&#8220;][vc_column max_width=&#8220;100%&#8220;][vc_separator][\/vc_column][\/vc_row][vc_row full_width=&#8220;stretch_row&#8220; lg_spacing=&#8220;padding_top:43;padding_bottom:43&#8243;][vc_column width=&#8220;1\/2&#8243;][tm_spacer size=&#8220;lg:70&#8243;][tm_image image_size=&#8220;custom&#8220; align=&#8220;center&#8220; image=&#8220;4900&#8243; image_size_width=&#8220;400&#8243; image_size_height=&#8220;300&#8243;][tm_spacer size=&#8220;sm:30;lg:25&#8243;][\/vc_column][vc_column width=&#8220;1\/2&#8243;][tm_spacer size=&#8220;lg:70&#8243;][tm_heading tag=&#8220;h4&#8243; custom_google_font=&#8220;&#8220; font_size=&#8220;xs:22;sm:22;md:22;lg:26&#8243; line_height=&#8220;1.4&#8243;]Energiegemeinschaften[\/tm_heading][tm_spacer size=&#8220;sm:30;lg:25&#8243;][tm_heading tag=&#8220;p&#8220; custom_google_font=&#8220;&#8220; font_size=&#8220;lg:16&#8243; line_height=&#8220;1.67&#8243;]Mit dem \u201eErneuerbaren Ausbau Gesetz \u2013 EAG\u201c werden \u201eErneuerbare Energiegemeinschaften\u201c und \u201eB\u00fcrgerenergiegemeinschaften\u201c erm\u00f6glicht. Quelle: https:\/\/www.parlament.gv.at\/PAKT\/VHG\/XXVII\/I\/I_00733\/index.shtml Mehr erfahren&#8230;[\/tm_heading][tm_spacer size=&#8220;sm:30;lg:25&#8243;][\/vc_column][\/vc_row][vc_row full_width=&#8220;stretch_row_content_no_spaces&#8220;][vc_column max_width=&#8220;100%&#8220;][vc_separator][\/vc_column][\/vc_row][vc_row full_width=&#8220;stretch_row&#8220; lg_spacing=&#8220;padding_top:43;padding_bottom:43&#8243;][vc_column width=&#8220;1\/2&#8243;][tm_spacer size=&#8220;lg:70&#8243;][tm_heading tag=&#8220;h4&#8243; custom_google_font=&#8220;&#8220; font_size=&#8220;xs:22;sm:22;md:22;lg:26&#8243; line_height=&#8220;1.4&#8243;]Contracting[\/tm_heading][tm_spacer size=&#8220;sm:30;lg:25&#8243;][tm_heading tag=&#8220;p&#8220; custom_google_font=&#8220;&#8220; font_size=&#8220;lg:16&#8243; line_height=&#8220;1.67&#8243;]Sie bieten Ihren Kunden ein umfassendes Service? Egal welche Energieart, Sie unterst\u00fctzen bei der Errichtung und dem Betrieb der Anlage und sorgen f\u00fcr den optimalen Einkauf der erforderlichen Ressourcen? Dazu ben\u00f6tigen Sie unsere Software. Mehr erfahren&#8230;[\/tm_heading][tm_spacer size=&#8220;sm:30;lg:25&#8243;][\/vc_column][vc_column width=&#8220;1\/2&#8243;][tm_spacer size=&#8220;lg:70&#8243;][tm_image image_size=&#8220;custom&#8220; align=&#8220;center&#8220; image=&#8220;4903&#8243; image_size_width=&#8220;400&#8243; image_size_height=&#8220;300&#8243;][tm_spacer size=&#8220;sm:30;lg:25&#8243;][\/vc_column][\/vc_row][vc_row full_width=&#8220;stretch_row_content_no_spaces&#8220;][vc_column max_width=&#8220;100%&#8220;][vc_separator][\/vc_column][\/vc_row][vc_row full_width=&#8220;stretch_row&#8220; background_color=&#8220;custom&#8220; lg_spacing=&#8220;padding_top:64;padding_bottom:64&#8243; custom_background_color=&#8220;rgba(56,122,255,0.8)&#8220;][vc_column width=&#8220;1\/6&#8243; align=&#8220;center&#8220;][\/vc_column][vc_column width=&#8220;2\/3&#8243;][tm_heading style=&#8220;common&#8220; custom_google_font=&#8220;&#8220; align=&#8220;center&#8220; text_color=&#8220;custom&#8220; custom_text_color=&#8220;#ffffff&#8220;]Haben Sie Fragen?[\/tm_heading][tm_spacer size=&#8220;lg:20&#8243;][tm_heading tag=&#8220;p&#8220; custom_google_font=&#8220;&#8220; align=&#8220;center&#8220; text_color=&#8220;custom&#8220; custom_text_color=&#8220;#ffffff&#8220; font_size=&#8220;lg:16&#8243; line_height=&#8220;1.67&#8243;]Wir sind gerne f\u00fcr Sie da und freuen uns auf Ihre Kontaktanfrage.[\/tm_heading][tm_spacer size=&#8220;sm:40;lg:30&#8243;][vc_row_inner][vc_column_inner][tm_button style=&#8220;solid&#8220; size=&#8220;lg&#8220; button=&#8220;url:https%3A%2F%2Fwww.sdk.at%2Findex.php%2Fkontakt%2F|title:Jetzt%20Kontakt%20aufnehmen&#8220; align=&#8220;center&#8220; color=&#8220;custom&#8220; font_color=&#8220;custom&#8220; button_border_color=&#8220;custom&#8220; button_bg_color_hover=&#8220;transparent&#8220; custom_border_color=&#8220;#ffffff&#8220; custom_font_color=&#8220;#ffffff&#8220; custom_button_border_color=&#8220;#ffffff&#8220; rounded=&#8220;50px&#8220;][\/vc_column_inner][\/vc_row_inner][\/vc_column][vc_column width=&#8220;1\/6&#8243;][\/vc_column][\/vc_row]<\/p>\n","protected":false},"author":1,"featured_media":0,"parent":0,"menu_order":0,"comment_status":"closed","ping_status":"closed","template":"templates\/blank.php","meta":{"_eb_attr":"","footnotes":""},"class_list":["post-2947","page","type-page","status-publish","hentry","post-no-thumbnail"],"_links":{"self":[{"href":"https:\/\/www.sdk.at\/index.php\/wp-json\/wp\/v2\/pages\/2947","targetHints":{"allow":["GET"]}}],"collection":[{"href":"https:\/\/www.sdk.at\/index.php\/wp-json\/wp\/v2\/pages"}],"about":[{"href":"https:\/\/www.sdk.at\/index.php\/wp-json\/wp\/v2\/types\/page"}],"author":[{"embeddable":true,"href":"https:\/\/www.sdk.at\/index.php\/wp-json\/wp\/v2\/users\/1"}],"replies":[{"embeddable":true,"href":"https:\/\/www.sdk.at\/index.php\/wp-json\/wp\/v2\/comments?post=2947"}],"version-history":[{"count":26,"href":"https:\/\/www.sdk.at\/index.php\/wp-json\/wp\/v2\/pages\/2947\/revisions"}],"predecessor-version":[{"id":4911,"href":"https:\/\/www.sdk.at\/index.php\/wp-json\/wp\/v2\/pages\/2947\/revisions\/4911"}],"wp:attachment":[{"href":"https:\/\/www.sdk.at\/index.php\/wp-json\/wp\/v2\/media?parent=2947"}],"curies":[{"name":"wp","href":"https:\/\/api.w.org\/{rel}","templated":true}]}}