{"id":2806,"date":"2019-02-22T02:48:35","date_gmt":"2019-02-22T01:48:35","guid":{"rendered":"http:\/\/wordpress.sdk.at\/index.php\/elements\/"},"modified":"2022-06-22T21:22:27","modified_gmt":"2022-06-22T19:22:27","slug":"industry-sectors","status":"publish","type":"page","link":"https:\/\/www.sdk.at\/index.php\/industry-sectors\/","title":{"rendered":"Branchen"},"content":{"rendered":"<section class=\"wpb-content-wrapper\"><p>[vc_row full_width=&#8220;stretch_row_content_no_spaces&#8220; content_placement=&#8220;middle&#8220;][vc_column width=&#8220;1\/2&#8243;][tm_image image=&#8220;2053&#8243;][\/vc_column][vc_column width=&#8220;1\/2&#8243; content_position=&#8220;middle&#8220; align=&#8220;center&#8220;][tm_heading tag=&#8220;h1&#8243; custom_google_font=&#8220;&#8220; align=&#8220;center&#8220; font_size=&#8220;xs:30;sm:30&#8243;]Branchen[\/tm_heading][tm_spacer size=&#8220;lg:24&#8243;][tm_heading tag=&#8220;p&#8220; custom_google_font=&#8220;&#8220; align=&#8220;center&#8220; font_size=&#8220;lg:16&#8243; line_height=&#8220;1.67&#8243;]Als international t\u00e4tiges Unternehmen bietet SDK vielseitige Softwareprodukte und IT-Dienstleistungen im Bereich der Energieversorgung, bzw. der Ver- und Entsorgungsindustrie. Unsere gro\u00dfe St\u00e4rke ist die kundenspezifische Individualisierung sowohl unserer Softwareentwicklung, als auch unserer Beratungsservices.[\/tm_heading][tm_spacer size=&#8220;lg:24&#8243;][tm_button size=&#8220;lg&#8220; button=&#8220;url:https%3A%2F%2Fwww.sdk.at%2Findex.php%2Fsdk-apps-2%2F|title:Mehr%20erfahren&#8220; align=&#8220;center&#8220; rounded=&#8220;50px&#8220;][tm_spacer size=&#8220;lg:40&#8243;][\/vc_column][\/vc_row][vc_row full_width=&#8220;stretch_row_content_no_spaces&#8220;][vc_column max_width=&#8220;100%&#8220;][vc_separator][\/vc_column][\/vc_row][vc_row full_width=&#8220;stretch_row&#8220; lg_spacing=&#8220;padding_top:43;padding_bottom:43&#8243;][vc_column width=&#8220;1\/2&#8243;][tm_spacer size=&#8220;lg:70&#8243;][tm_image image_size=&#8220;custom&#8220; align=&#8220;center&#8220; image=&#8220;4941&#8243; image_size_width=&#8220;400&#8243; image_size_height=&#8220;300&#8243;][tm_spacer size=&#8220;sm:30;lg:25&#8243;][\/vc_column][vc_column width=&#8220;1\/2&#8243;][tm_spacer size=&#8220;lg:70&#8243;][tm_heading tag=&#8220;h4&#8243; custom_google_font=&#8220;&#8220; font_size=&#8220;xs:22;sm:22;md:22;lg:26&#8243; line_height=&#8220;1.4&#8243;]<mark>Energielieferanten<\/mark>[\/tm_heading][tm_spacer size=&#8220;sm:30;lg:25&#8243;][tm_heading tag=&#8220;p&#8220; custom_google_font=&#8220;&#8220; font_size=&#8220;lg:16&#8243; line_height=&#8220;1.67&#8243;]Die Digitalisierung energiewirtschaftlicher Prozesse schreitet mit gro\u00dfen Schritten voran. Die Komplexit\u00e4t steigt stetig aufgrund neuer gesetzlicher Rahmenbedingungen, einer Vielzahl ausgetauschter Informationen zwischen Marktpartnern und sich dadurch ergebender neuer Gesch\u00e4ftsmodelle. Lieferanten im liberalisierten Energiemarkt m\u00fcssen rasch auf neue Chancen am Markt reagieren und entsprechende Produkte\/Dienstleistungen entwickeln. Wir helfen Ihnen, ihren Markt zu bedienen und neue M\u00e4rkte zu erschlie\u00dfen.<br \/>\n<a href=\"https:\/\/www.sdk.at\/index.php\/industry-sectors\/energy-industry\/energy-suppliers\/\"><mark>Mehr erfahren&#8230;<\/mark><\/a>[\/tm_heading][tm_spacer size=&#8220;sm:30;lg:25&#8243;][\/vc_column][\/vc_row][vc_row full_width=&#8220;stretch_row_content_no_spaces&#8220;][vc_column max_width=&#8220;100%&#8220;][vc_separator][\/vc_column][\/vc_row][vc_row full_width=&#8220;stretch_row&#8220; lg_spacing=&#8220;padding_top:43;padding_bottom:43&#8243;][vc_column width=&#8220;1\/2&#8243;][tm_spacer size=&#8220;lg:70&#8243;][tm_heading tag=&#8220;h4&#8243; custom_google_font=&#8220;&#8220; font_size=&#8220;xs:22;sm:22;md:22;lg:26&#8243; line_height=&#8220;1.4&#8243;]<mark>Netzbetreiber<\/mark>[\/tm_heading][tm_spacer size=&#8220;sm:30;lg:25&#8243;][tm_heading tag=&#8220;p&#8220; custom_google_font=&#8220;&#8220; font_size=&#8220;lg:16&#8243; line_height=&#8220;1.67&#8243;]Die lange Zeit best\u00e4ndigen Energiem\u00e4rkte \u00e4ndern sich in rasantem Tempo. Die Verlagerung hin zu dezentraler Energieerzeugung und die damit verbundenen gesetzlichen und regulatorischen Vorgaben stellen Netzbetreiber vor neue Herausforderungen. Netzbetreibern m\u00fcssen laufend neue und immer komplexere Aufgaben am Energiemarkt \u00fcbernehmen. Wir helfen Ihnen, alle Aufgaben effizient zu erf\u00fcllen.<br \/>\n<a href=\"https:\/\/www.sdk.at\/index.php\/industry-sectors\/energy-industry\/netzbetreiber\/\"><mark>Mehr erfahren&#8230;<\/mark><\/a>[\/tm_heading][tm_spacer size=&#8220;sm:30;lg:25&#8243;][\/vc_column][vc_column width=&#8220;1\/2&#8243;][tm_spacer size=&#8220;lg:70&#8243;][tm_image image_size=&#8220;custom&#8220; align=&#8220;center&#8220; image=&#8220;4819&#8243; image_size_width=&#8220;400&#8243; image_size_height=&#8220;300&#8243;][tm_spacer size=&#8220;sm:30;lg:25&#8243;][\/vc_column][\/vc_row][vc_row full_width=&#8220;stretch_row_content_no_spaces&#8220;][vc_column max_width=&#8220;100%&#8220;][vc_separator][\/vc_column][\/vc_row][vc_row full_width=&#8220;stretch_row&#8220; lg_spacing=&#8220;padding_top:43;padding_bottom:43&#8243;][vc_column width=&#8220;1\/2&#8243;][tm_spacer size=&#8220;lg:70&#8243;][tm_image image_size=&#8220;custom&#8220; align=&#8220;center&#8220; image=&#8220;4827&#8243; image_size_width=&#8220;400&#8243; image_size_height=&#8220;300&#8243;][tm_spacer size=&#8220;sm:30;lg:25&#8243;][\/vc_column][vc_column width=&#8220;1\/2&#8243;][tm_spacer size=&#8220;lg:70&#8243;][tm_heading tag=&#8220;h4&#8243; custom_google_font=&#8220;&#8220; font_size=&#8220;xs:22;sm:22;md:22;lg:26&#8243; line_height=&#8220;1.4&#8243;]<mark>Messstellenbetreiber<\/mark>[\/tm_heading][tm_spacer size=&#8220;sm:30;lg:25&#8243;][tm_heading tag=&#8220;p&#8220; custom_google_font=&#8220;&#8220; font_size=&#8220;lg:16&#8243; line_height=&#8220;1.67&#8243;]Durch neue Erfordernisse am Energiemarkt wie SmartMeter und immer k\u00fcrzere Fristen f\u00fcr die \u00dcbermittlung von Messdaten an Energielieferanten (und weitere Akteure), ist es erforderlich, dass Z\u00e4hler laufend Daten liefern. Wenn sie das nicht tun, ist es notwendig schnell zu reagieren. Wir helfen Ihnen, Messdaten zu liefern wann sie gebraucht werden.<br \/>\n<a href=\"https:\/\/www.sdk.at\/index.php\/industry-sectors\/energy-industry\/messstellenbetriber\/\"><mark>Mehr erfahren&#8230;<\/mark><\/a>[\/tm_heading][tm_spacer size=&#8220;sm:30;lg:25&#8243;][\/vc_column][\/vc_row][vc_row full_width=&#8220;stretch_row_content_no_spaces&#8220;][vc_column max_width=&#8220;100%&#8220;][vc_separator][\/vc_column][\/vc_row][vc_row full_width=&#8220;stretch_row&#8220; lg_spacing=&#8220;padding_top:43;padding_bottom:43&#8243;][vc_column width=&#8220;1\/2&#8243;][tm_spacer size=&#8220;lg:70&#8243;][tm_heading tag=&#8220;h4&#8243; custom_google_font=&#8220;&#8220; font_size=&#8220;xs:22;sm:22;md:22;lg:26&#8243; line_height=&#8220;1.4&#8243;]<mark>Anlagenbetreiber<\/mark>[\/tm_heading][tm_spacer size=&#8220;sm:30;lg:25&#8243;][tm_heading tag=&#8220;p&#8220; custom_google_font=&#8220;&#8220; font_size=&#8220;lg:16&#8243; line_height=&#8220;1.67&#8243;]Durch die angestrebte \u00d6kologisierung der Energieerzeugung und damit einhergehende Gesetzes\u00e4nderungen wurde es erstmals m\u00f6glich PV-Anlagen nicht nur auf Einfamilienh\u00e4usern oder Firmengeb\u00e4uden sondern auch auf gr\u00f6\u00dferen Wohnanlagen zu errichten und die Vorteile allen Bewohnern zug\u00e4nglich zu machen. Wir helfen Ihnen die Konstrukte zu verwalten und abzurechnen \u2013 mit allem was dazu geh\u00f6rt.<br \/>\n<a href=\"https:\/\/www.sdk.at\/index.php\/industry-sectors\/energy-industry\/anlagenbetreiber\/\"><mark>Mehr erfahren&#8230;<\/mark><\/a>[\/tm_heading][tm_spacer size=&#8220;sm:30;lg:25&#8243;][\/vc_column][vc_column width=&#8220;1\/2&#8243;][tm_spacer size=&#8220;lg:70&#8243;][tm_image image_size=&#8220;custom&#8220; align=&#8220;center&#8220; image=&#8220;4834&#8243; image_size_width=&#8220;400&#8243; image_size_height=&#8220;300&#8243;][tm_spacer size=&#8220;sm:30;lg:25&#8243;][\/vc_column][\/vc_row][vc_row full_width=&#8220;stretch_row_content_no_spaces&#8220;][vc_column max_width=&#8220;100%&#8220;][vc_separator][\/vc_column][\/vc_row][vc_row full_width=&#8220;stretch_row&#8220; lg_spacing=&#8220;padding_top:43;padding_bottom:43&#8243;][vc_column width=&#8220;1\/2&#8243;][tm_spacer size=&#8220;lg:70&#8243;][tm_image image_size=&#8220;custom&#8220; align=&#8220;center&#8220; image=&#8220;4837&#8243; image_size_width=&#8220;400&#8243; image_size_height=&#8220;300&#8243;][tm_spacer size=&#8220;sm:30;lg:25&#8243;][\/vc_column][vc_column width=&#8220;1\/2&#8243;][tm_spacer size=&#8220;lg:70&#8243;][tm_heading tag=&#8220;h4&#8243; custom_google_font=&#8220;&#8220; font_size=&#8220;xs:22;sm:22;md:22;lg:26&#8243; line_height=&#8220;1.4&#8243;]<mark>Energiegemeinschaften<\/mark>[\/tm_heading][tm_spacer size=&#8220;sm:30;lg:25&#8243;][tm_heading tag=&#8220;p&#8220; custom_google_font=&#8220;&#8220; font_size=&#8220;lg:16&#8243; line_height=&#8220;1.67&#8243;]Die Energiewende nimmt Fahrt auf. Durch Energiegemeinschaften spielen Grundst\u00fccksgrenzen bei dezentral erzeugter Energie keine Rolle mehr. Dies f\u00fchrt zu zahlreichen Verbrauchern und Erzeuger innerhalb einer Energiegemeinschaft. Wir helfen Ihnen auch die komplexesten Konstrukte zu verwalten.<br \/>\n<a href=\"https:\/\/www.sdk.at\/index.php\/industry-sectors\/energy-industry\/energiegemeinschaften-branche\/\"><mark>Mehr erfahren&#8230;<\/mark><\/a>[\/tm_heading][tm_spacer size=&#8220;sm:30;lg:25&#8243;][\/vc_column][\/vc_row][vc_row full_width=&#8220;stretch_row_content_no_spaces&#8220;][vc_column max_width=&#8220;100%&#8220;][vc_separator][\/vc_column][\/vc_row][vc_row full_width=&#8220;stretch_row&#8220; lg_spacing=&#8220;padding_top:43;padding_bottom:43&#8243;][vc_column width=&#8220;1\/2&#8243;][tm_spacer size=&#8220;lg:70&#8243;][tm_heading tag=&#8220;h4&#8243; custom_google_font=&#8220;&#8220; font_size=&#8220;xs:22;sm:22;md:22;lg:26&#8243; line_height=&#8220;1.4&#8243;]<mark>Energiehandel<\/mark>[\/tm_heading][tm_spacer size=&#8220;sm:30;lg:25&#8243;][tm_heading tag=&#8220;p&#8220; custom_google_font=&#8220;&#8220; font_size=&#8220;lg:16&#8243; line_height=&#8220;1.67&#8243;]Um einen effizienten Energiehandel durchf\u00fchren zu k\u00f6nnen, sind die vorgelagerten Energieprognosen (Forecasts) und die nachgelagerten Verrechnungsprozesses entscheidend. Die Unterst\u00fctzung dieser Prozesse ist unsere St\u00e4rke. Die Durchf\u00fchrung des eigentlichen Handels (Handel an den B\u00f6rsen) \u00fcberlassen wir den daf\u00fcr spezialisierten Systemen.<br \/>\n<a href=\"https:\/\/www.sdk.at\/index.php\/industry-sectors\/energy-industry\/energiehandel\/\"><mark>Mehr erfahren&#8230;<\/mark><\/a>[\/tm_heading][tm_spacer size=&#8220;sm:30;lg:25&#8243;][\/vc_column][vc_column width=&#8220;1\/2&#8243;][tm_spacer size=&#8220;lg:70&#8243;][tm_image image_size=&#8220;custom&#8220; align=&#8220;center&#8220; image=&#8220;4843&#8243; image_size_width=&#8220;400&#8243; image_size_height=&#8220;300&#8243;][tm_spacer size=&#8220;sm:30;lg:25&#8243;][\/vc_column][\/vc_row][vc_row full_width=&#8220;stretch_row_content_no_spaces&#8220;][vc_column max_width=&#8220;100%&#8220;][vc_separator][\/vc_column][\/vc_row][vc_row full_width=&#8220;stretch_row&#8220; lg_spacing=&#8220;padding_top:43;padding_bottom:43&#8243;][vc_column width=&#8220;1\/2&#8243;][tm_spacer size=&#8220;lg:70&#8243;][tm_image image_size=&#8220;custom&#8220; align=&#8220;center&#8220; image=&#8220;4856&#8243; image_size_width=&#8220;400&#8243; image_size_height=&#8220;300&#8243;][tm_spacer size=&#8220;sm:30;lg:25&#8243;][\/vc_column][vc_column width=&#8220;1\/2&#8243;][tm_spacer size=&#8220;lg:70&#8243;][tm_heading tag=&#8220;h4&#8243; custom_google_font=&#8220;&#8220; font_size=&#8220;xs:22;sm:22;md:22;lg:26&#8243; line_height=&#8220;1.4&#8243;]<mark>Wasserwirtschaft<\/mark>[\/tm_heading][tm_spacer size=&#8220;sm:30;lg:25&#8243;][tm_heading tag=&#8220;p&#8220; custom_google_font=&#8220;&#8220; font_size=&#8220;lg:16&#8243; line_height=&#8220;1.67&#8243;]Wasser. Eine der wichtigsten Ressourcen \u00fcberhaupt. Sie geben jeden Tag ihr Bestes und sorgen daf\u00fcr, dass es rund um die Uhr flie\u00dft wenn ihre Kunden ohne viel nachzudenken den Wasserhahn aufdrehen. F\u00fcr erforderliche Begleitprozesse wie manuelle oder automatische Ablesungen , Verwaltung Ihrer Anlagen und Kunden sowie der Abrechnung ben\u00f6tigen Sie ein effektives Werkzeug, welches zahlreiche Aufgaben automatisiert. Wir helfen Ihnen dabei, damit Sie sich voll und ganz darauf konzentrieren k\u00f6nnen, dass das Wasser flie\u00dft.<br \/>\n<a href=\"https:\/\/www.sdk.at\/index.php\/industry-sectors\/weitere-branchen\/wasser\/\"><mark>Mehr erfahren&#8230;<\/mark><\/a>[\/tm_heading][tm_spacer size=&#8220;sm:30;lg:25&#8243;][\/vc_column][\/vc_row][vc_row full_width=&#8220;stretch_row_content_no_spaces&#8220;][vc_column max_width=&#8220;100%&#8220;][vc_separator][\/vc_column][\/vc_row][vc_row full_width=&#8220;stretch_row&#8220; lg_spacing=&#8220;padding_top:43;padding_bottom:43&#8243;][vc_column width=&#8220;1\/2&#8243;][tm_spacer size=&#8220;lg:70&#8243;][tm_heading tag=&#8220;h4&#8243; custom_google_font=&#8220;&#8220; font_size=&#8220;xs:22;sm:22;md:22;lg:26&#8243; line_height=&#8220;1.4&#8243;]<mark>Kanal<\/mark>[\/tm_heading][tm_spacer size=&#8220;sm:30;lg:25&#8243;][tm_heading tag=&#8220;p&#8220; custom_google_font=&#8220;&#8220; font_size=&#8220;lg:16&#8243; line_height=&#8220;1.67&#8243;]Menschen denken selten \u00fcber die Kanalisation nach &#8211; und das obwohl ein funktionierendes Abwassersystem essentiell f\u00fcr das Funktionieren unserer modernen Gesellschaft ist. Sie arbeiten tagt\u00e4glich daran die Abwassersysteme am Laufen zu halten. Zumindest f\u00fcr die Verwaltung Ihrer Kunden und Anlagen sowie die Verrechnung der Kanalgeb\u00fchren k\u00f6nnen wir Ihnen ein umfangreiches Werkzeug anbieten. Wir helfen Ihnen, mit unserer All-In-One-L\u00f6sung f\u00fcr Kanalgeb\u00fchren.<br \/>\n<a href=\"https:\/\/www.sdk.at\/index.php\/industry-sectors\/weitere-branchen\/kanal\/\"><mark>Mehr erfahren&#8230;<\/mark><\/a>[\/tm_heading][tm_spacer size=&#8220;sm:30;lg:25&#8243;][\/vc_column][vc_column width=&#8220;1\/2&#8243;][tm_spacer size=&#8220;lg:70&#8243;][tm_image image_size=&#8220;custom&#8220; align=&#8220;center&#8220; image=&#8220;4861&#8243; image_size_width=&#8220;400&#8243; image_size_height=&#8220;300&#8243;][tm_spacer size=&#8220;sm:30;lg:25&#8243;][\/vc_column][\/vc_row][vc_row full_width=&#8220;stretch_row_content_no_spaces&#8220;][vc_column max_width=&#8220;100%&#8220;][vc_separator][\/vc_column][\/vc_row][vc_row full_width=&#8220;stretch_row&#8220; lg_spacing=&#8220;padding_top:43;padding_bottom:43&#8243;][vc_column width=&#8220;1\/2&#8243;][tm_spacer size=&#8220;lg:70&#8243;][tm_image image_size=&#8220;custom&#8220; align=&#8220;center&#8220; image=&#8220;4868&#8243; image_size_width=&#8220;400&#8243; image_size_height=&#8220;300&#8243;][tm_spacer size=&#8220;sm:30;lg:25&#8243;][\/vc_column][vc_column width=&#8220;1\/2&#8243;][tm_spacer size=&#8220;lg:70&#8243;][tm_heading tag=&#8220;h4&#8243; custom_google_font=&#8220;&#8220; font_size=&#8220;xs:22;sm:22;md:22;lg:26&#8243; line_height=&#8220;1.4&#8243;]<mark>Internet<\/mark>[\/tm_heading][tm_spacer size=&#8220;sm:30;lg:25&#8243;][tm_heading tag=&#8220;p&#8220; custom_google_font=&#8220;&#8220; font_size=&#8220;lg:16&#8243; line_height=&#8220;1.67&#8243;]Wir leben im Zeitalter der Digitalisierung. In einer Zeit wo bereits Haushaltsger\u00e4te \u00fcber das Internet kommunizieren ist die Mehrheit der Bev\u00f6lkerung l\u00e4ngst im Internet unterwegs. In \u00d6sterreich und Deutschland haben bereits mehr als 90% der Haushalte einen Internetzugang. Mit SDK.Apps k\u00f6nnen Sie neben der Verwaltung Ihrer Kunden aufgrund der dynamischen Abrechnung auch alle erdenklichen Tarife abrechnen und Ihren Kunden ein Portal anbieten. Wir helfen Ihnen dabei die Welt zu digitalisieren.<br \/>\n<a href=\"https:\/\/www.sdk.at\/index.php\/industry-sectors\/weitere-branchen\/internet\/\"><mark>Mehr erfahren&#8230;<\/mark><\/a>[\/tm_heading][tm_spacer size=&#8220;sm:30;lg:25&#8243;][\/vc_column][\/vc_row][vc_row full_width=&#8220;stretch_row_content_no_spaces&#8220;][vc_column max_width=&#8220;100%&#8220;][vc_separator][\/vc_column][\/vc_row][vc_row full_width=&#8220;stretch_row&#8220; lg_spacing=&#8220;padding_top:43;padding_bottom:43&#8243;][vc_column width=&#8220;1\/2&#8243;][tm_spacer size=&#8220;lg:70&#8243;][tm_heading tag=&#8220;h4&#8243; custom_google_font=&#8220;&#8220; font_size=&#8220;xs:22;sm:22;md:22;lg:26&#8243; line_height=&#8220;1.4&#8243;]<mark>Kabel\/TV<\/mark>[\/tm_heading][tm_spacer size=&#8220;sm:30;lg:25&#8243;][tm_heading tag=&#8220;p&#8220; custom_google_font=&#8220;&#8220; font_size=&#8220;lg:16&#8243; line_height=&#8220;1.67&#8243;]Damit Ihre Kunden nach einem langen Tag vor dem TV abschalten k\u00f6nnen oder sich \u00fcber die aktuellen Geschehnisse in der Welt informieren k\u00f6nnen bieten Sie Kabel\/TV an. Wir helfen Ihnen dabei, beliebige Pakete\/Tarife anzubieten und diese zu verrechnen \u2013 mit allem was dazugeh\u00f6rt.<br \/>\n<a href=\"https:\/\/www.sdk.at\/index.php\/industry-sectors\/weitere-branchen\/kabel-tv\/\"><mark>Mehr erfahren&#8230;<\/mark><\/a>[\/tm_heading][tm_spacer size=&#8220;sm:30;lg:25&#8243;][\/vc_column][vc_column width=&#8220;1\/2&#8243;][tm_spacer size=&#8220;lg:70&#8243;][tm_image image_size=&#8220;custom&#8220; align=&#8220;center&#8220; image=&#8220;4879&#8243; image_size_width=&#8220;400&#8243; image_size_height=&#8220;300&#8243;][tm_spacer size=&#8220;sm:30;lg:25&#8243;][\/vc_column][\/vc_row][vc_row full_width=&#8220;stretch_row_content_no_spaces&#8220;][vc_column max_width=&#8220;100%&#8220;][tm_heading custom_google_font=&#8220;&#8220; align=&#8220;center&#8220; font_size=&#8220;sm:28;md:34;lg:40&#8243; line_height=&#8220;1.4&#8243;]&#8230;und noch vieles mehr![\/tm_heading][tm_spacer size=&#8220;lg:70&#8243;][\/vc_column][\/vc_row][vc_row full_width=&#8220;stretch_row_content_no_spaces&#8220;][vc_column max_width=&#8220;100%&#8220;][vc_separator][\/vc_column][\/vc_row][vc_row full_width=&#8220;stretch_row_content_no_spaces&#8220;][vc_column max_width=&#8220;100%&#8220;][vc_separator][\/vc_column][\/vc_row][vc_row full_width=&#8220;stretch_row&#8220; background_color=&#8220;custom&#8220; lg_spacing=&#8220;padding_top:64;padding_bottom:64&#8243; custom_background_color=&#8220;rgba(56,122,255,0.8)&#8220;][vc_column width=&#8220;1\/6&#8243; align=&#8220;center&#8220;][\/vc_column][vc_column width=&#8220;2\/3&#8243;][tm_heading style=&#8220;common&#8220; custom_google_font=&#8220;&#8220; align=&#8220;center&#8220; text_color=&#8220;custom&#8220; custom_text_color=&#8220;#ffffff&#8220;]Welches Gesch\u00e4ftsmodell m\u00f6chten Sie abdecken?[\/tm_heading][tm_spacer size=&#8220;lg:20&#8243;][tm_heading tag=&#8220;p&#8220; custom_google_font=&#8220;&#8220; align=&#8220;center&#8220; text_color=&#8220;custom&#8220; custom_text_color=&#8220;#ffffff&#8220; font_size=&#8220;lg:16&#8243; line_height=&#8220;1.67&#8243;]Wir sind gerne f\u00fcr Sie da und freuen uns auf Ihre Kontaktanfrage.[\/tm_heading][tm_spacer size=&#8220;sm:40;lg:30&#8243;][vc_row_inner][vc_column_inner][tm_button style=&#8220;solid&#8220; size=&#8220;lg&#8220; button=&#8220;url:https%3A%2F%2Fwww.sdk.at%2Findex.php%2Fkontakt%2F|title:Wir%20unterst%C3%BCtzen%20Sie%20gerne!&#8220; align=&#8220;center&#8220; color=&#8220;custom&#8220; font_color=&#8220;custom&#8220; button_border_color=&#8220;custom&#8220; button_bg_color_hover=&#8220;transparent&#8220; custom_border_color=&#8220;#ffffff&#8220; custom_font_color=&#8220;#ffffff&#8220; custom_button_border_color=&#8220;#ffffff&#8220; rounded=&#8220;50px&#8220;][\/vc_column_inner][\/vc_row_inner][\/vc_column][vc_column width=&#8220;1\/6&#8243;][\/vc_column][\/vc_row]<\/p>\n<\/section>","protected":false},"excerpt":{"rendered":"<p>Excerpt f\u00fcr diese Seite einstellen<\/p>\n","protected":false},"author":1,"featured_media":0,"parent":0,"menu_order":0,"comment_status":"closed","ping_status":"closed","template":"templates\/blank.php","meta":{"_eb_attr":"","footnotes":""},"class_list":["post-2806","page","type-page","status-publish","hentry","post-no-thumbnail"],"_links":{"self":[{"href":"https:\/\/www.sdk.at\/index.php\/wp-json\/wp\/v2\/pages\/2806","targetHints":{"allow":["GET"]}}],"collection":[{"href":"https:\/\/www.sdk.at\/index.php\/wp-json\/wp\/v2\/pages"}],"about":[{"href":"https:\/\/www.sdk.at\/index.php\/wp-json\/wp\/v2\/types\/page"}],"author":[{"embeddable":true,"href":"https:\/\/www.sdk.at\/index.php\/wp-json\/wp\/v2\/users\/1"}],"replies":[{"embeddable":true,"href":"https:\/\/www.sdk.at\/index.php\/wp-json\/wp\/v2\/comments?post=2806"}],"version-history":[{"count":37,"href":"https:\/\/www.sdk.at\/index.php\/wp-json\/wp\/v2\/pages\/2806\/revisions"}],"predecessor-version":[{"id":5050,"href":"https:\/\/www.sdk.at\/index.php\/wp-json\/wp\/v2\/pages\/2806\/revisions\/5050"}],"wp:attachment":[{"href":"https:\/\/www.sdk.at\/index.php\/wp-json\/wp\/v2\/media?parent=2806"}],"curies":[{"name":"wp","href":"https:\/\/api.w.org\/{rel}","templated":true}]}}